{"id":111414,"date":"2021-03-09T00:00:00","date_gmt":"2021-03-09T05:00:00","guid":{"rendered":"http:\/\/gpl-love.com\/es\/producto\/kable-multipurpose-woocommerce-theme\/"},"modified":"2026-03-13T17:23:04","modified_gmt":"2026-03-13T22:23:04","slug":"kable-multipurpose-woocommerce-theme","status":"publish","type":"product","link":"https:\/\/gpl-love.com\/es\/producto\/kable-multipurpose-woocommerce-theme\/","title":{"rendered":"Kable Multipurpose WooCommerce Theme 1.5.1"},"content":{"rendered":"<h3>Kable Multipurpose WooCommerce Theme Caracteristicas<\/h3>\n<p>El tema de WooCommerce multiprop\u00f3sito Kable es un tema extremadamente vers\u00e1til y notablemente poderoso que ha sido creado cuidadosa y espec\u00edficamente con el prop\u00f3sito exclusivo de atender las necesidades de las empresas en l\u00ednea. Con un dise\u00f1o impecablemente ordenado y exquisitamente moderno, este tema presenta una extensa variedad de caracter\u00edsticas que est\u00e1n garantizadas para ayudarlo a construir una tienda en l\u00ednea excepcional y \u00fanica que seguramente cautivar\u00e1 y cautivar\u00e1 a su p\u00fablico objetivo. Hecho en la cima de la plataforma WooCommerce inmensamente popular y ampliamente aclamada, Kable se integra sin esfuerzo y sin problemas con una amplia selecci\u00f3n de pasarelas de pago y m\u00e9todos de env\u00edo, asegurando una experiencia de usuario perfecta e ininterrumpida. El tema en s\u00ed es incre\u00edblemente maleable y puede personalizarse sin esfuerzo para satisfacer sus requisitos \u00fanicos, con una gran cantidad de p\u00e1ginas y plantillas predise\u00f1adas para que usted seleccione, as\u00ed como una variedad ecl\u00e9ctica de opciones de personalizaci\u00f3n para satisfacer sus preferencias y preferencias espec\u00edficas. solo. Adem\u00e1s, con sus tiempos de carga altamente receptivos y de carga de rayo, el tema de WooCommerce multiprop\u00f3sito Kable se encuentra de cabeza y hombros por encima de la competencia, lo que lo convierte en la opci\u00f3n por excelencia e inequ\u00edvoca para cualquier persona que busque embarcarse en un viaje minorista en l\u00ednea triunfante y pr\u00f3spero.<\/p>\n<ul>\n<li>Dise\u00f1o elegante y moderno que es perfecto para cualquier sitio web de comercio electr\u00f3nico<\/li>\n<li>Construido espec\u00edficamente para el popular complemento de WooCommerce<\/li>\n<li>Ofrece opciones de personalizaci\u00f3n ilimitada a trav\u00e9s del poderoso panel de opciones de temas<\/li>\n<li>F\u00e1cil de instalar y poner en funcionamiento en poco tiempo<\/li>\n<li>El dise\u00f1o totalmente receptivo y amigable para los dispositivos m\u00f3viles asegura que su sitio web se vea muy bien en cualquier dispositivo<\/li>\n<li>Viene con una variedad de plantillas de p\u00e1gina prebujadas y personalizables que incluyen p\u00e1gina de inicio, tienda, p\u00e1ginas de productos, p\u00e1gina de contacto y m\u00e1s<\/li>\n<li>Compatibilidad de varios idiomas para llegar a una audiencia global m\u00e1s amplia<\/li>\n<li>Optimizaci\u00f3n de SEO incorporada para ayudar a que su tienda en l\u00ednea se clasifique m\u00e1s alto en los resultados del motor de b\u00fasqueda<\/li>\n<li>Excelente apoyo de un equipo experimentado y conocedor<\/li>\n<li>Una secci\u00f3n de blog dedicada para compartir noticias, actualizaciones y promociones importantes.<\/li>\n<\/ul>\n","protected":false},"excerpt":{"rendered":"<p>El tema Kable MultipurSose WooCommerce, que es un tema de comercio electr\u00f3nico altamente adaptable y robusto que atiende a empresas de varias escalas, presenta una gran cantidad de opciones de dise\u00f1o y configuraciones de personalizaci\u00f3n para garantizar el distintivo de su marca. Con su dise\u00f1o contempor\u00e1neo y desenfrenado, este tema est\u00e1 equipado con un dise\u00f1o receptivo y se ha optimizado para los motores de b\u00fasqueda, lo que le permite establecer una experiencia de compra en l\u00ednea atractiva y cautivadora para sus estimados clientes. Independientemente de si est\u00e1 vendiendo bienes tangibles, descargas digitales o servicios, este tema proporciona funcionalidades avanzadas, como filtros de productos, opciones de tipograf\u00eda y soporte de varios idiomas, amplificando as\u00ed la funcionalidad y la experiencia del usuario de su sitio web.<\/p>\n","protected":false},"featured_media":166536,"comment_status":"open","ping_status":"open","template":"","meta":[],"product_brand":[2337],"product_cat":[1263,1264,1237],"product_tag":[1391],"class_list":{"0":"post-111414","1":"product","2":"type-product","3":"status-publish","4":"has-post-thumbnail","6":"product_brand-themeforest","7":"product_cat-comercio-electronico-temas","8":"product_cat-negocio","9":"product_cat-temas","10":"product_tag-themeforest","11":"member-discount","12":"discount-restricted","14":"first","15":"instock","16":"sale","17":"downloadable","18":"virtual","19":"sold-individually","20":"purchasable","21":"product-type-simple"},"_links":{"self":[{"href":"https:\/\/gpl-love.com\/es\/wp-json\/wp\/v2\/product\/111414","targetHints":{"allow":["GET"]}}],"collection":[{"href":"https:\/\/gpl-love.com\/es\/wp-json\/wp\/v2\/product"}],"about":[{"href":"https:\/\/gpl-love.com\/es\/wp-json\/wp\/v2\/types\/product"}],"replies":[{"embeddable":true,"href":"https:\/\/gpl-love.com\/es\/wp-json\/wp\/v2\/comments?post=111414"}],"wp:featuredmedia":[{"embeddable":true,"href":"https:\/\/gpl-love.com\/es\/wp-json\/wp\/v2\/media\/166536"}],"wp:attachment":[{"href":"https:\/\/gpl-love.com\/es\/wp-json\/wp\/v2\/media?parent=111414"}],"wp:term":[{"taxonomy":"product_brand","embeddable":true,"href":"https:\/\/gpl-love.com\/es\/wp-json\/wp\/v2\/product_brand?post=111414"},{"taxonomy":"product_cat","embeddable":true,"href":"https:\/\/gpl-love.com\/es\/wp-json\/wp\/v2\/product_cat?post=111414"},{"taxonomy":"product_tag","embeddable":true,"href":"https:\/\/gpl-love.com\/es\/wp-json\/wp\/v2\/product_tag?post=111414"}],"curies":[{"name":"wp","href":"https:\/\/api.w.org\/{rel}","templated":true}]}}