{"id":111412,"date":"2026-02-23T00:00:00","date_gmt":"2026-02-23T05:00:00","guid":{"rendered":"http:\/\/gpl-love.com\/es\/producto\/admin-menu-editor-pro-wordpress-plugin\/"},"modified":"2026-03-09T07:15:54","modified_gmt":"2026-03-09T12:15:54","slug":"admin-menu-editor-pro-wordpress-plugin","status":"publish","type":"product","link":"https:\/\/gpl-love.com\/es\/producto\/admin-menu-editor-pro-wordpress-plugin\/","title":{"rendered":"Admin Menu Editor Pro WordPress Plugin 2.32"},"content":{"rendered":"<h3>Admin Menu Editor Pro WordPress Plugin Caracteristicas<\/h3>\n<p>El complemento de WordPress del editor del men\u00fa administrativo es una herramienta inmensamente poderosa que ofrece una variedad de funcionalidades destinadas a adaptar el men\u00fa de administraci\u00f3n de WordPress para atender espec\u00edficamente a sus requisitos \u00fanicos. Este complemento excepcional le permite la capacidad de reorganizar, cambiar el nombre o incluso ocultar elementos del men\u00fa, lo que le otorga la oportunidad de crear una experiencia de usuario sin problemas y simplificada. Adem\u00e1s, la interfaz de arrastrar y soltar notablemente intuitiva le permite implementar sin esfuerzo los cambios deseados, al tiempo que le brinda la oportunidad de crear men\u00fas y sumanos personalizados. Adem\u00e1s de estas caracter\u00edsticas impresionantes, el editor de men\u00fa de administraci\u00f3n Pro tambi\u00e9n cuenta con la capacidad de asignar roles y permisos de los usuarios, lo que le permite ejercer autoridad absoluta sobre las personas que poseen acceso a ciertos elementos del men\u00fa. Ya sea que se encuentre supervisando un equipo sustancial o simplemente se esfuerza por optimizar su propio flujo de trabajo, este complemento indispensable constituye indudablemente un componente esencial para cualquier sitio web de WordPress.<\/p>\n<ul>\n<li>Proporciona una interfaz f\u00e1cil de usar para personalizar el men\u00fa de back-end de WordPress<\/li>\n<li>Le permite controlar qui\u00e9n ve qu\u00e9 elementos del men\u00fa se basa en su rol de usuario<\/li>\n<li>Admite la funcionalidad de arrastrar y soltar para reordenar f\u00e1cilmente elementos del men\u00fa<\/li>\n<li>Ofrece la capacidad de cambiar el nombre, ocultar o eliminar elementos de men\u00fa<\/li>\n<li>Se integra a la perfecci\u00f3n con otros complementos y temas de WordPress<\/li>\n<li>Ahorra tiempo eliminando la necesidad de codificaci\u00f3n<\/li>\n<li>Aumenta la seguridad del sitio web limitando el acceso a ciertos elementos del men\u00fa<\/li>\n<li>Proporciona documentaci\u00f3n detallada y excelente atenci\u00f3n al cliente<\/li>\n<\/ul>\n","protected":false},"excerpt":{"rendered":"<p>El complemento de WordPress del editor del men\u00fa administrativo es una herramienta robusta de WordPress que ha sido dise\u00f1ada para optimizar y personalizar su men\u00fa de administraci\u00f3n de WordPress. Este complemento esencial de WordPress le permite ocultar, reorganizar y cambiar el nombre de los elementos del men\u00fa de WordPress, lo que le permite personalizar su men\u00fa de administraci\u00f3n para satisfacer sus necesidades individuales.<\/p>\n<p>Al racionalizar su experiencia de WordPress, no solo mejora la accesibilidad de su sitio de WordPress, sino que tambi\u00e9n promueve un flujo de trabajo eficiente de WordPress. La interfaz intuitiva de WordPress del editor de men\u00fa de administraci\u00f3n Pro simplifica a\u00fan m\u00e1s el proceso, asegurando que pueda navegar f\u00e1cilmente a trav\u00e9s del men\u00fa y acceder a las caracter\u00edsticas que m\u00e1s necesita.<\/p>\n<p>Una de las caracter\u00edsticas destacadas del editor de men\u00fa de administraci\u00f3n es su capacidad para mejorar la productividad de WordPress. Al permitirle administrar f\u00e1cilmente los elementos de su men\u00fa, reduce el tiempo y el esfuerzo necesarios para navegar en su sitio, maximizando as\u00ed la eficacia de su WordPress.<\/p>\n<p>En esencia, el Men\u00fa Administrador Editor Pro es un complemento de WordPress muy robusto y esencial que deber\u00eda ser parte de cada juego de herramientas de usuario de WordPress. Ya sea que est\u00e9 buscando optimizar su flujo de trabajo, mejorar la accesibilidad del sitio<\/p>\n","protected":false},"featured_media":165273,"comment_status":"open","ping_status":"open","template":"","meta":[],"product_brand":[2347],"product_cat":[1212,1206,1211],"product_tag":[1764],"class_list":{"0":"post-111412","1":"product","2":"type-product","3":"status-publish","4":"has-post-thumbnail","6":"product_brand-admin-menu-editor-pro","7":"product_cat-administracion-wordpress-plugins","8":"product_cat-plugins","9":"product_cat-wordpress-plugins","10":"product_tag-admin-menu-editor-pro","11":"member-discount","12":"discount-restricted","14":"first","15":"instock","16":"sale","17":"downloadable","18":"virtual","19":"sold-individually","20":"purchasable","21":"product-type-simple"},"_links":{"self":[{"href":"https:\/\/gpl-love.com\/es\/wp-json\/wp\/v2\/product\/111412","targetHints":{"allow":["GET"]}}],"collection":[{"href":"https:\/\/gpl-love.com\/es\/wp-json\/wp\/v2\/product"}],"about":[{"href":"https:\/\/gpl-love.com\/es\/wp-json\/wp\/v2\/types\/product"}],"replies":[{"embeddable":true,"href":"https:\/\/gpl-love.com\/es\/wp-json\/wp\/v2\/comments?post=111412"}],"wp:featuredmedia":[{"embeddable":true,"href":"https:\/\/gpl-love.com\/es\/wp-json\/wp\/v2\/media\/165273"}],"wp:attachment":[{"href":"https:\/\/gpl-love.com\/es\/wp-json\/wp\/v2\/media?parent=111412"}],"wp:term":[{"taxonomy":"product_brand","embeddable":true,"href":"https:\/\/gpl-love.com\/es\/wp-json\/wp\/v2\/product_brand?post=111412"},{"taxonomy":"product_cat","embeddable":true,"href":"https:\/\/gpl-love.com\/es\/wp-json\/wp\/v2\/product_cat?post=111412"},{"taxonomy":"product_tag","embeddable":true,"href":"https:\/\/gpl-love.com\/es\/wp-json\/wp\/v2\/product_tag?post=111412"}],"curies":[{"name":"wp","href":"https:\/\/api.w.org\/{rel}","templated":true}]}}