{"id":111410,"date":"2023-01-12T00:00:00","date_gmt":"2023-01-12T05:00:00","guid":{"rendered":"http:\/\/gpl-love.com\/es\/producto\/thegov-municipal-and-government-wordpress-theme\/"},"modified":"2026-04-10T11:27:41","modified_gmt":"2026-04-10T16:27:41","slug":"thegov-municipal-and-government-wordpress-theme","status":"publish","type":"product","link":"https:\/\/gpl-love.com\/es\/producto\/thegov-municipal-and-government-wordpress-theme\/","title":{"rendered":"TheGov Municipal y Government WordPress Theme 2.0.3"},"content":{"rendered":"<h3>TheGov Municipal y Government WordPress Theme Caracteristicas<\/h3>\n<p>El tema de WordPress municipal y gubernamental de TheGov ofrece una resoluci\u00f3n excepcional para los sitios web municipales o gubernamentales, atendiendo sus necesidades espec\u00edficas. A trav\u00e9s de su dise\u00f1o inmaculado y sofisticado, establece un sentido de confiabilidad y confianza para los visitantes. Con una amplia gama de plantillas predise\u00f1adas y widgets personalizados, simplifica la tarea de mostrar los servicios e informaci\u00f3n de su ciudad o ciudad. Adem\u00e1s, posee una capacidad de respuesta completa y optimizaci\u00f3n de motores de b\u00fasqueda, garantizando una apariencia visualmente atractiva en cualquier dispositivo y una capacidad de descubrimiento sin esfuerzo en Internet. El tema de WordPress municipal y gubernamental delgov le permite construir un sitio web que no solo sea altamente funcional, sino tambi\u00e9n visualmente cautivador, lo que permite una comunicaci\u00f3n efectiva con sus constituyentes y fomentando una s\u00f3lida presencia en l\u00ednea para su comunidad.<\/p>\n<ul>\n<li>Dise\u00f1o receptivo y amigable para dispositivos m\u00f3viles para facilitar el acceso en todos los dispositivos<\/li>\n<li>Dise\u00f1o de la p\u00e1gina de inicio personalizable con funcionalidad de arrastrar y soltar<\/li>\n<li>Caracter\u00edsticas incorporadas para sitios web gubernamentales, como calendario de eventos, secci\u00f3n de noticias y p\u00e1ginas de departamento<\/li>\n<li>Compatible con complementos populares de WordPress, incluidos WooCommerce y el Formulario de contacto 7<\/li>\n<li>Personalizaci\u00f3n f\u00e1cil con el uso de opciones de color y fuente<\/li>\n<li>Integraci\u00f3n con plataformas de redes sociales para un mayor compromiso con los componentes<\/li>\n<li>Optimizaci\u00f3n de motores de b\u00fasqueda (SEO) optimizado para una mejor visibilidad del sitio web<\/li>\n<li>Actualizaciones y soporte regulares del desarrollador de temas<\/li>\n<li>Instalaci\u00f3n de demostraci\u00f3n de un solo clic para una f\u00e1cil configuraci\u00f3n y lanzamiento r\u00e1pido del sitio web<\/li>\n<li>Caracter\u00edsticas de accesibilidad para el cumplimiento de las pautas de ADA.<\/li>\n<\/ul>\n","protected":false},"excerpt":{"rendered":"<p>El tema de WordPress municipal y gubernamental delgov se destaca como una plataforma inmensamente poderosa y vers\u00e1til que ha sido cuidadosamente elaborada para satisfacer espec\u00edficamente las necesidades y requisitos \u00fanicos de los municipios, las agencias gubernamentales y las organizaciones c\u00edvicas. Su interfaz f\u00e1cil de usar se integra perfectamente con una variedad de caracter\u00edsticas robustas, lo que permite a los usuarios crear y personalizar sin esfuerzo su propio sitio web de grado profesional. Este tema de vanguardia sobresale en proporcionar funcionalidad avanzada que administra h\u00e1bilmente conjuntos de datos intrincados, rastrea el progreso y organiza meticulosamente el contenido. Independientemente de si su objetivo es optimizar sus esfuerzos de divulgaci\u00f3n, mejorar la comunicaci\u00f3n con sus valiosos componentes o elevar su presencia en l\u00ednea, TheGov se presenta como una soluci\u00f3n con todo incluido que abarca todo lo esencial para lograr estos objetivos. Por lo tanto, \u00bfpor qu\u00e9 retrasar m\u00e1s la satisfacci\u00f3n? \u00a1Tome la audaz decisi\u00f3n de abrazar a TheGov hoy y embarcarse en el viaje de la construcci\u00f3n del sitio web que siempre ha imaginado, una manifestaci\u00f3n de sus sue\u00f1os m\u00e1s salvajes!<\/p>\n","protected":false},"featured_media":167724,"comment_status":"open","ping_status":"open","template":"","meta":[],"product_brand":[2337],"product_cat":[1267,1237,1238],"product_tag":[1391],"class_list":{"0":"post-111410","1":"product","2":"type-product","3":"status-publish","4":"has-post-thumbnail","6":"product_brand-themeforest","7":"product_cat-creativo","8":"product_cat-temas","9":"product_cat-wordpress-temas","10":"product_tag-themeforest","11":"member-discount","12":"discount-restricted","14":"first","15":"instock","16":"sale","17":"downloadable","18":"virtual","19":"sold-individually","20":"purchasable","21":"product-type-simple"},"_links":{"self":[{"href":"https:\/\/gpl-love.com\/es\/wp-json\/wp\/v2\/product\/111410","targetHints":{"allow":["GET"]}}],"collection":[{"href":"https:\/\/gpl-love.com\/es\/wp-json\/wp\/v2\/product"}],"about":[{"href":"https:\/\/gpl-love.com\/es\/wp-json\/wp\/v2\/types\/product"}],"replies":[{"embeddable":true,"href":"https:\/\/gpl-love.com\/es\/wp-json\/wp\/v2\/comments?post=111410"}],"wp:featuredmedia":[{"embeddable":true,"href":"https:\/\/gpl-love.com\/es\/wp-json\/wp\/v2\/media\/167724"}],"wp:attachment":[{"href":"https:\/\/gpl-love.com\/es\/wp-json\/wp\/v2\/media?parent=111410"}],"wp:term":[{"taxonomy":"product_brand","embeddable":true,"href":"https:\/\/gpl-love.com\/es\/wp-json\/wp\/v2\/product_brand?post=111410"},{"taxonomy":"product_cat","embeddable":true,"href":"https:\/\/gpl-love.com\/es\/wp-json\/wp\/v2\/product_cat?post=111410"},{"taxonomy":"product_tag","embeddable":true,"href":"https:\/\/gpl-love.com\/es\/wp-json\/wp\/v2\/product_tag?post=111410"}],"curies":[{"name":"wp","href":"https:\/\/api.w.org\/{rel}","templated":true}]}}