{"id":111408,"date":"2022-04-03T00:00:00","date_gmt":"2022-04-03T05:00:00","guid":{"rendered":"http:\/\/gpl-love.com\/es\/producto\/medizin-medical-elementor-woocommerce-theme\/"},"modified":"2026-03-13T17:24:26","modified_gmt":"2026-03-13T22:24:26","slug":"medizin-medical-elementor-woocommerce-theme","status":"publish","type":"product","link":"https:\/\/gpl-love.com\/es\/producto\/medizin-medical-elementor-woocommerce-theme\/","title":{"rendered":"Medizin Medical Elementor WooCommerce Theme 1.4.0"},"content":{"rendered":"<h3>Medizin Medical Elementor WooCommerce Theme Caracteristicas<\/h3>\n<p>El tema de Medizin Medical Elementor WooCommerce, una herramienta incre\u00edblemente integral y poderosa, ha sido dise\u00f1ada espec\u00edficamente para satisfacer los requisitos de las empresas de salud y los profesionales m\u00e9dicos que buscan un medio eficiente y profesional para establecer su presencia en l\u00ednea. Con una gran cantidad de caracter\u00edsticas, este tema es experto en satisfacer las necesidades de m\u00e9dicos, cl\u00ednicas y hospitales por igual. Gracias a la inclusi\u00f3n del constructor de p\u00e1ginas de Elementer f\u00e1cil de usar, la personalizaci\u00f3n de su sitio web es muy f\u00e1cil, incluso si no posee conocimientos de codificaci\u00f3n. Al integrarse sin problemas con WooCommerce, este tema le proporciona los medios para vender sus productos y servicios sin esfuerzo a trav\u00e9s de su sitio web. Adem\u00e1s, el dise\u00f1o totalmente receptivo del tema asegura que su sitio web brillar\u00e1 en cualquier dispositivo. Armado con el tema Medizin Medical Elementor WooCommerce, puede crear con confianza un sitio web que exude profesionalismo y est\u00e9 optimizado para la facilidad de uso, que se distingue efectivamente de la competencia dentro de la industria de la salud ferozmente competitiva.<\/p>\n<ul>\n<li>Dise\u00f1o moderno y elegante dise\u00f1ado espec\u00edficamente para sitios web relacionados con la m\u00e9dica<\/li>\n<li>Compatible con el popular Elementor Page Builder para una f\u00e1cil personalizaci\u00f3n<\/li>\n<li>Construida en la plataforma de WooCommerce confiable para la funcionalidad de comercio electr\u00f3nico sin problemas<\/li>\n<li>Dise\u00f1o totalmente receptivo y amigable para m\u00f3viles para una experiencia de usuario \u00f3ptima en todos los dispositivos<\/li>\n<li>Incluye plantillas preconstruidas para varias especialidades y servicios m\u00e9dicos<\/li>\n<li>Documentaci\u00f3n integral y equipo de apoyo dedicado para asistencia y soluci\u00f3n de problemas<\/li>\n<li>Integraci\u00f3n con complementos populares de programaci\u00f3n de citas y gesti\u00f3n de pacientes<\/li>\n<li>SEO optimizado para una mayor visibilidad en los motores de b\u00fasqueda<\/li>\n<li>Carga confiable y r\u00e1pida para un mejor rendimiento del sitio web<\/li>\n<li>Opci\u00f3n para la traducci\u00f3n multiling\u00fce para llegar a un p\u00fablico m\u00e1s amplio.<\/li>\n<\/ul>\n","protected":false},"excerpt":{"rendered":"<p>El tema Medizin Medical Elementor WooCommerce es una plataforma de comercio electr\u00f3nico altamente robusta y multifac\u00e9tica especialmente curada para m\u00e9dicos y organizaciones de atenci\u00f3n m\u00e9dica. Con un dise\u00f1o elegante y contempor\u00e1neo, este tema ofrece una interfaz intuitiva que faculta a los usuarios establecer y adaptar sin esfuerzo sus tiendas en l\u00ednea, independientemente de su experiencia en codificaci\u00f3n o falta de ella. Ya sea que su enfoque se centre en la venta de suministros m\u00e9dicos, equipos de salud o productos farmac\u00e9uticos, el tema Medizin Medical Elementor WooCommerce presenta una soluci\u00f3n ideal para mostrar efectivamente su marca y aumentar su presencia digital. Armado con funcionalidades avanzadas como el dise\u00f1o receptivo, el soporte del lenguaje extenso y las capacidades de personalizaci\u00f3n perfecta, este tema impulsa su empresa m\u00e9dica a la vanguardia de la innovaci\u00f3n y garantiza una ventaja competitiva sobre los rivales. Eleve la apariencia y el aura de su sitio web a uno que exude profesionalismo, inculcando confianza y confianza en su estimada audiencia, cortes\u00eda del tema de Medizin Medical Elementor WooCommerce.<\/p>\n","protected":false},"featured_media":166733,"comment_status":"open","ping_status":"open","template":"","meta":[],"product_brand":[2337],"product_cat":[1263,1264,1237],"product_tag":[1391],"class_list":{"0":"post-111408","1":"product","2":"type-product","3":"status-publish","4":"has-post-thumbnail","6":"product_brand-themeforest","7":"product_cat-comercio-electronico-temas","8":"product_cat-negocio","9":"product_cat-temas","10":"product_tag-themeforest","11":"member-discount","12":"discount-restricted","14":"first","15":"instock","16":"sale","17":"downloadable","18":"virtual","19":"sold-individually","20":"purchasable","21":"product-type-simple"},"_links":{"self":[{"href":"https:\/\/gpl-love.com\/es\/wp-json\/wp\/v2\/product\/111408","targetHints":{"allow":["GET"]}}],"collection":[{"href":"https:\/\/gpl-love.com\/es\/wp-json\/wp\/v2\/product"}],"about":[{"href":"https:\/\/gpl-love.com\/es\/wp-json\/wp\/v2\/types\/product"}],"replies":[{"embeddable":true,"href":"https:\/\/gpl-love.com\/es\/wp-json\/wp\/v2\/comments?post=111408"}],"wp:featuredmedia":[{"embeddable":true,"href":"https:\/\/gpl-love.com\/es\/wp-json\/wp\/v2\/media\/166733"}],"wp:attachment":[{"href":"https:\/\/gpl-love.com\/es\/wp-json\/wp\/v2\/media?parent=111408"}],"wp:term":[{"taxonomy":"product_brand","embeddable":true,"href":"https:\/\/gpl-love.com\/es\/wp-json\/wp\/v2\/product_brand?post=111408"},{"taxonomy":"product_cat","embeddable":true,"href":"https:\/\/gpl-love.com\/es\/wp-json\/wp\/v2\/product_cat?post=111408"},{"taxonomy":"product_tag","embeddable":true,"href":"https:\/\/gpl-love.com\/es\/wp-json\/wp\/v2\/product_tag?post=111408"}],"curies":[{"name":"wp","href":"https:\/\/api.w.org\/{rel}","templated":true}]}}