{"id":111406,"date":"2025-12-25T00:00:00","date_gmt":"2025-12-25T05:00:00","guid":{"rendered":"http:\/\/gpl-love.com\/es\/producto\/wp-ulike-pro-wordpress-leading-marketing-plugin\/"},"modified":"2026-03-09T08:30:16","modified_gmt":"2026-03-09T13:30:16","slug":"wp-ulike-pro-wordpress-leading-marketing-plugin","status":"publish","type":"product","link":"https:\/\/gpl-love.com\/es\/producto\/wp-ulike-pro-wordpress-leading-marketing-plugin\/","title":{"rendered":"WP ULike Pro WordPress Leading Marketing Plugin 2.0.0"},"content":{"rendered":"<h3>WP ULike Pro WordPress Leading Marketing Plugin Caracteristicas<\/h3>\n<p>WP Ulike Pro, un complemento de marketing de WordPress de vanguardia, ofrece una variedad inigualable de caracter\u00edsticas dise\u00f1adas para fomentar interacciones significativas entre usted y su audiencia. Al incorporar un sistema de gusto, compartir y calificar de \u00faltima generaci\u00f3n en su sitio web, este complemento le permite cautivar a sus visitantes de manera efectiva. Adem\u00e1s, las opciones de personalizaci\u00f3n integrales de WP Ulike Pro permiten a dise\u00f1ar una experiencia de usuario individualizada que eleva la visibilidad de su sitio web a alturas sin precedentes. En particular, este complemento preeminente cuenta con una interfaz notablemente f\u00e1cil de usar y un dise\u00f1o intuitivamente dise\u00f1ado, lo que lo hace accesible para las personas de todas las aptitudes t\u00e9cnicas, incluso aquellos que carecen de experiencia previa. A trav\u00e9s de la utilizaci\u00f3n de WP Ulike Pro, puede evaluar meticulosamente las m\u00e9tricas de rendimiento de su sitio web, rastrear meticulosamente la actividad del usuario y monitorear sin problemas el nivel de participaci\u00f3n en tiempo real. Armado con esta informaci\u00f3n invaluable, puede tomar con confianza decisiones basadas en datos para optimizar su presencia en l\u00ednea. En esencia, WP Ulike Pro sirve como la soluci\u00f3n por excelencia tanto para aspirantes a empresarios como para marcas establecidas por igual, ofreciendo los medios para expandir su alcance, generar un aumento en el tr\u00e1fico y fortalecer su huella digital.<\/p>\n<ul>\n<li>Aumentar la participaci\u00f3n del usuario en su sitio de WordPress con WP Ulike Pro<\/li>\n<li>Obtenga an\u00e1lisis exhaustivos que muestren qu\u00e9 p\u00e1ginas y publicaciones obtienen m\u00e1s gustos, vistas, comentarios y acciones<\/li>\n<li>Las plantillas y estilos personalizables le permiten dise\u00f1ar los botones perfectos y compartir para su sitio<\/li>\n<li>El almacenamiento en cach\u00e9 avanzado y la optimizaci\u00f3n del rendimiento aseguran un rendimiento suave y r\u00e1pido, incluso a medida que su sitio crece<\/li>\n<li>Integrar f\u00e1cilmente con plataformas de redes sociales populares como Facebook, Twitter y Pinterest para aumentar su alcance y compromiso<\/li>\n<li>La protecci\u00f3n contra el spam evita que Bot y los me gusta falsos de distorsionar su an\u00e1lisis o regar sus m\u00e9tricas de compromiso<\/li>\n<li>Se integra a la perfecci\u00f3n con otros complementos populares de WordPress para caracter\u00edsticas de marketing y compromiso a\u00fan m\u00e1s potentes.<\/li>\n<li>Las opciones robustas de c\u00f3digo corto y widget le permiten colocar y compartir botones en cualquier lugar de su sitio para obtener la m\u00e1xima exposici\u00f3n y compromiso<\/li>\n<li>Compatible con una amplia gama de temas y configuraciones de WordPress, lo que hace que sea simple agregar WP Ulike Pro a su sitio existente.<\/li>\n<\/ul>\n","protected":false},"excerpt":{"rendered":"<p>El complemento WP Ulike Pro es una herramienta de marketing excepcional dise\u00f1ada espec\u00edficamente para WordPress. Su objetivo principal es mejorar la participaci\u00f3n del usuario y aumentar las conversiones para los propietarios de sitios web. Esto se logra otorgando a los usuarios la capacidad de expresar su preferencia o desd\u00e9n por publicaciones, comentarios y varias otras formas de contenido. Adem\u00e1s, WP Ulike Pro ofrece una multitud de opciones de personalizaci\u00f3n, asegurando que se integre y se alinee sin problemas con la marca y el estilo \u00fanicos de cualquier sitio web. Adem\u00e1s de estas caracter\u00edsticas, este complemento tambi\u00e9n cuenta con integraci\u00f3n de redes sociales, an\u00e1lisis de tablero e interfaces f\u00e1ciles de usar tanto para administradores como para usuarios. En consecuencia, independientemente de si opera una tienda de comercio electr\u00f3nico o un blog, no se puede exagerar la indispensabilidad de WP Ulike Pro como herramienta para elevar su presencia en l\u00ednea.<\/p>\n","protected":false},"featured_media":168467,"comment_status":"open","ping_status":"open","template":"","meta":[],"product_brand":[2642],"product_cat":[1232,1206,1211],"product_tag":[1762],"class_list":{"0":"post-111406","1":"product","2":"type-product","3":"status-publish","4":"has-post-thumbnail","6":"product_brand-technowich","7":"product_cat-marketing-wordpress-plugins","8":"product_cat-plugins","9":"product_cat-wordpress-plugins","10":"product_tag-technowich","11":"member-discount","12":"discount-restricted","14":"first","15":"instock","16":"sale","17":"downloadable","18":"virtual","19":"sold-individually","20":"purchasable","21":"product-type-simple"},"_links":{"self":[{"href":"https:\/\/gpl-love.com\/es\/wp-json\/wp\/v2\/product\/111406","targetHints":{"allow":["GET"]}}],"collection":[{"href":"https:\/\/gpl-love.com\/es\/wp-json\/wp\/v2\/product"}],"about":[{"href":"https:\/\/gpl-love.com\/es\/wp-json\/wp\/v2\/types\/product"}],"replies":[{"embeddable":true,"href":"https:\/\/gpl-love.com\/es\/wp-json\/wp\/v2\/comments?post=111406"}],"wp:featuredmedia":[{"embeddable":true,"href":"https:\/\/gpl-love.com\/es\/wp-json\/wp\/v2\/media\/168467"}],"wp:attachment":[{"href":"https:\/\/gpl-love.com\/es\/wp-json\/wp\/v2\/media?parent=111406"}],"wp:term":[{"taxonomy":"product_brand","embeddable":true,"href":"https:\/\/gpl-love.com\/es\/wp-json\/wp\/v2\/product_brand?post=111406"},{"taxonomy":"product_cat","embeddable":true,"href":"https:\/\/gpl-love.com\/es\/wp-json\/wp\/v2\/product_cat?post=111406"},{"taxonomy":"product_tag","embeddable":true,"href":"https:\/\/gpl-love.com\/es\/wp-json\/wp\/v2\/product_tag?post=111406"}],"curies":[{"name":"wp","href":"https:\/\/api.w.org\/{rel}","templated":true}]}}