{"id":111404,"date":"2024-07-05T00:00:00","date_gmt":"2024-07-05T05:00:00","guid":{"rendered":"http:\/\/gpl-love.com\/es\/producto\/ultra-wordpress-admin-theme-wordpress-plugin\/"},"modified":"2026-04-10T11:29:34","modified_gmt":"2026-04-10T16:29:34","slug":"ultra-wordpress-admin-theme-wordpress-plugin","status":"publish","type":"product","link":"https:\/\/gpl-love.com\/es\/producto\/ultra-wordpress-admin-theme-wordpress-plugin\/","title":{"rendered":"Ultra WordPress Admin Tema WordPress Plugin 11.7"},"content":{"rendered":"<h3>Ultra WordPress Admin Tema WordPress Plugin Caracteristicas<\/h3>\n<p>El complemento de WordPress de WordPress de Ultra WordPress, con su gran parte de opciones personalizables, sirve como un instrumento robusto destinado a elevar la interfaz de usuario y la experiencia del usuario de las p\u00e1ginas de administraci\u00f3n de WordPress. Al aprovechar su poder, los usuarios pueden dise\u00f1ar sin esfuerzo una apariencia distintiva y pulida para su tablero de WordPress. Adoptar un dise\u00f1o elegante y un dise\u00f1o contempor\u00e1neo, el complemento de tema de administraci\u00f3n Ultra WordPress transforma sin problemas las p\u00e1ginas de administraci\u00f3n mundanas en una interfaz extremadamente intuitiva y f\u00e1cil de usar. Adem\u00e1s, este complemento cuenta con una variedad de caracter\u00edsticas ventajosas, incluida la provisi\u00f3n de p\u00e1ginas de inicio de sesi\u00f3n a medida, la implementaci\u00f3n de \u00edconos de men\u00fa personalizados y la capacidad de alinear esquemas de color con la marca. En consecuencia, este complemento emerge como la soluci\u00f3n por excelencia para desarrolladores web y usuarios de WordPress que buscan aumentar la funcionalidad de su tablero de WordPress.<\/p>\n<ul>\n<li>Tema de administrador de WordPress totalmente personalizable<\/li>\n<li>Dise\u00f1o elegante y moderno con esquemas de color personalizables<\/li>\n<li>Sistema de navegaci\u00f3n y men\u00fa simplificado para tareas de administraci\u00f3n f\u00e1ciles<\/li>\n<li>Funcionalidad de b\u00fasqueda avanzada para un acceso r\u00e1pido al contenido y la configuraci\u00f3n<\/li>\n<li>Widgets de tablero personalizables para Insights and Analytics At-A-Glance<\/li>\n<li>Constructor de p\u00e1gina integrado para una f\u00e1cil personalizaci\u00f3n del administrador de WordPress<\/li>\n<li>Dise\u00f1o de respuesta m\u00f3vil para facilitar el acceso en cualquier dispositivo<\/li>\n<li>Compatibilidad completa con complementos y temas populares de WordPress<\/li>\n<li>Instalaci\u00f3n y configuraci\u00f3n de un solo clic para una f\u00e1cil implementaci\u00f3n<\/li>\n<li>Actualizaciones regulares y nuevas caracter\u00edsticas para la mejora y mejora continuas.<\/li>\n<\/ul>\n","protected":false},"excerpt":{"rendered":"<p>El complemento de WordPress de WordPress de Ultra WordPress es una herramienta notablemente potente y rica en caracter\u00edsticas que ha sido dise\u00f1ada espec\u00edficamente para mejorar y elevar su panel de administraci\u00f3n de WordPress a nuevas alturas de atractivo est\u00e9tico. Con su interfaz impecablemente elegante y visualmente agradable junto con sus caracter\u00edsticas incre\u00edblemente f\u00e1ciles de usar, este complemento le ofrece la oportunidad \u00fanica de adaptar y personalizar sin esfuerzo su tablero de WordPress para alinearse perfectamente con sus preferencias y requisitos espec\u00edficos. Este complemento extraordinario no solo viene equipado con una selecci\u00f3n vasta y variada de pieles preconstruidas, sino que tambi\u00e9n cuenta con un selector de color incre\u00edblemente potente, lo que le permite infundir su tablero sin esfuerzo y sin problemas con su marca distintiva. Adem\u00e1s, este complemento excepcional tambi\u00e9n ofrece un nivel incomparable de personalizaci\u00f3n avanzada, otorg\u00e1ndole el poder de incorporar su propio CSS y JavaScript personalizados, adem\u00e1s de proporcionarle una interfaz de usuario de arrastre y drogado altamente intuitiva, lo que le brinda la libertad para la libertad de Reorganizar y reorganizar sin esfuerzo sus elementos de men\u00fa con la m\u00e1xima facilidad y eficiencia. Si te encuentras anhelando una transformaci\u00f3n exquisita y moderna para tu tablero de WordPress, uno que no solo mejora su apariencia externa, sino que tambi\u00e9n aumenta significativamente su funcionalidad y usabilidad general, entonces el complemento de WordPress de WordPress Ultra WordPress es una adici\u00f3n esencial absoluta a su kit de herramientas .<\/p>\n","protected":false},"featured_media":167890,"comment_status":"open","ping_status":"open","template":"","meta":[],"product_brand":[2337],"product_cat":[1267,1237,1238],"product_tag":[1391],"class_list":{"0":"post-111404","1":"product","2":"type-product","3":"status-publish","4":"has-post-thumbnail","6":"product_brand-themeforest","7":"product_cat-creativo","8":"product_cat-temas","9":"product_cat-wordpress-temas","10":"product_tag-themeforest","11":"member-discount","12":"discount-restricted","14":"first","15":"instock","16":"sale","17":"downloadable","18":"virtual","19":"sold-individually","20":"purchasable","21":"product-type-simple"},"_links":{"self":[{"href":"https:\/\/gpl-love.com\/es\/wp-json\/wp\/v2\/product\/111404","targetHints":{"allow":["GET"]}}],"collection":[{"href":"https:\/\/gpl-love.com\/es\/wp-json\/wp\/v2\/product"}],"about":[{"href":"https:\/\/gpl-love.com\/es\/wp-json\/wp\/v2\/types\/product"}],"replies":[{"embeddable":true,"href":"https:\/\/gpl-love.com\/es\/wp-json\/wp\/v2\/comments?post=111404"}],"wp:featuredmedia":[{"embeddable":true,"href":"https:\/\/gpl-love.com\/es\/wp-json\/wp\/v2\/media\/167890"}],"wp:attachment":[{"href":"https:\/\/gpl-love.com\/es\/wp-json\/wp\/v2\/media?parent=111404"}],"wp:term":[{"taxonomy":"product_brand","embeddable":true,"href":"https:\/\/gpl-love.com\/es\/wp-json\/wp\/v2\/product_brand?post=111404"},{"taxonomy":"product_cat","embeddable":true,"href":"https:\/\/gpl-love.com\/es\/wp-json\/wp\/v2\/product_cat?post=111404"},{"taxonomy":"product_tag","embeddable":true,"href":"https:\/\/gpl-love.com\/es\/wp-json\/wp\/v2\/product_tag?post=111404"}],"curies":[{"name":"wp","href":"https:\/\/api.w.org\/{rel}","templated":true}]}}