{"id":111400,"date":"2021-03-09T00:00:00","date_gmt":"2021-03-09T05:00:00","guid":{"rendered":"http:\/\/gpl-love.com\/es\/producto\/auros-furniture-elementor-woocommerce-theme\/"},"modified":"2026-03-13T17:16:02","modified_gmt":"2026-03-13T22:16:02","slug":"auros-furniture-elementor-woocommerce-theme","status":"publish","type":"product","link":"https:\/\/gpl-love.com\/es\/producto\/auros-furniture-elementor-woocommerce-theme\/","title":{"rendered":"Auros Furniture Elementor WooCommerce Theme 1.9.0"},"content":{"rendered":"<h3>Auros Furniture Elementor WooCommerce Theme Caracteristicas<\/h3>\n<p>El tema de Auros Furniture Elementor WooCommerce, un producto de calidad superior, ha sido meticulosamente elaborado para atender espec\u00edficamente a los requisitos de las tiendas en l\u00ednea de muebles. Este tema altamente vers\u00e1til se integra perfectamente con WooCommerce, simplificando as\u00ed el proceso para que los propietarios de tiendas en l\u00ednea administren efectivamente su amplia gama de productos, inventario y ventas. Distinguido por su utilizaci\u00f3n de Elementor, un constructor de p\u00e1ginas reconocido y ampliamente aclamado, el tema de Auros Furniture facilita a los usuarios a p\u00e1ginas de productos personalizadas sin esfuerzo, p\u00e1ginas de inicio y p\u00e1ginas de destino. Para garantizar una experiencia \u00f3ptima del usuario, este tema hace alarde de un dise\u00f1o receptivo, que garantiza que su sitio web exude un atractivo visualmente atractivo en todos los dispositivos. Adem\u00e1s, Auros Furniture abarca una amplia variedad de plantillas predeterminadas, lo que le permite dar vida r\u00e1pidamente a un sitio web visualmente cautivador y altamente funcional que indudablemente dejar\u00e1 una impresi\u00f3n duradera. Con el tema de los muebles de Auros a su disposici\u00f3n, puede exhibir sin esfuerzo su diversa gama de productos de muebles de una manera que capta sin esfuerzo y atrae efectivamente a m\u00e1s clientes a patrocinar su estimada tienda en l\u00ednea.<\/p>\n<ul>\n<li>Auros Furniture es un tema moderno y elegante de WooCommerce Elementor dise\u00f1ado para tiendas de muebles y negocios en l\u00ednea.<\/li>\n<li>El tema es totalmente personalizable y presenta una interfaz f\u00e1cil de usar, lo que facilita a cualquier persona crear un sitio web de aspecto profesional.<\/li>\n<li>Auros Furniture es compatible con el popular creador de p\u00e1ginas Elementor, lo que le permite crear impresionantes dise\u00f1os de p\u00e1gina sin ning\u00fan conocimiento de codificaci\u00f3n.<\/li>\n<li>El tema incluye una variedad de plantillas de p\u00e1gina preconstruidas, que incluyen dise\u00f1os de la p\u00e1gina de inicio, dise\u00f1os de tiendas y p\u00e1ginas de productos, para ayudarlo a comenzar r\u00e1pidamente.<\/li>\n<li>Auros Furniture tambi\u00e9n est\u00e1 optimizado para SEO, asegurando que su sitio web se ubique bien en los resultados de los motores de b\u00fasqueda y atraiga m\u00e1s tr\u00e1fico a su sitio.<\/li>\n<li>El tema se basa en las \u00faltimas tecnolog\u00edas web, lo que lo hace r\u00e1pido, receptivo y compatible con todos los navegadores y dispositivos modernos.<\/li>\n<li>Auros Furniture viene con una variedad de caracter\u00edsticas y complementos, incluido el complemento WooCommerce para la funcionalidad de comercio electr\u00f3nico, el control deslizante de Revolution para impresionantes presentaciones animadas y el formulario de contacto 7 para una f\u00e1cil creaci\u00f3n de formularios.<\/li>\n<li>El tema est\u00e1 listo para la traducci\u00f3n y admite m\u00faltiples idiomas, lo que lo hace ideal para empresas que operan en m\u00faltiples pa\u00edses.<\/li>\n<li>Auros Furniture ofrece documentaci\u00f3n integral y soporte dedicado para ayudarlo a aprovechar al m\u00e1ximo su sitio web.<\/li>\n<\/ul>\n","protected":false},"excerpt":{"rendered":"<p>Experimente la modernidad y la elegancia con el tema de WooCommerce de Mobiliario Auros. Este tema ofrece un dise\u00f1o elegante e interfaz f\u00e1cil de usar ideal para su tienda de muebles en l\u00ednea. Aumente sus ventas con nuestro tema optimizado para el motor de b\u00fasqueda y de b\u00fasqueda, asegurando que sus productos brillen en cualquier dispositivo y sean f\u00e1cilmente descubiertos. AUROS presenta una integraci\u00f3n de WooCommerce, lo que le permite vender productos sin esfuerzo directamente en su sitio. No solo esto, con Elementor Page Builder, personalizar su sitio web se convierte en una tarea divertida y creativa. Puede cambiar f\u00e1cilmente el dise\u00f1o, los colores y el contenido para adaptarse a su marca, sin ning\u00fan conocimiento de codificaci\u00f3n. El tema tambi\u00e9n incluye una variedad de plantillas predise\u00f1adas, ahorr\u00e1ndole tiempo y esfuerzo en el dise\u00f1o. Disfrute de la facilidad de instalaci\u00f3n con un solo clic y atenci\u00f3n al cliente integral. Transforme su tienda en l\u00ednea con el tema de Auros Furniture Elementor WooCommerce.<\/p>\n","protected":false},"featured_media":165407,"comment_status":"open","ping_status":"open","template":"","meta":[],"product_brand":[2337],"product_cat":[1263,1264,1237],"product_tag":[1391],"class_list":{"0":"post-111400","1":"product","2":"type-product","3":"status-publish","4":"has-post-thumbnail","6":"product_brand-themeforest","7":"product_cat-comercio-electronico-temas","8":"product_cat-negocio","9":"product_cat-temas","10":"product_tag-themeforest","11":"member-discount","12":"discount-restricted","14":"first","15":"instock","16":"sale","17":"downloadable","18":"virtual","19":"sold-individually","20":"purchasable","21":"product-type-simple"},"_links":{"self":[{"href":"https:\/\/gpl-love.com\/es\/wp-json\/wp\/v2\/product\/111400","targetHints":{"allow":["GET"]}}],"collection":[{"href":"https:\/\/gpl-love.com\/es\/wp-json\/wp\/v2\/product"}],"about":[{"href":"https:\/\/gpl-love.com\/es\/wp-json\/wp\/v2\/types\/product"}],"replies":[{"embeddable":true,"href":"https:\/\/gpl-love.com\/es\/wp-json\/wp\/v2\/comments?post=111400"}],"wp:featuredmedia":[{"embeddable":true,"href":"https:\/\/gpl-love.com\/es\/wp-json\/wp\/v2\/media\/165407"}],"wp:attachment":[{"href":"https:\/\/gpl-love.com\/es\/wp-json\/wp\/v2\/media?parent=111400"}],"wp:term":[{"taxonomy":"product_brand","embeddable":true,"href":"https:\/\/gpl-love.com\/es\/wp-json\/wp\/v2\/product_brand?post=111400"},{"taxonomy":"product_cat","embeddable":true,"href":"https:\/\/gpl-love.com\/es\/wp-json\/wp\/v2\/product_cat?post=111400"},{"taxonomy":"product_tag","embeddable":true,"href":"https:\/\/gpl-love.com\/es\/wp-json\/wp\/v2\/product_tag?post=111400"}],"curies":[{"name":"wp","href":"https:\/\/api.w.org\/{rel}","templated":true}]}}