{"id":111398,"date":"2024-02-12T00:00:00","date_gmt":"2024-02-12T05:00:00","guid":{"rendered":"http:\/\/gpl-love.com\/es\/producto\/legacy-white-label-wordpress-admin-theme\/"},"modified":"2026-03-13T17:23:30","modified_gmt":"2026-03-13T22:23:30","slug":"legacy-white-label-wordpress-admin-theme","status":"publish","type":"product","link":"https:\/\/gpl-love.com\/es\/producto\/legacy-white-label-wordpress-admin-theme\/","title":{"rendered":"Legacy White label WordPress Admin Theme 9.6"},"content":{"rendered":"<h3>Legacy White label WordPress Admin Theme Caracteristicas<\/h3>\n<p>El tema administrador de WordPress de Legacy White Label, que posee una variedad de atributos, es un tema administrador de WordPress altamente adaptable y f\u00e1cil de usar, con un dise\u00f1o est\u00e9ticamente agradable y contempor\u00e1neo. Este tema est\u00e1 ingeniosamente elaborado para simplificar el proceso de adaptar el panel de WordPress y el panel de administraci\u00f3n para alinearse sin problemas con la identidad de la marca, lo que hace una opci\u00f3n ideal para los propietarios de sitios web y desarrolladores por igual. Ofreciendo una gran cantidad de opciones de personalizaci\u00f3n, que abarca la capacidad de incorporar el logotipo de uno propio, modificar el esquema de color y alterar el dise\u00f1o, el tema administrador de WordPress White Label White Legacy es perfectamente adecuado para empresas y personas que desean establecer una presencia profesional y armoniosa en l\u00ednea . En particular, este tema est\u00e1 meticulosamente optimizado para garantizar una velocidad y un rendimiento \u00f3ptimos, lo que garantiza el funcionamiento perfecto y eficiente de su sitio web. En esencia, el tema de administrador de WordPress Legacy White Label es una selecci\u00f3n incomparable para aquellos que buscan elevar su experiencia de administrador de WordPress y cultivar una est\u00e9tica refinada y pulida para su sitio web.<\/p>\n<ul>\n<li>Dise\u00f1o de interfaz de usuario limpio y moderno<\/li>\n<li>Perfecto para propietarios de sitios web con un enfoque de marca heredada<\/li>\n<li>Opciones de personalizaci\u00f3n f\u00e1ciles para colores, logotipo e iconos<\/li>\n<li>Compatible con complementos populares de WordPress<\/li>\n<li>Experiencia de usuario mejorada para una publicaci\u00f3n efectiva de contenido<\/li>\n<li>Optimizado para un rendimiento r\u00e1pido y receptivo<\/li>\n<li>Documentaci\u00f3n y apoyo integrales<\/li>\n<li>Funciona sin problemas con las \u00faltimas versiones de WordPress<\/li>\n<li>Soporte multiling\u00fce para usuarios que no hablan ingl\u00e9s<\/li>\n<li>Actualizaciones de por vida y correcciones de errores gratuitas<\/li>\n<\/ul>\n","protected":false},"excerpt":{"rendered":"<p>El tema de administrador de WordPress Legacy White Label es una soluci\u00f3n exquisitamente sofisticada y excinada excinada que permite a los usuarios personalizar sin esfuerzo el tablero de administrador de WordPress con una delicadeza incomparable. Con un dise\u00f1o inmaculado y de vanguardia, este tema le otorga la capacidad incomparable para personalizar y adaptar los colores, los logotipos y los elementos de marca para armonizar sin problemas con su negocio o marca distintiva. Esta herramienta notablemente robusta es la opci\u00f3n por excelencia para los desarrolladores y agencias web que aspiran a ofrecer una experiencia incomparable y hecha a medida a su estimada clientela. Facilitando sin problemas un proceso de instalaci\u00f3n sin problemas y con una variedad de funcionalidades f\u00e1ciles de usar, el tema administrador de WordPress White Label White Legacy est\u00e1 preparado inequ\u00edvocamente para mejorar sin esfuerzo el atractivo est\u00e9tico y optimizar la competencia general de su sitio de WordPress.<\/p>\n","protected":false},"featured_media":166605,"comment_status":"open","ping_status":"open","template":"","meta":[],"product_brand":[2337],"product_cat":[1267,1237,1238],"product_tag":[1391],"class_list":{"0":"post-111398","1":"product","2":"type-product","3":"status-publish","4":"has-post-thumbnail","6":"product_brand-themeforest","7":"product_cat-creativo","8":"product_cat-temas","9":"product_cat-wordpress-temas","10":"product_tag-themeforest","11":"member-discount","12":"discount-restricted","14":"first","15":"instock","16":"sale","17":"downloadable","18":"virtual","19":"sold-individually","20":"purchasable","21":"product-type-simple"},"_links":{"self":[{"href":"https:\/\/gpl-love.com\/es\/wp-json\/wp\/v2\/product\/111398","targetHints":{"allow":["GET"]}}],"collection":[{"href":"https:\/\/gpl-love.com\/es\/wp-json\/wp\/v2\/product"}],"about":[{"href":"https:\/\/gpl-love.com\/es\/wp-json\/wp\/v2\/types\/product"}],"replies":[{"embeddable":true,"href":"https:\/\/gpl-love.com\/es\/wp-json\/wp\/v2\/comments?post=111398"}],"wp:featuredmedia":[{"embeddable":true,"href":"https:\/\/gpl-love.com\/es\/wp-json\/wp\/v2\/media\/166605"}],"wp:attachment":[{"href":"https:\/\/gpl-love.com\/es\/wp-json\/wp\/v2\/media?parent=111398"}],"wp:term":[{"taxonomy":"product_brand","embeddable":true,"href":"https:\/\/gpl-love.com\/es\/wp-json\/wp\/v2\/product_brand?post=111398"},{"taxonomy":"product_cat","embeddable":true,"href":"https:\/\/gpl-love.com\/es\/wp-json\/wp\/v2\/product_cat?post=111398"},{"taxonomy":"product_tag","embeddable":true,"href":"https:\/\/gpl-love.com\/es\/wp-json\/wp\/v2\/product_tag?post=111398"}],"curies":[{"name":"wp","href":"https:\/\/api.w.org\/{rel}","templated":true}]}}