{"id":111396,"date":"2021-09-23T00:00:00","date_gmt":"2021-09-23T05:00:00","guid":{"rendered":"http:\/\/gpl-love.com\/es\/producto\/deliciko-restaurant-wordpress-theme\/"},"modified":"2026-03-13T17:19:06","modified_gmt":"2026-03-13T22:19:06","slug":"deliciko-restaurant-wordpress-theme","status":"publish","type":"product","link":"https:\/\/gpl-love.com\/es\/producto\/deliciko-restaurant-wordpress-theme\/","title":{"rendered":"Deliciko Restaurant WordPress Theme 2.0.1"},"content":{"rendered":"<h3>Deliciko Restaurant WordPress Theme Caracteristicas<\/h3>\n<p>Si usted es un restaurante que busca establecer una presencia en l\u00ednea actualizada y sofisticada, el tema de WordPress del restaurante Deliciko sirve como una opci\u00f3n impecable. Con un dise\u00f1o simplificado y una interfaz f\u00e1cil de usar, este tema le permite exhibir su men\u00fa, acentuar las caracter\u00edsticas distintivas de su restaurante y facilitar los pedidos y reservas en l\u00ednea. Adem\u00e1s, el tema proporciona una gran cantidad de opciones de personalizaci\u00f3n, que le otorga la capacidad de ajustar finamente la est\u00e9tica de su sitio para alinearse sin problemas con la identidad de su marca. Ya sea que sea un establecimiento gastron\u00f3mico exclusivo o un restaurante relajado, el tema de WordPress de Deliciko Restaurant demuestra ser una soluci\u00f3n \u00f3ptima para elaborar un sitio web que sin duda dejar\u00e1 un impacto duradero en sus valiosos clientes.<\/p>\n<ul>\n<li>Tema de WordPress de alta calidad y predise\u00f1ado espec\u00edficamente para restaurantes<\/li>\n<li>Dise\u00f1o elegante y moderno con esquemas de colores y fuentes personalizables<\/li>\n<li>Constructor de p\u00e1gina de arrastrar y soltar f\u00e1cil de usar para personalizaci\u00f3n sin esfuerzo<\/li>\n<li>Dise\u00f1o totalmente receptivo para navegar sin costuras en cualquier dispositivo<\/li>\n<li>Una variedad de plantillas de p\u00e1gina que incluyen men\u00fas, reservas, sobre nosotros, contacto y m\u00e1s<\/li>\n<li>Integraci\u00f3n incorporada con sistemas populares de reservas y reservas<\/li>\n<li>Opciones para mostrar revisiones y testimonios de clientes satisfechos<\/li>\n<li>Integraci\u00f3n de las redes sociales para un f\u00e1cil intercambio y una mayor visibilidad en l\u00ednea<\/li>\n<li>Documentaci\u00f3n integral y equipo de apoyo dedicado para cualquier pregunta o problema.<\/li>\n<\/ul>\n","protected":false},"excerpt":{"rendered":"<p>Deliciko es un tema premium de WordPress dise\u00f1ado espec\u00edficamente para restaurantes, cafeter\u00edas y entusiastas culinarios. Este poderoso tema f\u00e1cil de usar es perfecto para mostrar su men\u00fa, promover eventos especiales e incluso tomar reservas en l\u00ednea. Con su dise\u00f1o receptivo, Deliciko garantiza que su sitio web se vea impresionante en cualquier dispositivo, desde escritorios hasta tel\u00e9fonos inteligentes. Cuenta con un panel de administraci\u00f3n intuitivo y f\u00e1cil de usar, que le proporciona un control total sobre el estilo y la funcionalidad de su sitio web. El tema tambi\u00e9n incluye una variedad de plantillas de p\u00e1gina predise\u00f1adas, lo que le permite crear un sitio web \u00fanico y profesional sin ning\u00fan conocimiento de codificaci\u00f3n. El complemento integrado de WooCommerce hace que el pedido en l\u00ednea sea muy f\u00e1cil, mientras que la funcionalidad de SEO incorporada ayuda a mejorar su visibilidad en l\u00ednea. Deliciko es totalmente personalizable, lo que le permite hacer coincidir la apariencia de su sitio web con la marca de su restaurante. Con su rendimiento superior y su extensas caracter\u00edsticas, el tema de WordPress del restaurante Deliciko seguramente impresionar\u00e1 a sus clientes y mejorar\u00e1 su presencia en l\u00ednea.<\/p>\n","protected":false},"featured_media":165757,"comment_status":"open","ping_status":"open","template":"","meta":[],"product_brand":[2337],"product_cat":[1646,1237,1238],"product_tag":[1391],"class_list":{"0":"post-111396","1":"product","2":"type-product","3":"status-publish","4":"has-post-thumbnail","6":"product_brand-themeforest","7":"product_cat-alimentacion-y-restaurante","8":"product_cat-temas","9":"product_cat-wordpress-temas","10":"product_tag-themeforest","11":"member-discount","12":"discount-restricted","14":"first","15":"instock","16":"sale","17":"downloadable","18":"virtual","19":"sold-individually","20":"purchasable","21":"product-type-simple"},"_links":{"self":[{"href":"https:\/\/gpl-love.com\/es\/wp-json\/wp\/v2\/product\/111396","targetHints":{"allow":["GET"]}}],"collection":[{"href":"https:\/\/gpl-love.com\/es\/wp-json\/wp\/v2\/product"}],"about":[{"href":"https:\/\/gpl-love.com\/es\/wp-json\/wp\/v2\/types\/product"}],"replies":[{"embeddable":true,"href":"https:\/\/gpl-love.com\/es\/wp-json\/wp\/v2\/comments?post=111396"}],"wp:featuredmedia":[{"embeddable":true,"href":"https:\/\/gpl-love.com\/es\/wp-json\/wp\/v2\/media\/165757"}],"wp:attachment":[{"href":"https:\/\/gpl-love.com\/es\/wp-json\/wp\/v2\/media?parent=111396"}],"wp:term":[{"taxonomy":"product_brand","embeddable":true,"href":"https:\/\/gpl-love.com\/es\/wp-json\/wp\/v2\/product_brand?post=111396"},{"taxonomy":"product_cat","embeddable":true,"href":"https:\/\/gpl-love.com\/es\/wp-json\/wp\/v2\/product_cat?post=111396"},{"taxonomy":"product_tag","embeddable":true,"href":"https:\/\/gpl-love.com\/es\/wp-json\/wp\/v2\/product_tag?post=111396"}],"curies":[{"name":"wp","href":"https:\/\/api.w.org\/{rel}","templated":true}]}}