{"id":111394,"date":"2022-02-23T00:00:00","date_gmt":"2022-02-23T05:00:00","guid":{"rendered":"http:\/\/gpl-love.com\/es\/producto\/qik-saas-startup-wordpress-theme\/"},"modified":"2026-04-10T11:22:37","modified_gmt":"2026-04-10T16:22:37","slug":"qik-saas-startup-wordpress-theme","status":"publish","type":"product","link":"https:\/\/gpl-love.com\/es\/producto\/qik-saas-startup-wordpress-theme\/","title":{"rendered":"Qik SaaS Startup WordPress Theme 1.0.3"},"content":{"rendered":"<h3>Qik SaaS Startup WordPress Theme Caracteristicas<\/h3>\n<p>El tema de WordPress de Qik SaaS demuestra ser una herramienta excepcional que atiende las necesidades de las personas que desean establecer un sitio web impecable para su incipiente empresa comercial. Este notable tema cuenta con un dise\u00f1o elegante, contempor\u00e1neo y totalmente receptivo, lo que lo hace muy adecuado para exhibir de manera efectiva los diversos productos y servicios que ofrece. Una de sus fortalezas clave se encuentra en su constructor de arrastre y ca\u00edda f\u00e1cil de usar, que le permite personalizar sin esfuerzo su sitio web incluso en ausencia de conocimientos de codificaci\u00f3n intrincados. Adem\u00e1s, el tema de WordPress Qik SaaS abarca una variedad de caracter\u00edsticas robustas, incluida la optimizaci\u00f3n de motores de b\u00fasqueda, la integraci\u00f3n perfecta con Google Fonts y un nivel incomparable de atenci\u00f3n al cliente. Por lo tanto, ya sea que posea una experiencia extensa como emprendedor o simplemente se est\u00e9 embarcando en su viaje empresarial, el tema de WordPress de Qik SaaS es inequ\u00edvocamente la opci\u00f3n ideal para usted.<\/p>\n<ul>\n<li>El tema de WordPress de Qik SaaS es un tema profesional y moderno dise\u00f1ado para empresas en el software como una industria de servicio (SaaS)<\/li>\n<li>El tema incluye m\u00faltiples opciones de p\u00e1gina de inicio y demostraci\u00f3n, lo que permite a las empresas elegir un dise\u00f1o que mejor se adapte a su marca y mensaje.<\/li>\n<li>El tema de WordPress de Qik SaaS es totalmente receptivo y amigable con los dispositivos m\u00f3viles, lo que garantiza que los sitios web se vean muy bien en cualquier tama\u00f1o o dispositivo de pantalla<\/li>\n<li>El tema incluye numerosas opciones de personalizaci\u00f3n, lo que permite a las empresas modificar los colores, las fuentes, los dise\u00f1os y m\u00e1s para que coincidan con la identidad de su marca.<\/li>\n<li>QIK SaaS Startup El tema de WordPress est\u00e1 construido con un c\u00f3digo limpio, asegurando tiempos de carga r\u00e1pidos y un rendimiento \u00f3ptimo del sitio web<\/li>\n<li>El tema es compatible con numerosos complementos populares de WordPress, que incluyen WooCommerce, Contact Form 7 y m\u00e1s<\/li>\n<li>El tema de WordPress de Qik SaaS incluye soporte premium de los desarrolladores de temas, asegurando que las empresas reciban asistencia r\u00e1pida y profesional cuando sea necesario<\/li>\n<\/ul>\n","protected":false},"excerpt":{"rendered":"<p>Perm\u00edtanos presentarle el notable tema de WordPress de WordPress de Qik Saas, una soluci\u00f3n incomparable adaptada espec\u00edficamente para personas emprendedoras que buscan inaugurar su propia empresa en l\u00ednea. Con un dise\u00f1o de vanguardia y pulido, este tema responde totalmente a cualquier aparato tecnol\u00f3gico. Con sus s\u00f3lidas capacidades de personalizaci\u00f3n, forja sin esfuerzo un sitio web sin precedentes que se distingue sin esfuerzo del mercado saturado. Su interfaz intuitivamente navegable facilita la administraci\u00f3n perfecta de su contenido, asegurando que su sitio web permanezca constantemente actualizado. El tema de WordPress de Qik SaaS est\u00e1 equipado con un conjunto integral de caracter\u00edsticas indispensables para el funcionamiento eficaz de un negocio en l\u00ednea, que abarca una integraci\u00f3n perfecta con varias plataformas de redes sociales, funcionalidades de an\u00e1lisis innatos, as\u00ed como optimizaci\u00f3n de la optimizaci\u00f3n de motores de b\u00fasqueda. Prep\u00e1rese para elevarse a alturas de logros sin precedentes, cortes\u00eda del tema de WordPress de Qik SaaS.<\/p>\n","protected":false},"featured_media":167296,"comment_status":"open","ping_status":"open","template":"","meta":[],"product_brand":[2337],"product_cat":[1307,1237,1238],"product_tag":[1391],"class_list":{"0":"post-111394","1":"product","2":"type-product","3":"status-publish","4":"has-post-thumbnail","6":"product_brand-themeforest","7":"product_cat-negocio-wordpress-temas","8":"product_cat-temas","9":"product_cat-wordpress-temas","10":"product_tag-themeforest","11":"member-discount","12":"discount-restricted","14":"first","15":"instock","16":"sale","17":"downloadable","18":"virtual","19":"sold-individually","20":"purchasable","21":"product-type-simple"},"_links":{"self":[{"href":"https:\/\/gpl-love.com\/es\/wp-json\/wp\/v2\/product\/111394","targetHints":{"allow":["GET"]}}],"collection":[{"href":"https:\/\/gpl-love.com\/es\/wp-json\/wp\/v2\/product"}],"about":[{"href":"https:\/\/gpl-love.com\/es\/wp-json\/wp\/v2\/types\/product"}],"replies":[{"embeddable":true,"href":"https:\/\/gpl-love.com\/es\/wp-json\/wp\/v2\/comments?post=111394"}],"wp:featuredmedia":[{"embeddable":true,"href":"https:\/\/gpl-love.com\/es\/wp-json\/wp\/v2\/media\/167296"}],"wp:attachment":[{"href":"https:\/\/gpl-love.com\/es\/wp-json\/wp\/v2\/media?parent=111394"}],"wp:term":[{"taxonomy":"product_brand","embeddable":true,"href":"https:\/\/gpl-love.com\/es\/wp-json\/wp\/v2\/product_brand?post=111394"},{"taxonomy":"product_cat","embeddable":true,"href":"https:\/\/gpl-love.com\/es\/wp-json\/wp\/v2\/product_cat?post=111394"},{"taxonomy":"product_tag","embeddable":true,"href":"https:\/\/gpl-love.com\/es\/wp-json\/wp\/v2\/product_tag?post=111394"}],"curies":[{"name":"wp","href":"https:\/\/api.w.org\/{rel}","templated":true}]}}