{"id":111393,"date":"2024-07-29T00:00:00","date_gmt":"2024-07-29T05:00:00","guid":{"rendered":"http:\/\/gpl-love.com\/es\/producto\/authentic-lifestyle-blog-and-magazine-wordpress-theme\/"},"modified":"2026-03-13T17:16:05","modified_gmt":"2026-03-13T22:16:05","slug":"authentic-lifestyle-blog-and-magazine-wordpress-theme","status":"publish","type":"product","link":"https:\/\/gpl-love.com\/es\/producto\/authentic-lifestyle-blog-and-magazine-wordpress-theme\/","title":{"rendered":"Authentic Lifestyle Blog y Magazine WordPress Theme 7.1.9"},"content":{"rendered":"<h3>Authentic Lifestyle Blog y Magazine WordPress Theme Caracteristicas<\/h3>\n<p>El aut\u00e9ntico blog y el tema de la revista WordPress de estilo de vida es una soluci\u00f3n ideal para bloggers y editores de revistas que desean un dise\u00f1o de sitios web que exude la modernidad y la sofisticaci\u00f3n. Su dise\u00f1o elegante y elegante abarca una amplia gama de caracter\u00edsticas y opciones de personalizaci\u00f3n, lo que permite la creaci\u00f3n de un sitio web \u00fanico y cautivador que muestra efectivamente su contenido de la manera m\u00e1s \u00f3ptima. Ya sea que su objetivo es mostrar sus \u00faltimas publicaciones de blog, fomentar una comunidad de lectores \u00e1vidos o simplemente difundir sus pensamientos e ideas al mundo, el blog de estilo de vida aut\u00e9ntico y el tema de la revista WordPress sirven como la mejor herramienta para elevar su presencia en l\u00ednea a alturas sin precedentes. . Por lo tanto, \u00bfpor qu\u00e9 retrasar m\u00e1s? \u00a1Comience la construcci\u00f3n del sitio web de sus sue\u00f1os hoy con el blog de estilo de vida aut\u00e9ntico y el tema de la revista WordPress!<\/p>\n<ul>\n<li>Cree sin esfuerzo un blog impresionante y de aspecto profesional o una revista en l\u00ednea utilizando el tema de WordPress de estilo de vida aut\u00e9ntico.<\/li>\n<li>Su contenido es la estrella con este dise\u00f1o minimalista y limpio que permite brillar sus palabras e im\u00e1genes.<\/li>\n<li>Elija entre una variedad de dise\u00f1os predise\u00f1ados y opciones de p\u00e1gina de inicio para crear una presencia en l\u00ednea \u00fanica y personalizada.<\/li>\n<li>Con potentes opciones de personalizaci\u00f3n, puede cambiar f\u00e1cilmente los colores, las fuentes y los dise\u00f1os para reflejar perfectamente su marca.<\/li>\n<li>Optimizado para los motores de b\u00fasqueda, el tema de estilo de vida aut\u00e9ntico ayuda a aumentar la clasificaci\u00f3n de su motor de b\u00fasqueda y aumentar el tr\u00e1fico a su sitio.<\/li>\n<li>Con\u00e9ctese con su audiencia a trav\u00e9s de la integraci\u00f3n de las redes sociales y comparta f\u00e1cilmente su contenido en todas las plataformas.<\/li>\n<li>Las opciones de publicidad incorporadas le permiten monetizar su sitio a trav\u00e9s de anuncios y patrocinios.<\/li>\n<li>El dise\u00f1o receptivo garantiza que su sitio se vea genial en todos los dispositivos, desde escritorio hasta dispositivos m\u00f3viles.<\/li>\n<li>Con funciones y soporte actualizados regularmente, puede confiar en el tema de estilo de vida aut\u00e9ntico para mantener su sitio con aspecto fresco y actualizado.<\/li>\n<\/ul>\n","protected":false},"excerpt":{"rendered":"<p>Experimente el pin\u00e1culo de la publicaci\u00f3n en l\u00ednea con nuestro aut\u00e9ntico blog de estilo de vida y tema de WordPress de la revista. Dise\u00f1ado con las \u00faltimas tendencias en mente, este tema combina sin esfuerzo la est\u00e9tica con la funcionalidad. Es perfecto para bloggers, periodistas y revistas digitales que buscan redefinir su presencia en l\u00ednea.<\/p>\n<p>Nuestro tema es totalmente personalizable, lo que le permite adaptar todos los aspectos de su marca \u00fanica. Ya sea que te guste el dise\u00f1o minimalista o las im\u00e1genes vibrantes, nuestras opciones de personalizaci\u00f3n avanzada atienden a todos los gustos.<\/p>\n<p>Una de las caracter\u00edsticas destacadas de este tema es su integraci\u00f3n perfecta con las populares plataformas de redes sociales. Ya sea que est\u00e9 buscando hacer crecer sus seguidores o involucrar a su audiencia existente, nuestras opciones de intercambio social incorporadas lo hacen m\u00e1s f\u00e1cil que nunca.<\/p>\n<p>Como blogger o editor de revistas de estilo de vida, necesita un tema de WordPress que pueda manejar contenido rico. Nuestro tema admite varios formatos de publicaci\u00f3n, incluidas galer\u00edas, videos y audios. Adem\u00e1s, es amigable con SEO, asegurando que su contenido llegue a la audiencia correcta en el momento adecuado.<\/p>\n<p>El aut\u00e9ntico blog de estilo de vida y el tema de la revista WordPress tambi\u00e9n cuenta con un receptivo<\/p>\n","protected":false},"featured_media":165410,"comment_status":"open","ping_status":"open","template":"","meta":[],"product_brand":[2337],"product_cat":[1245,1237,1238],"product_tag":[1391],"class_list":{"0":"post-111393","1":"product","2":"type-product","3":"status-publish","4":"has-post-thumbnail","6":"product_brand-themeforest","7":"product_cat-blog-revista","8":"product_cat-temas","9":"product_cat-wordpress-temas","10":"product_tag-themeforest","11":"member-discount","12":"discount-restricted","14":"first","15":"instock","16":"sale","17":"downloadable","18":"virtual","19":"sold-individually","20":"purchasable","21":"product-type-simple"},"_links":{"self":[{"href":"https:\/\/gpl-love.com\/es\/wp-json\/wp\/v2\/product\/111393","targetHints":{"allow":["GET"]}}],"collection":[{"href":"https:\/\/gpl-love.com\/es\/wp-json\/wp\/v2\/product"}],"about":[{"href":"https:\/\/gpl-love.com\/es\/wp-json\/wp\/v2\/types\/product"}],"replies":[{"embeddable":true,"href":"https:\/\/gpl-love.com\/es\/wp-json\/wp\/v2\/comments?post=111393"}],"wp:featuredmedia":[{"embeddable":true,"href":"https:\/\/gpl-love.com\/es\/wp-json\/wp\/v2\/media\/165410"}],"wp:attachment":[{"href":"https:\/\/gpl-love.com\/es\/wp-json\/wp\/v2\/media?parent=111393"}],"wp:term":[{"taxonomy":"product_brand","embeddable":true,"href":"https:\/\/gpl-love.com\/es\/wp-json\/wp\/v2\/product_brand?post=111393"},{"taxonomy":"product_cat","embeddable":true,"href":"https:\/\/gpl-love.com\/es\/wp-json\/wp\/v2\/product_cat?post=111393"},{"taxonomy":"product_tag","embeddable":true,"href":"https:\/\/gpl-love.com\/es\/wp-json\/wp\/v2\/product_tag?post=111393"}],"curies":[{"name":"wp","href":"https:\/\/api.w.org\/{rel}","templated":true}]}}