{"id":111392,"date":"2025-12-11T00:00:00","date_gmt":"2025-12-11T05:00:00","guid":{"rendered":"http:\/\/gpl-love.com\/es\/producto\/archi-interior-design-and-architeture-wordpress-theme\/"},"modified":"2026-04-05T05:15:13","modified_gmt":"2026-04-05T10:15:13","slug":"archi-interior-design-and-architeture-wordpress-theme","status":"publish","type":"product","link":"https:\/\/gpl-love.com\/es\/producto\/archi-interior-design-and-architeture-wordpress-theme\/","title":{"rendered":"Archi Interior Design y Architecture WordPress Theme 5.1.7"},"content":{"rendered":"<h3>Archi Interior Design y Architecture WordPress Theme Caracteristicas<\/h3>\n<p>El dise\u00f1o de WordPress de Archi Interior Dise\u00f1o y Arquitectura es una opci\u00f3n sofisticada y sofisticada que se adapta espec\u00edficamente a las empresas que operan dentro del dise\u00f1o de interiores y las industrias de arquitectura. Este tema exquisitamente elaborado ofrece una extensa variedad de caracter\u00edsticas y herramientas personalizables, facilitando as\u00ed la creaci\u00f3n perfecta de un sitio web distintivo y visualmente cautivador. Al utilizar Archi, puede exhibir sin esfuerzo su cartera, difundir los testimonios de los clientes y proporcionar detalles completos relacionados con sus servicios. Este tema exquisitamente dise\u00f1ado cuenta con una navegaci\u00f3n f\u00e1cil de usar y una capacidad de respuesta completa, lo que garantiza que su sitio web cuenta con una apariencia perfecta y una funcionalidad \u00f3ptima en todos los dispositivos. Adem\u00e1s, Archi incorpora perfectamente una amplia gama de plantillas de p\u00e1gina incorporadas, lo que le permite establecer sin esfuerzo un sitio web completamente funcional dentro de un plazo m\u00ednimo. Independientemente de si se identifica como un profesional independiente o representa una empresa prominente, el tema Archi sigue siendo la opci\u00f3n \u00f3ptima para cualquier persona que busque cultivar un sitio web impresionante que muestre efectivamente su trabajo invaluable y su profunda experiencia dentro del campo.<\/p>\n<ul>\n<li>Dise\u00f1o moderno y elegante adecuado para dise\u00f1adores y arquitectos de interiores<\/li>\n<li>Dise\u00f1o totalmente receptivo para una visualizaci\u00f3n \u00f3ptima en cualquier dispositivo<\/li>\n<li>Incluidos complementos premium como Slider Revolution y Visual Composer<\/li>\n<li>Panel de opciones de tema personalizables para una f\u00e1cil personalizaci\u00f3n<\/li>\n<li>Instalaci\u00f3n de demostraci\u00f3n de un solo clic para una f\u00e1cil configuraci\u00f3n<\/li>\n<li>M\u00faltiples dise\u00f1os de cartera para mostrar su trabajo<\/li>\n<li>Integraci\u00f3n con plataformas de redes sociales populares para compartir f\u00e1cilmente<\/li>\n<li>Incluye blogs y secciones de testimonios<\/li>\n<li>Compatible con WooCommerce para una f\u00e1cil venta en l\u00ednea<\/li>\n<li>SEO optimizado para mejorar las clasificaciones de los motores de b\u00fasqueda<\/li>\n<li>Velocidades de carga r\u00e1pidas para mejorar la experiencia del usuario<\/li>\n<li>Equipo de apoyo dedicado disponible para asistencia.<\/li>\n<\/ul>\n","protected":false},"excerpt":{"rendered":"<p>Archi es un tema moderno y sofisticado de interiores y arquitectura de WordPress Tema dise\u00f1ado con dise\u00f1adores profesionales, arquitectos y mentes creativas en mente. Este tema vers\u00e1til ofrece una gama de caracter\u00edsticas personalizables que le permiten exhibir su cartera de una manera elegante y visualmente atractiva. Archi viene con una variedad de opciones de dise\u00f1o, incluido un dise\u00f1o receptivo que se adapta a cualquier dispositivo para una visualizaci\u00f3n \u00f3ptima. Con su interfaz intuitiva y f\u00e1cil de usar, puede personalizar f\u00e1cilmente la apariencia de su sitio web para adaptarse a su marca \u00fanica. Adem\u00e1s, Archi admite varios complementos para una funcionalidad mejorada y experiencia del usuario. Ya sea que sea un arquitecto experimentado o un entusiasta del dise\u00f1o de interiores, el tema de Archi WordPress le proporciona las herramientas y la flexibilidad para crear una presencia en l\u00ednea impresionante.<\/p>\n","protected":false},"featured_media":165389,"comment_status":"open","ping_status":"open","template":"","meta":[],"product_brand":[2337],"product_cat":[1381,1237,1238],"product_tag":[1391],"class_list":{"0":"post-111392","1":"product","2":"type-product","3":"status-publish","4":"has-post-thumbnail","6":"product_brand-themeforest","7":"product_cat-bienes-raices","8":"product_cat-temas","9":"product_cat-wordpress-temas","10":"product_tag-themeforest","11":"member-discount","12":"discount-restricted","14":"first","15":"instock","16":"sale","17":"downloadable","18":"virtual","19":"sold-individually","20":"purchasable","21":"product-type-simple"},"_links":{"self":[{"href":"https:\/\/gpl-love.com\/es\/wp-json\/wp\/v2\/product\/111392","targetHints":{"allow":["GET"]}}],"collection":[{"href":"https:\/\/gpl-love.com\/es\/wp-json\/wp\/v2\/product"}],"about":[{"href":"https:\/\/gpl-love.com\/es\/wp-json\/wp\/v2\/types\/product"}],"replies":[{"embeddable":true,"href":"https:\/\/gpl-love.com\/es\/wp-json\/wp\/v2\/comments?post=111392"}],"wp:featuredmedia":[{"embeddable":true,"href":"https:\/\/gpl-love.com\/es\/wp-json\/wp\/v2\/media\/165389"}],"wp:attachment":[{"href":"https:\/\/gpl-love.com\/es\/wp-json\/wp\/v2\/media?parent=111392"}],"wp:term":[{"taxonomy":"product_brand","embeddable":true,"href":"https:\/\/gpl-love.com\/es\/wp-json\/wp\/v2\/product_brand?post=111392"},{"taxonomy":"product_cat","embeddable":true,"href":"https:\/\/gpl-love.com\/es\/wp-json\/wp\/v2\/product_cat?post=111392"},{"taxonomy":"product_tag","embeddable":true,"href":"https:\/\/gpl-love.com\/es\/wp-json\/wp\/v2\/product_tag?post=111392"}],"curies":[{"name":"wp","href":"https:\/\/api.w.org\/{rel}","templated":true}]}}