{"id":111387,"date":"2026-04-10T00:00:00","date_gmt":"2026-04-10T05:00:00","guid":{"rendered":"http:\/\/gpl-love.com\/es\/producto\/woocommerce-product-table-2\/"},"modified":"2026-04-10T11:33:27","modified_gmt":"2026-04-10T16:33:27","slug":"woocommerce-product-table-2","status":"publish","type":"product","link":"https:\/\/gpl-love.com\/es\/producto\/woocommerce-product-table-2\/","title":{"rendered":"WooCommerce Product Table 4.3.8"},"content":{"rendered":"<h3>WooCommerce Product Table Caracteristicas<\/h3>\n<p>La tabla de productos de WooCommerce es una herramienta extremadamente vers\u00e1til que proporciona a los propietarios de tiendas en l\u00ednea la capacidad de presentar sus productos en un formato de tabla altamente simplificado y eficiente. A trav\u00e9s de la utilizaci\u00f3n de este complemento excepcional, a los clientes se les otorga la conveniencia de leer y comparar f\u00e1cilmente varios productos lado a lado, acelerando as\u00ed su capacidad para localizar la informaci\u00f3n pertinente que requieren y, en \u00faltima instancia, permitirles tomar decisiones de compra bien informadas. Adem\u00e1s, la tabla en s\u00ed es altamente personalizable, y brinda a los propietarios de tiendas la oportunidad de incorporar una amplia gama de atributos de productos, como detalles de precios, cautivando im\u00e1genes, informaci\u00f3n de disponibilidad de acciones y botones de suma accesibles convenientemente accesibles. Adem\u00e1s, el complemento sirve como un recurso invaluable para los propietarios de tiendas que buscan mejorar las capacidades de navegaci\u00f3n de su sitio, ya que ayuda en la creaci\u00f3n de una experiencia de compra m\u00e1s optimizada y f\u00e1cil de usar para su estimada clientela. Sin lugar a dudas, la tabla de productos de WooCommerce es una herramienta indispensable para cualquier tienda en l\u00ednea que se esfuerce por mostrar sus productos excepcionales en un formato extremadamente organizado y altamente centrado en el usuario.<\/p>\n<ul>\n<li>Muestra productos de WooCommerce en una cuadr\u00edcula o formato de tabla para una f\u00e1cil visualizaci\u00f3n y comparaci\u00f3n<\/li>\n<li>Permite a los clientes filtrar y clasificar r\u00e1pidamente los productos en funci\u00f3n de varios criterios.<\/li>\n<li>Opciones de dise\u00f1o y dise\u00f1o personalizables para que coincidan con la marca y el estilo de su sitio web<\/li>\n<li>Dise\u00f1o receptivo m\u00f3vil para navegaci\u00f3n perfecta en todos los dispositivos<\/li>\n<li>Admite la funcionalidad de b\u00fasqueda avanzada para encontrar productos espec\u00edficos r\u00e1pidamente<\/li>\n<li>Se integra con las variaciones y atributos de productos de WooCommerce para opciones integrales de productos<\/li>\n<li>Opciones de venta cruzada y de venta adicional para aumentar las ventas y los ingresos<\/li>\n<li>Opci\u00f3n para ocultar elementos de existencia o mostrar productos con entradas agotadas con diferentes etiquetados<\/li>\n<li>Compatible con una variedad de extensiones y complementos de WooCommerce para una funcionalidad adicional<\/li>\n<\/ul>\n","protected":false},"excerpt":{"rendered":"<p>La tabla de productos de WooCommerce cuenta con un conjunto formidable de caracter\u00edsticas y funcionalidades, lo que le hace un complemento excepcionalmente potente y vers\u00e1til que ofrece un mecanismo notablemente f\u00e1cil de usar para mostrar su amplia gama de productos en un formato tabular comprensible sin esfuerzo. Esta herramienta notablemente ventajosa le permite presentar todos sus productos y su informaci\u00f3n asociada de manera sucinta, simplificada y meticulosamente organizada. El nivel incomparable de personalizaci\u00f3n que ofrece este complemento es realmente impresionante, lo que le permite ajustar meticulosamente y adaptarlo a alinearse impecablemente con sus requisitos y especificaciones individualizados. Al aprovechar la tabla de productos de WooCommerce, obtiene acceso a una extensa gama de funcionalidades altamente pr\u00e1cticas e invaluables, como la capacidad perfecta para filtrar y buscar productos espec\u00edficos, columnas de imbue con la capacidad de ser clasificados e integra sin problemas campos personalizados y mucho m\u00e1s. Sin lugar a dudas, esta irrefutablemente representa la soluci\u00f3n definitiva para todas y cada una de las tiendas en l\u00ednea que buscan optimizar y racionalizar sus pantallas de productos, al tiempo que mejora la experiencia general del usuario de una manera sin precedentes.<\/p>\n","protected":false},"featured_media":168233,"comment_status":"open","ping_status":"open","template":"","meta":[],"product_brand":[2422],"product_cat":[1207,1248,1206],"product_tag":[1660],"class_list":{"0":"post-111387","1":"product","2":"type-product","3":"status-publish","4":"has-post-thumbnail","6":"product_brand-barn2","7":"product_cat-comercio-electronico-plugins","8":"product_cat-personalizacion-comercio-electronico-plugins","9":"product_cat-plugins","10":"product_tag-barn2","11":"member-discount","12":"discount-restricted","14":"first","15":"instock","16":"sale","17":"downloadable","18":"virtual","19":"sold-individually","20":"purchasable","21":"product-type-simple"},"_links":{"self":[{"href":"https:\/\/gpl-love.com\/es\/wp-json\/wp\/v2\/product\/111387","targetHints":{"allow":["GET"]}}],"collection":[{"href":"https:\/\/gpl-love.com\/es\/wp-json\/wp\/v2\/product"}],"about":[{"href":"https:\/\/gpl-love.com\/es\/wp-json\/wp\/v2\/types\/product"}],"replies":[{"embeddable":true,"href":"https:\/\/gpl-love.com\/es\/wp-json\/wp\/v2\/comments?post=111387"}],"wp:featuredmedia":[{"embeddable":true,"href":"https:\/\/gpl-love.com\/es\/wp-json\/wp\/v2\/media\/168233"}],"wp:attachment":[{"href":"https:\/\/gpl-love.com\/es\/wp-json\/wp\/v2\/media?parent=111387"}],"wp:term":[{"taxonomy":"product_brand","embeddable":true,"href":"https:\/\/gpl-love.com\/es\/wp-json\/wp\/v2\/product_brand?post=111387"},{"taxonomy":"product_cat","embeddable":true,"href":"https:\/\/gpl-love.com\/es\/wp-json\/wp\/v2\/product_cat?post=111387"},{"taxonomy":"product_tag","embeddable":true,"href":"https:\/\/gpl-love.com\/es\/wp-json\/wp\/v2\/product_tag?post=111387"}],"curies":[{"name":"wp","href":"https:\/\/api.w.org\/{rel}","templated":true}]}}