{"id":111385,"date":"2022-04-05T00:00:00","date_gmt":"2022-04-05T05:00:00","guid":{"rendered":"http:\/\/gpl-love.com\/es\/producto\/elementorsheets-elementor-pro-form-google-spreadsheet-addon\/"},"modified":"2026-03-09T07:31:00","modified_gmt":"2026-03-09T12:31:00","slug":"elementorsheets-elementor-pro-form-google-spreadsheet-addon","status":"publish","type":"product","link":"https:\/\/gpl-love.com\/es\/producto\/elementorsheets-elementor-pro-form-google-spreadsheet-addon\/","title":{"rendered":"ElementorSheets Google Spreadsheet Addon 4.2"},"content":{"rendered":"<h3>ElementorSheets Google Spreadsheet Addon Caracteristicas<\/h3>\n<p>El poderoso y formidable elemento de elemento de Google Addon es una herramienta notable e influyente que le otorga la maravillosa capacidad de integrar perfectamente el magn\u00edfico e impresionante hojas de Google en el reino sagrado de su querido sitio web de WordPress, todo al aprovechar el poderoso poder del elemento. Al utilizar este complemento extraordinario, se le otorgar\u00e1 el poder divino para el contenido din\u00e1mico e interactivo de moda sin esfuerzo, dotado de conocimiento y sabidur\u00eda de sus datos de Google Sheets, desbloqueando as\u00ed un vasto torrente de posibilidades ilimitadas para su apreciado sitio web. Si desea exhibir cat\u00e1logos de productos grandiosos o crear formas personalizadas elegantes, tenga la seguridad de que las hojas de elementos le otorgar\u00e1n el medio sin esfuerzo para hacerlo, todo sin la necesidad de una experiencia de codificaci\u00f3n laboriosa. Adem\u00e1s, esta herramienta majestuosa le brinda el lujo de utilizar sus caracter\u00edsticas avanzadas y sofisticadas, como la magia transformadora de los filtros, el arte enigm\u00e1tico de la b\u00fasqueda y la sinfon\u00eda armoniosa de la clasificaci\u00f3n, lo que le permite elevar sus datos a nuevas alturas de accesibilidad y accesibilidad y esplendor f\u00e1cil de usar. En conclusi\u00f3n, est\u00e1 muy claro que ElementorSheets es una herramienta indispensable y necesaria para todos los que buscan imbuir sus sitios web con funcionalidad incomparable y eficiencia inefable.<\/p>\n<ul>\n<li>Permite a los usuarios conectar las hojas de Google directamente a Elementor, una plataforma l\u00edder de constructor de sitios web<\/li>\n<li>Proporciona un f\u00e1cil acceso a los datos de la hoja de c\u00e1lculo, lo que permite a los usuarios mostrarlos y manipularlos directamente en su sitio web<\/li>\n<li>Permite la actualizaci\u00f3n de datos en tiempo real, manteniendo el contenido del sitio web preciso y actualizado<\/li>\n<li>Elimina la necesidad de entrada manual de datos, ahorra tiempo y reduce la posibilidad de errores<\/li>\n<li>Facilita el an\u00e1lisis e informes de datos avanzados, con caracter\u00edsticas potentes como filtrado de datos y clasificaci\u00f3n<\/li>\n<li>Se puede personalizar para adaptarse al dise\u00f1o y la marca de cualquier sitio web, con acceso a la amplia gama de opciones de dise\u00f1o de Elementor<\/li>\n<li>Viene con una interfaz f\u00e1cil de usar y una documentaci\u00f3n clara, lo que facilita el uso y la configuraci\u00f3n<\/li>\n<li>Compatible con versiones gratuitas y profesionales de Elemoror, dando a los usuarios flexibilidad y opci\u00f3n<\/li>\n<li>Ofrece un rendimiento y soporte confiable y de alta calidad, con actualizaciones regulares y asistencia de soluci\u00f3n de problemas.<\/li>\n<\/ul>\n","protected":false},"excerpt":{"rendered":"<p>El complemento de la hoja de c\u00e1lculo de Google Sheets es una herramienta notablemente potente, ya que se fusiona sin esfuerzo con Elementor, lo que permite a los usuarios mostrar sin esfuerzo sus datos de una manera visualmente cautivadora. Este complemento le otorga la capacidad de establecer una conexi\u00f3n entre los datos de las hojas de Google y los widgets y m\u00f3dulos de Elementor, equip\u00e1ndolo con los medios para fabricar elementos din\u00e1micos e interactivos r\u00e1pidos y sin esfuerzo. Ya sea que asuma el papel de un propietario de un negocio, vendedor o creador de contenido, este complemento posee un valor indispensable, ya que le permite construir sitios web y p\u00e1ginas de destino cautivadoras. Abraza las hojas de elementos y se despiden de los datos mundanos y mon\u00f3tonos para siempre.<\/p>\n","protected":false},"featured_media":165946,"comment_status":"open","ping_status":"open","template":"","meta":[],"product_brand":[2339],"product_cat":[1212,1206,1211],"product_tag":[1256],"class_list":{"0":"post-111385","1":"product","2":"type-product","3":"status-publish","4":"has-post-thumbnail","6":"product_brand-codecanyon","7":"product_cat-administracion-wordpress-plugins","8":"product_cat-plugins","9":"product_cat-wordpress-plugins","10":"product_tag-codecanyon","11":"member-discount","12":"discount-restricted","14":"first","15":"instock","16":"sale","17":"downloadable","18":"virtual","19":"sold-individually","20":"purchasable","21":"product-type-simple"},"_links":{"self":[{"href":"https:\/\/gpl-love.com\/es\/wp-json\/wp\/v2\/product\/111385","targetHints":{"allow":["GET"]}}],"collection":[{"href":"https:\/\/gpl-love.com\/es\/wp-json\/wp\/v2\/product"}],"about":[{"href":"https:\/\/gpl-love.com\/es\/wp-json\/wp\/v2\/types\/product"}],"replies":[{"embeddable":true,"href":"https:\/\/gpl-love.com\/es\/wp-json\/wp\/v2\/comments?post=111385"}],"wp:featuredmedia":[{"embeddable":true,"href":"https:\/\/gpl-love.com\/es\/wp-json\/wp\/v2\/media\/165946"}],"wp:attachment":[{"href":"https:\/\/gpl-love.com\/es\/wp-json\/wp\/v2\/media?parent=111385"}],"wp:term":[{"taxonomy":"product_brand","embeddable":true,"href":"https:\/\/gpl-love.com\/es\/wp-json\/wp\/v2\/product_brand?post=111385"},{"taxonomy":"product_cat","embeddable":true,"href":"https:\/\/gpl-love.com\/es\/wp-json\/wp\/v2\/product_cat?post=111385"},{"taxonomy":"product_tag","embeddable":true,"href":"https:\/\/gpl-love.com\/es\/wp-json\/wp\/v2\/product_tag?post=111385"}],"curies":[{"name":"wp","href":"https:\/\/api.w.org\/{rel}","templated":true}]}}