{"id":111383,"date":"2024-01-19T00:00:00","date_gmt":"2024-01-19T05:00:00","guid":{"rendered":"http:\/\/gpl-love.com\/es\/producto\/wordpress-events-calendar-registration-and-tickets\/"},"modified":"2026-03-09T08:27:18","modified_gmt":"2026-03-09T13:27:18","slug":"wordpress-events-calendar-registration-and-tickets","status":"publish","type":"product","link":"https:\/\/gpl-love.com\/es\/producto\/wordpress-events-calendar-registration-and-tickets\/","title":{"rendered":"WordPress Events Calendar Registration y Tickets 2.5.9"},"content":{"rendered":"<h3>WordPress Events Calendar Registration y Tickets Caracteristicas<\/h3>\n<p>El registro y los boletos del calendario de WordPress Events es un complemento incre\u00edblemente robusto y rico en funciones que otorga a los usuarios la capacidad de crear y supervisar sin esfuerzo eventos en sus sitios web de WordPress. Este complemento permite a los usuarios ingresar sin esfuerzo informaci\u00f3n espec\u00edfica de eventos, como fechas, horarios, ubicaciones y descripciones, al tiempo que les otorga la capacidad de dise\u00f1ar formularios de registro personalizados y vender sin problemas los boletos directamente desde su sitio web. Adem\u00e1s, este complemento cuenta con una mir\u00edada de opciones de personalizaci\u00f3n para garantizar que los eventos se alineen sin problemas con la marca \u00fanica del sitio, y se integra armoniosamente con pasarelas de pago conocidas y herramientas de marketing por correo electr\u00f3nico. Independientemente de si est\u00e1 orquestando una conferencia, taller o reuni\u00f3n, puede estar seguro de que el complemento de registro y boletos de WordPress Events es una soluci\u00f3n inquebrantable y orientada al usuario que optimiza las complejidades de la gesti\u00f3n de eventos y mejora significativamente la experiencia general del usuario.<\/p>\n<ul>\n<li>Crear formularios de registro de eventos personalizados<\/li>\n<li>Aceptar pagos, rastrear a los asistentes y generar informes<\/li>\n<li>Totalmente integrado con WordPress<\/li>\n<li>Opciones de venta de boletos flexibles, incluidos los niveles de precios y descuentos de m\u00faltiples precios.<\/li>\n<li>Opci\u00f3n para recopilar informaci\u00f3n adicional de los asistentes<\/li>\n<li>Notificaciones por correo electr\u00f3nico para nuevos registros y compras de entradas<\/li>\n<li>Dise\u00f1o que responde a dispositivos m\u00f3viles para una experiencia de usuario perfecta<\/li>\n<li>Interfaz de fondo f\u00e1cil de usar para una f\u00e1cil gesti\u00f3n de eventos<\/li>\n<li>Integraci\u00f3n perfecta con pasarelas de pago populares<\/li>\n<li>Varias opciones de personalizaci\u00f3n para marca y dise\u00f1o.<\/li>\n<\/ul>\n","protected":false},"excerpt":{"rendered":"<p>El complemento de registro y boletos de WordPress Events es una herramienta incre\u00edblemente robusta y eficiente que ofrece a los usuarios la capacidad de administrar y promover varios eventos en su sitio web de WordPress. Este complemento excepcional le otorga el poder de modificar los tipos de boletos personalizados, establecer precios y disponibilidad, e incluso facilitar la venta de boletos directamente en su sitio. Adem\u00e1s, el extraordinario sistema de registro otorga a los invitados la oportunidad de confirmar su asistencia y posteriormente obtener confirmaciones y recordatorios autom\u00e1ticos, asegurando as\u00ed una experiencia sin problemas para los organizadores de eventos y los asistentes. Adem\u00e1s, este complemento se integra sin esfuerzo con las pasarelas de pago populares y ampliamente utilizadas, simplificando as\u00ed el procedimiento de procesamiento de pagos. Independientemente de si est\u00e1 realizando la organizaci\u00f3n de un taller modesto o una conferencia expansiva, el complemento de calendario de eventos de WordPress y el complemento de tickets poseen todas las caracter\u00edsticas y funcionalidades necesarias para garantizar que su evento sea un triunfo inequ\u00edvoco.<\/p>\n","protected":false},"featured_media":168345,"comment_status":"open","ping_status":"open","template":"","meta":[],"product_brand":[2339],"product_cat":[1214,1206,1211],"product_tag":[1256],"class_list":{"0":"post-111383","1":"product","2":"type-product","3":"status-publish","4":"has-post-thumbnail","6":"product_brand-codecanyon","7":"product_cat-personalizacion","8":"product_cat-plugins","9":"product_cat-wordpress-plugins","10":"product_tag-codecanyon","11":"member-discount","12":"discount-restricted","14":"first","15":"instock","16":"sale","17":"downloadable","18":"virtual","19":"sold-individually","20":"purchasable","21":"product-type-simple"},"_links":{"self":[{"href":"https:\/\/gpl-love.com\/es\/wp-json\/wp\/v2\/product\/111383","targetHints":{"allow":["GET"]}}],"collection":[{"href":"https:\/\/gpl-love.com\/es\/wp-json\/wp\/v2\/product"}],"about":[{"href":"https:\/\/gpl-love.com\/es\/wp-json\/wp\/v2\/types\/product"}],"replies":[{"embeddable":true,"href":"https:\/\/gpl-love.com\/es\/wp-json\/wp\/v2\/comments?post=111383"}],"wp:featuredmedia":[{"embeddable":true,"href":"https:\/\/gpl-love.com\/es\/wp-json\/wp\/v2\/media\/168345"}],"wp:attachment":[{"href":"https:\/\/gpl-love.com\/es\/wp-json\/wp\/v2\/media?parent=111383"}],"wp:term":[{"taxonomy":"product_brand","embeddable":true,"href":"https:\/\/gpl-love.com\/es\/wp-json\/wp\/v2\/product_brand?post=111383"},{"taxonomy":"product_cat","embeddable":true,"href":"https:\/\/gpl-love.com\/es\/wp-json\/wp\/v2\/product_cat?post=111383"},{"taxonomy":"product_tag","embeddable":true,"href":"https:\/\/gpl-love.com\/es\/wp-json\/wp\/v2\/product_tag?post=111383"}],"curies":[{"name":"wp","href":"https:\/\/api.w.org\/{rel}","templated":true}]}}