{"id":111379,"date":"2023-05-17T00:00:00","date_gmt":"2023-05-17T05:00:00","guid":{"rendered":"http:\/\/gpl-love.com\/es\/producto\/ecademy-elementor-lms-and-online-courses-theme\/"},"modified":"2026-03-13T17:19:37","modified_gmt":"2026-03-13T22:19:37","slug":"ecademy-elementor-lms-and-online-courses-theme","status":"publish","type":"product","link":"https:\/\/gpl-love.com\/es\/producto\/ecademy-elementor-lms-and-online-courses-theme\/","title":{"rendered":"eCademy Elementor LMS y Online Courses Theme 6.1"},"content":{"rendered":"<h3>eCademy Elementor LMS y Online Courses Theme Caracteristicas<\/h3>\n<p>El tema Ecademy Elementor LMS y los cursos en l\u00ednea, con su inmenso poder, es una herramienta formidable que satisface las necesidades de las personas que buscan establecer y supervisar los cursos en l\u00ednea. En virtud de su interfaz f\u00e1cil de usar y su dise\u00f1o instintivo, este tema le otorga la capacidad de generar cursos y lecciones sin esfuerzo, monitorear el avance de los estudiantes e incluso vender sus cursos a trav\u00e9s de Internet. La integraci\u00f3n de Elementor, un reconocido constructor de p\u00e1ginas visual, le permite personalizar completamente su sitio y fabricar dise\u00f1os deslumbrantes sin el requisito de ninguna experiencia de codificaci\u00f3n. Adem\u00e1s, aumentado por sus funcionalidades de aprendizaje electr\u00f3nico de vanguardia, como cuestionarios, certificados y seguimiento de progreso, el tema Ecademy Elementor y los cursos en l\u00ednea surge inequ\u00edvocamente como la soluci\u00f3n final para aquellos que anhelan construir un viaje de aprendizaje en l\u00ednea competente y fruct\u00edfero.<\/p>\n<ul>\n<li>Sistema de gesti\u00f3n de aprendizaje electr\u00f3nico altamente personalizable (LMS) y tema del curso en l\u00ednea<\/li>\n<li>Construido con el constructor de p\u00e1ginas Elementor, lo que permite una f\u00e1cil personalizaci\u00f3n del dise\u00f1o y la personalizaci\u00f3n del dise\u00f1o<\/li>\n<li>Incluye una variedad de p\u00e1ginas predise\u00f1adas y una gama de dise\u00f1os de demostraci\u00f3n para elegir, as\u00ed como estilos de navegaci\u00f3n m\u00faltiples<\/li>\n<li>Ofrece varios tipos de publicaciones, incluidos cursos, instructores y eventos, junto con opciones para agregar cuestionarios y tareas a cada curso<\/li>\n<li>Se integra a la perfecci\u00f3n con los complementos populares de WordPress como WooCommerce y LearnDash, lo que permite caracter\u00edsticas y funcionalidades a\u00fan m\u00e1s robustas<\/li>\n<li>Construido con un c\u00f3digo limpio y eficiente, optimizado para tiempos de carga r\u00e1pidos y una experiencia de usuario suave<\/li>\n<li>Totalmente receptivo y amigable para los dispositivos m\u00f3viles, asegurando que sus cursos se vean muy bien en cualquier dispositivo<\/li>\n<li>Flexible y escalable, capaz de acomodar tanto cursos individuales a gran escala como academias en l\u00ednea a mayor escala<\/li>\n<li>Documentaci\u00f3n integral y equipo de apoyo dedicado para ayudarlo a comenzar y solucionar cualquier problema en el camino.<\/li>\n<\/ul>\n","protected":false},"excerpt":{"rendered":"<p>Ecademy, un tema del sistema de gesti\u00f3n de aprendizaje (LMS) altamente potente y flexible dise\u00f1ado espec\u00edficamente para WordPress, se acompa\u00f1a de un complemento de constructor de p\u00e1ginas de Page inmensamente popular. Este tema demuestra ser una opci\u00f3n ideal para instituciones educativas, proveedores de cursos en l\u00ednea, programas de capacitaci\u00f3n corporativa y cualquier otra plataforma educativa. Ofreciendo una amplia gama de caracter\u00edsticas, Ecademy simplifica el proceso de construcci\u00f3n y supervisi\u00f3n de cursos en l\u00ednea, administrando cuestionarios y ex\u00e1menes, gesti\u00f3n de estudiantes y mucho m\u00e1s. Adem\u00e1s, su dise\u00f1o elegante y contempor\u00e1neo garantiza una apariencia profesional y cautivadora, todo al tiempo que garantiza la navegaci\u00f3n f\u00e1cil de usar para los visitantes de su sitio web. Independientemente de si est\u00e1 desarrollando un curso directo o una intrincada plataforma de aprendizaje en l\u00ednea, Ecademy sirve como la soluci\u00f3n definitiva.<\/p>\n","protected":false},"featured_media":165901,"comment_status":"open","ping_status":"open","template":"","meta":[],"product_brand":[2337],"product_cat":[1307,1237,1238],"product_tag":[1391],"class_list":{"0":"post-111379","1":"product","2":"type-product","3":"status-publish","4":"has-post-thumbnail","6":"product_brand-themeforest","7":"product_cat-negocio-wordpress-temas","8":"product_cat-temas","9":"product_cat-wordpress-temas","10":"product_tag-themeforest","11":"member-discount","12":"discount-restricted","14":"first","15":"instock","16":"sale","17":"downloadable","18":"virtual","19":"sold-individually","20":"purchasable","21":"product-type-simple"},"_links":{"self":[{"href":"https:\/\/gpl-love.com\/es\/wp-json\/wp\/v2\/product\/111379","targetHints":{"allow":["GET"]}}],"collection":[{"href":"https:\/\/gpl-love.com\/es\/wp-json\/wp\/v2\/product"}],"about":[{"href":"https:\/\/gpl-love.com\/es\/wp-json\/wp\/v2\/types\/product"}],"replies":[{"embeddable":true,"href":"https:\/\/gpl-love.com\/es\/wp-json\/wp\/v2\/comments?post=111379"}],"wp:featuredmedia":[{"embeddable":true,"href":"https:\/\/gpl-love.com\/es\/wp-json\/wp\/v2\/media\/165901"}],"wp:attachment":[{"href":"https:\/\/gpl-love.com\/es\/wp-json\/wp\/v2\/media?parent=111379"}],"wp:term":[{"taxonomy":"product_brand","embeddable":true,"href":"https:\/\/gpl-love.com\/es\/wp-json\/wp\/v2\/product_brand?post=111379"},{"taxonomy":"product_cat","embeddable":true,"href":"https:\/\/gpl-love.com\/es\/wp-json\/wp\/v2\/product_cat?post=111379"},{"taxonomy":"product_tag","embeddable":true,"href":"https:\/\/gpl-love.com\/es\/wp-json\/wp\/v2\/product_tag?post=111379"}],"curies":[{"name":"wp","href":"https:\/\/api.w.org\/{rel}","templated":true}]}}