{"id":111377,"date":"2026-04-07T00:00:00","date_gmt":"2026-04-07T05:00:00","guid":{"rendered":"http:\/\/gpl-love.com\/es\/producto\/ultimate-dashboard-pro-plugin\/"},"modified":"2026-04-10T11:29:22","modified_gmt":"2026-04-10T16:29:22","slug":"ultimate-dashboard-pro-plugin","status":"publish","type":"product","link":"https:\/\/gpl-love.com\/es\/producto\/ultimate-dashboard-pro-plugin\/","title":{"rendered":"Ultimate Dashboard Pro Plugin 3.11.2"},"content":{"rendered":"<h3>Ultimate Dashboard Pro Plugin Caracteristicas<\/h3>\n<p>El Ultimate Dashboard Pro Plugin, una herramienta notablemente potente, act\u00faa como un catalizador para los usuarios de WordPress que buscan crear paneles personalizados r\u00e1pidamente y sin esfuerzo. Equipado con una mir\u00edada de widgets y m\u00f3dulos predise\u00f1ados, este complemento permite a los usuarios infundir el contenido sin problemas, administrar las tareas de manera efectiva y optimizar el rendimiento de su sitio a trav\u00e9s de maniobras simplificadas. Independientemente de si uno posee una profunda experiencia en desarrollo o simplemente se embarca en su viaje como usuario ne\u00f3fito, este complemento despliega una interfaz que navega sin esfuerzo a los usuarios a trav\u00e9s de un amplio espectro de opciones de personalizaci\u00f3n adaptadas a sus requisitos espec\u00edficos. Entre su repertorio de caracter\u00edsticas notables, la funcionalidad de arrastrar y soltar, las opciones de marca personalizadas y los controles de acceso se destacan, lo que hace que el mejor complemento de Dashboard Pro sea un compa\u00f1ero indispensable para las personas que buscan elevar la funcionalidad de su sitio de WordPress y aumentar la experiencia general del usuario.<\/p>\n<ul>\n<li>Dise\u00f1o de tablero aerodin\u00e1mico y personalizable<\/li>\n<li>Acceso a herramientas detalladas de an\u00e1lisis e informes<\/li>\n<li>Integraci\u00f3n con servicios y herramientas de terceros populares<\/li>\n<li>Interfaz f\u00e1cil de usar para navegaci\u00f3n sin esfuerzo y gesti\u00f3n de datos<\/li>\n<li>Widgets personalizables y elementos de visualizaci\u00f3n de datos para el m\u00e1ximo control<\/li>\n<li>Funcionalidad de b\u00fasqueda avanzada para encontrar datos espec\u00edficos r\u00e1pidamente<\/li>\n<li>Capacidad para establecer permisos de usuario y controles de acceso para mayor seguridad<\/li>\n<li>Actualizaciones regulares y soporte para mejoras de rendimiento continuas.<\/li>\n<\/ul>\n","protected":false},"excerpt":{"rendered":"<p>El Ultimate Dashboard Pro Plugin, que es ampliamente reconocido por su inmenso poder, se ha desarrollado espec\u00edficamente para ofrecer una asistencia invaluable en la creaci\u00f3n de paneles de WordPress personalizados que est\u00e1n dise\u00f1ados para cumplir con sus requisitos \u00fanicos. Con una interfaz navegable sin esfuerzo y con una variedad de funcionalidades integrales, esta notable herramienta facilita el dise\u00f1o sin problemas y la gesti\u00f3n eficiente de sus widgets de tablero, men\u00fas y plantillas, aumentando significativamente la experiencia general del usuario. Adem\u00e1s, el complemento le ofrece la notable capacidad de personalizar sus paneles de una manera que atiende a usuarios individuales o grupos de usuarios, lo que hace que la ardua tarea de supervisar m\u00faltiples sitios web sea una brisa absoluta. Prep\u00e1rese para presenciar una transformaci\u00f3n asombrosa ya que su tablero WordPress previamente desordenado y desorganizado se transforma milagrosamente en un espacio de trabajo impecablemente organizado y extremadamente eficiente, cortes\u00eda del extraordinario complemento de Ultimate Dashboard Pro.<\/p>\n","protected":false},"featured_media":167871,"comment_status":"open","ping_status":"open","template":"","meta":[],"product_brand":[2582],"product_cat":[1212,1206,1211],"product_tag":[1757],"class_list":{"0":"post-111377","1":"product","2":"type-product","3":"status-publish","4":"has-post-thumbnail","6":"product_brand-ultimate-dashboard","7":"product_cat-administracion-wordpress-plugins","8":"product_cat-plugins","9":"product_cat-wordpress-plugins","10":"product_tag-ultimate-dashboard","11":"member-discount","12":"discount-restricted","14":"first","15":"instock","16":"sale","17":"downloadable","18":"virtual","19":"sold-individually","20":"purchasable","21":"product-type-simple"},"_links":{"self":[{"href":"https:\/\/gpl-love.com\/es\/wp-json\/wp\/v2\/product\/111377","targetHints":{"allow":["GET"]}}],"collection":[{"href":"https:\/\/gpl-love.com\/es\/wp-json\/wp\/v2\/product"}],"about":[{"href":"https:\/\/gpl-love.com\/es\/wp-json\/wp\/v2\/types\/product"}],"replies":[{"embeddable":true,"href":"https:\/\/gpl-love.com\/es\/wp-json\/wp\/v2\/comments?post=111377"}],"wp:featuredmedia":[{"embeddable":true,"href":"https:\/\/gpl-love.com\/es\/wp-json\/wp\/v2\/media\/167871"}],"wp:attachment":[{"href":"https:\/\/gpl-love.com\/es\/wp-json\/wp\/v2\/media?parent=111377"}],"wp:term":[{"taxonomy":"product_brand","embeddable":true,"href":"https:\/\/gpl-love.com\/es\/wp-json\/wp\/v2\/product_brand?post=111377"},{"taxonomy":"product_cat","embeddable":true,"href":"https:\/\/gpl-love.com\/es\/wp-json\/wp\/v2\/product_cat?post=111377"},{"taxonomy":"product_tag","embeddable":true,"href":"https:\/\/gpl-love.com\/es\/wp-json\/wp\/v2\/product_tag?post=111377"}],"curies":[{"name":"wp","href":"https:\/\/api.w.org\/{rel}","templated":true}]}}