{"id":111355,"date":"2026-01-24T00:00:00","date_gmt":"2026-01-24T05:00:00","guid":{"rendered":"http:\/\/gpl-love.com\/es\/producto\/traveler-travel-booking-wordpress-theme\/"},"modified":"2026-04-10T11:29:05","modified_gmt":"2026-04-10T16:29:05","slug":"traveler-travel-booking-wordpress-theme","status":"publish","type":"product","link":"https:\/\/gpl-love.com\/es\/producto\/traveler-travel-booking-wordpress-theme\/","title":{"rendered":"Traveler Travel Booking WordPress Theme 3.2.8"},"content":{"rendered":"<h3>Traveler Travel Booking WordPress Theme Caracteristicas<\/h3>\n<p>El tema de WordPress de la reserva de viajes de Traveler se presenta como la soluci\u00f3n definitiva para agencias de viajes, operadores tur\u00edsticos y bloggers de viajes, buscando exhibir sus servicios en el vasto reino en l\u00ednea. Este tema cuenta con un notable nivel de facilidad de uso, junto con una extensa gama de opciones de personalizaci\u00f3n, garantizando la creaci\u00f3n de un sitio web distintivo y pulido profesionalmente. Adem\u00e1s, su total capacidad de respuesta y compatibilidad en todos los navegadores web prominentes certifican que su sitio exudar\u00e1 la magnificencia en cada dispositivo concebible. En particular, este tema tambi\u00e9n abarca un notable sistema de reserva que permite a sus estimados clientes reservar directamente sus viajes deseados a trav\u00e9s de su propio sitio web. Equipado con sus funciones ingeniosas y avanzadas, as\u00ed como con su interfaz navegable sin esfuerzo, el tema de WordPress de viajes de Traveler se mantiene indiscutible como la opci\u00f3n \u00f3ptima para cualquier persona que desee construir un sitio web orientado a viajes triunfalmente exitoso.<\/p>\n<ul>\n<li>Dise\u00f1o receptivo para una visualizaci\u00f3n \u00f3ptima en todos los dispositivos<\/li>\n<li>P\u00e1gina de inicio personalizable con creador de p\u00e1ginas de arrastrar y soltar<\/li>\n<li>Sistema de reserva integrado con opciones de pasarela de pago<\/li>\n<li>Opciones de b\u00fasqueda avanzadas para vuelos, adaptaciones y actividades<\/li>\n<li>Instalaci\u00f3n de demostraci\u00f3n de un solo clic para una f\u00e1cil configuraci\u00f3n<\/li>\n<li>Soporte de varios idiomas para viajeros globales<\/li>\n<li>Integraci\u00f3n con sitios de viajes populares para una f\u00e1cil importaci\u00f3n de contenido<\/li>\n<li>Tipos de publicaciones personalizadas para itinerarios de viaje, testimonios y miembros del equipo<\/li>\n<li>Compartir en redes sociales e integraci\u00f3n para una mayor visibilidad<\/li>\n<li>SEO optimizado para una mejor clasificaci\u00f3n de motores de b\u00fasqueda.<\/li>\n<\/ul>\n","protected":false},"excerpt":{"rendered":"<p>El tema de WordPress de la reserva de viajes de Traveler es una soluci\u00f3n impecable para las personas que buscan establecer un sitio web sofisticado y refinado para su empresa de viajes. Este tema notable ofrece a los usuarios la oportunidad de exhibir sin esfuerzo su variedad de paquetes de viajes, alojamientos y excursiones, facilitando as\u00ed a los clientes para reservar sin problemas sus pr\u00f3ximos esfuerzos con la mayor comodidad a trav\u00e9s de un solo pu\u00f1ado de clics del mouse. En incorporaci\u00f3n de la personalizaci\u00f3n completa, un dise\u00f1o de vanguardia y una gran cantidad de herramientas y caracter\u00edsticas robustas, este tema est\u00e1 preparado para atender a todos sus requisitos previos de reserva de viajes.<\/p>\n","protected":false},"featured_media":167850,"comment_status":"open","ping_status":"open","template":"","meta":[],"product_brand":[2337],"product_cat":[1548,1237,1238],"product_tag":[1391],"class_list":{"0":"post-111355","1":"product","2":"type-product","3":"status-publish","4":"has-post-thumbnail","6":"product_brand-themeforest","7":"product_cat-resort-hotel","8":"product_cat-temas","9":"product_cat-wordpress-temas","10":"product_tag-themeforest","11":"member-discount","12":"discount-restricted","14":"first","15":"instock","16":"sale","17":"downloadable","18":"virtual","19":"sold-individually","20":"purchasable","21":"product-type-simple"},"_links":{"self":[{"href":"https:\/\/gpl-love.com\/es\/wp-json\/wp\/v2\/product\/111355","targetHints":{"allow":["GET"]}}],"collection":[{"href":"https:\/\/gpl-love.com\/es\/wp-json\/wp\/v2\/product"}],"about":[{"href":"https:\/\/gpl-love.com\/es\/wp-json\/wp\/v2\/types\/product"}],"replies":[{"embeddable":true,"href":"https:\/\/gpl-love.com\/es\/wp-json\/wp\/v2\/comments?post=111355"}],"wp:featuredmedia":[{"embeddable":true,"href":"https:\/\/gpl-love.com\/es\/wp-json\/wp\/v2\/media\/167850"}],"wp:attachment":[{"href":"https:\/\/gpl-love.com\/es\/wp-json\/wp\/v2\/media?parent=111355"}],"wp:term":[{"taxonomy":"product_brand","embeddable":true,"href":"https:\/\/gpl-love.com\/es\/wp-json\/wp\/v2\/product_brand?post=111355"},{"taxonomy":"product_cat","embeddable":true,"href":"https:\/\/gpl-love.com\/es\/wp-json\/wp\/v2\/product_cat?post=111355"},{"taxonomy":"product_tag","embeddable":true,"href":"https:\/\/gpl-love.com\/es\/wp-json\/wp\/v2\/product_tag?post=111355"}],"curies":[{"name":"wp","href":"https:\/\/api.w.org\/{rel}","templated":true}]}}