{"id":111351,"date":"2026-02-06T00:00:00","date_gmt":"2026-02-06T05:00:00","guid":{"rendered":"http:\/\/gpl-love.com\/es\/producto\/shopme-multi-vendor-woocommerce-wordpress-theme\/"},"modified":"2026-04-10T11:24:45","modified_gmt":"2026-04-10T16:24:45","slug":"shopme-multi-vendor-woocommerce-wordpress-theme","status":"publish","type":"product","link":"https:\/\/gpl-love.com\/es\/producto\/shopme-multi-vendor-woocommerce-wordpress-theme\/","title":{"rendered":"ShopMe Multi Vendor Woocommerce WordPress Theme 1.6.4"},"content":{"rendered":"<h3>ShopMe Multi Vendor Woocommerce WordPress Theme Caracteristicas<\/h3>\n<p>Dise\u00f1ado espec\u00edficamente para emprendedores en l\u00ednea que buscan establecer y supervisar un mercado de m\u00faltiples vendedores, el tema de WordPress WooCommerce de Shopme es una soluci\u00f3n de comercio electr\u00f3nico incre\u00edblemente robusta y tecnol\u00f3gicamente avanzada. Con una impresionante variedad de caracter\u00edsticas y funcionalidades, este tema ofrece una interfaz altamente intuitiva y f\u00e1cil de usar con una amplia gama de opciones de personalizaci\u00f3n para permitir la creaci\u00f3n de una experiencia de compra verdaderamente \u00fanica y cautivadora para sus clientes valorados. Adem\u00e1s, el dise\u00f1o receptivo de este tema garantiza que su sitio web no solo mantenga su atractivo est\u00e9tico sino que tambi\u00e9n funciona impecablemente en todos los dispositivos. Adem\u00e1s, la inclusi\u00f3n de caracter\u00edsticas de vanguardia, como m\u00faltiples pasarelas de pago, herramientas de gesti\u00f3n de proveedores eficientes y un motor de b\u00fasqueda formidable, hace que el tema de WordPress de WordPress de ShopMe sea una opci\u00f3n excepcionalmente convincente para cualquier persona que busque construir un mercado en l\u00ednea pr\u00f3spero y emocionante.<\/p>\n<ul>\n<li>Un tema de comercio electr\u00f3nico de m\u00faltiples proveedores totalmente personalizable para WooCommerce y WordPress<\/li>\n<li>Viene con soporte incorporado para m\u00faltiples proveedores, lo que permite a las empresas crear y administrar sus propios escaparates dentro de su sitio web de comercio electr\u00f3nico<\/li>\n<li>El dise\u00f1o de sitio web intuitivo y f\u00e1cil de usar garantiza que los clientes tengan una experiencia de compra sin problemas, mientras que los proveedores tendr\u00e1n un proceso simplificado para cargar y vender sus productos<\/li>\n<li>Las caracter\u00edsticas incluidas como listados de productos a granel, informes y an\u00e1lisis espec\u00edficos de los proveedores, y las herramientas de gesti\u00f3n de env\u00edo hacen que la ejecuci\u00f3n de un mercado de m\u00faltiples proveedores sea simple y eficiente<\/li>\n<li>Los elementos de dise\u00f1o personalizables, que incluyen m\u00e1s de 20 dise\u00f1os de p\u00e1gina de inicio preconstruidos y una variedad de esquemas de color y opciones de fuentes, le brindan a su sitio web un aspecto \u00fanico y profesional.<\/li>\n<li>La integraci\u00f3n con complementos populares, como Yoast SEO y el Formulario de contacto 7, mejora a\u00fan m\u00e1s la funcionalidad y capacidades de su sitio web<\/li>\n<li>Los recursos dedicados de soporte y documentaci\u00f3n aseguran que pueda configurar f\u00e1cilmente y aprovechar al m\u00e1ximo el tema de WordPress de WordPress de Shopme Multi Vendor.<\/li>\n<\/ul>\n","protected":false},"excerpt":{"rendered":"<p>Shopme, un tema de WordPress de WooCommerce, es reconocido por su excepcional capacidad de respuesta e interfaz f\u00e1cil de usar, lo que lo convierte en una opci\u00f3n ideal para aquellos que buscan establecer mercados en l\u00ednea, tiendas de m\u00faltiples proveedores y sitios web de comercio electr\u00f3nico. Con una gran cantidad de atributos notables, como un compositor visual, widgets personalizables, integraci\u00f3n perfecta con plataformas de redes sociales, una amplia gama de opciones de pago flexibles, optimizaci\u00f3n de SEO de primer nivel y un sistema de reserva resistente, Shopme garantiza que los comerciantes tengan todos los esenciales que tengan todos los esenciales el esencial Herramientas a su disposici\u00f3n para establecer r\u00e1pidamente y sin esfuerzo una tienda en l\u00ednea. Adem\u00e1s, este tema es compatible con todos los dispositivos, garantizando una experiencia de compra perfecta y encantadora para los clientes.<\/p>\n","protected":false},"featured_media":167482,"comment_status":"open","ping_status":"open","template":"","meta":[],"product_brand":[2337],"product_cat":[1263,1264,1237],"product_tag":[1391],"class_list":{"0":"post-111351","1":"product","2":"type-product","3":"status-publish","4":"has-post-thumbnail","6":"product_brand-themeforest","7":"product_cat-comercio-electronico-temas","8":"product_cat-negocio","9":"product_cat-temas","10":"product_tag-themeforest","11":"member-discount","12":"discount-restricted","14":"first","15":"instock","16":"sale","17":"downloadable","18":"virtual","19":"sold-individually","20":"purchasable","21":"product-type-simple"},"_links":{"self":[{"href":"https:\/\/gpl-love.com\/es\/wp-json\/wp\/v2\/product\/111351","targetHints":{"allow":["GET"]}}],"collection":[{"href":"https:\/\/gpl-love.com\/es\/wp-json\/wp\/v2\/product"}],"about":[{"href":"https:\/\/gpl-love.com\/es\/wp-json\/wp\/v2\/types\/product"}],"replies":[{"embeddable":true,"href":"https:\/\/gpl-love.com\/es\/wp-json\/wp\/v2\/comments?post=111351"}],"wp:featuredmedia":[{"embeddable":true,"href":"https:\/\/gpl-love.com\/es\/wp-json\/wp\/v2\/media\/167482"}],"wp:attachment":[{"href":"https:\/\/gpl-love.com\/es\/wp-json\/wp\/v2\/media?parent=111351"}],"wp:term":[{"taxonomy":"product_brand","embeddable":true,"href":"https:\/\/gpl-love.com\/es\/wp-json\/wp\/v2\/product_brand?post=111351"},{"taxonomy":"product_cat","embeddable":true,"href":"https:\/\/gpl-love.com\/es\/wp-json\/wp\/v2\/product_cat?post=111351"},{"taxonomy":"product_tag","embeddable":true,"href":"https:\/\/gpl-love.com\/es\/wp-json\/wp\/v2\/product_tag?post=111351"}],"curies":[{"name":"wp","href":"https:\/\/api.w.org\/{rel}","templated":true}]}}