{"id":111349,"date":"2022-03-19T00:00:00","date_gmt":"2022-03-19T05:00:00","guid":{"rendered":"http:\/\/gpl-love.com\/es\/producto\/topdeal-multi-vendor-marketplace-wordpress-theme\/"},"modified":"2026-04-10T11:28:53","modified_gmt":"2026-04-10T16:28:53","slug":"topdeal-multi-vendor-marketplace-wordpress-theme","status":"publish","type":"product","link":"https:\/\/gpl-love.com\/es\/producto\/topdeal-multi-vendor-marketplace-wordpress-theme\/","title":{"rendered":"TopDeal Multi Vendor Marketplace WordPress Theme 2.3.3"},"content":{"rendered":"<h3>TopDeal Multi Vendor Marketplace WordPress Theme Caracteristicas<\/h3>\n<p>El tema de WordPress de WordPress de TopDeal Multi Vendor, que posee una gran cantidad de caracter\u00edsticas y personalizaciones, sirve como una herramienta incre\u00edblemente potente y vers\u00e1til para aquellos que tienen como objetivo establecer un mercado en l\u00ednea. Los usuarios pueden manejar sin esfuerzo m\u00faltiples proveedores y productos, durante una sola plataforma, gracias a la amplia gama de atributos de este tema. Adem\u00e1s, la capacidad de respuesta completa del tema garantiza que su mercado irradiar\u00e1 la excelencia en cualquier dispositivo desde el que se acceda. Con su interfaz f\u00e1cil de usar y sus s\u00f3lidas herramientas administrativas, Topdeal se destaca como una opci\u00f3n ideal para las personas que se esfuerzan por embarcarse en su viaje personal en l\u00ednea en l\u00ednea. No importa si usted es un propietario de un negocio a peque\u00f1a escala, un emprendedor determinado o un individuo que simplemente se esfuerza por fomentar una floreciente comunidad en l\u00ednea, el tema de WordPress de WordPress de TopDeal Multi Vendor es inequ\u00edvocamente capaz de ayudarlo a obtener sus aspiraciones.<\/p>\n<ul>\n<li>Tema de mercado de m\u00faltiples proveedores vers\u00e1til y f\u00e1cil de usar para WordPress<\/li>\n<li>Admite m\u00faltiples pasarelas de pago para hacer que las transacciones sean perfectas tanto para proveedores como para compradores<\/li>\n<li>Repleto de caracter\u00edsticas potentes para garantizar un manejo sin problemas de su mercado, incluida la gesti\u00f3n de pedidos, las comisiones de proveedores y las revisiones de productos<\/li>\n<li>Totalmente receptivo y optimizado m\u00f3vil, lo que permite a los compradores comprar f\u00e1cilmente sus dispositivos m\u00f3viles<\/li>\n<li>Viene con 10 dise\u00f1os de p\u00e1gina de inicio predise\u00f1ados que se pueden personalizar f\u00e1cilmente para que coincidan con la est\u00e9tica y la marca de su mercado<\/li>\n<li>Construido con la optimizaci\u00f3n de SEO en mente para ayudar a impulsar la visibilidad y la presencia en l\u00ednea de su mercado<\/li>\n<li>Ofrece funcionalidad de b\u00fasqueda avanzada y filtros, lo que permite a los compradores encontrar f\u00e1cilmente lo que est\u00e1n buscando<\/li>\n<li>Proporciona an\u00e1lisis y informes detallados, incluidos informes de ventas, informes de comisiones e informes de rendimiento del proveedor, para ayudarlo a rastrear el rendimiento de su mercado<\/li>\n<li>Se integra a la perfecci\u00f3n con los complementos populares de WordPress como WooCommerce y para extender la funcionalidad de su mercado<\/li>\n<li>Ofrece una excelente atenci\u00f3n al cliente y documentaci\u00f3n para ayudarlo a aprovechar al m\u00e1ximo el tema.<\/li>\n<\/ul>\n","protected":false},"excerpt":{"rendered":"<p>El tema de WordPress de WordPress de TopDeal Multi Vendor es una soluci\u00f3n de comercio electr\u00f3nico altamente vers\u00e1til e incre\u00edblemente robusta que atiende a la creaci\u00f3n de un mercado de m\u00faltiples proveedores. Empodera a los usuarios la capacidad de establecer sin esfuerzo una tienda en l\u00ednea que se adapte a m\u00faltiples proveedores, lo que lo convierte en una opci\u00f3n incre\u00edblemente atractiva para los aspirantes a empresarios que buscan embarcarse en sus propias empresas en l\u00ednea lucrativas. Con una interfaz que exude a la facilidad de uso, una variedad de opciones de dise\u00f1o personalizables y una variedad de caracter\u00edsticas avanzadas, como revisiones de productos, sistemas de calificaci\u00f3n y comisiones de vendedores, el tema de WordPress de WordPress de m\u00faltiples proveedores de TopDeal se demuestra que es el ep\u00edtome de la excelencia cuando el ep\u00edtome de la excelencia cuando Se trata de la creaci\u00f3n de mercados en l\u00ednea profesionales y f\u00e1ciles de usar.<\/p>\n","protected":false},"featured_media":167834,"comment_status":"open","ping_status":"open","template":"","meta":[],"product_brand":[2337],"product_cat":[1263,1264,1237],"product_tag":[1391],"class_list":{"0":"post-111349","1":"product","2":"type-product","3":"status-publish","4":"has-post-thumbnail","6":"product_brand-themeforest","7":"product_cat-comercio-electronico-temas","8":"product_cat-negocio","9":"product_cat-temas","10":"product_tag-themeforest","11":"member-discount","12":"discount-restricted","14":"first","15":"instock","16":"sale","17":"downloadable","18":"virtual","19":"sold-individually","20":"purchasable","21":"product-type-simple"},"_links":{"self":[{"href":"https:\/\/gpl-love.com\/es\/wp-json\/wp\/v2\/product\/111349","targetHints":{"allow":["GET"]}}],"collection":[{"href":"https:\/\/gpl-love.com\/es\/wp-json\/wp\/v2\/product"}],"about":[{"href":"https:\/\/gpl-love.com\/es\/wp-json\/wp\/v2\/types\/product"}],"replies":[{"embeddable":true,"href":"https:\/\/gpl-love.com\/es\/wp-json\/wp\/v2\/comments?post=111349"}],"wp:featuredmedia":[{"embeddable":true,"href":"https:\/\/gpl-love.com\/es\/wp-json\/wp\/v2\/media\/167834"}],"wp:attachment":[{"href":"https:\/\/gpl-love.com\/es\/wp-json\/wp\/v2\/media?parent=111349"}],"wp:term":[{"taxonomy":"product_brand","embeddable":true,"href":"https:\/\/gpl-love.com\/es\/wp-json\/wp\/v2\/product_brand?post=111349"},{"taxonomy":"product_cat","embeddable":true,"href":"https:\/\/gpl-love.com\/es\/wp-json\/wp\/v2\/product_cat?post=111349"},{"taxonomy":"product_tag","embeddable":true,"href":"https:\/\/gpl-love.com\/es\/wp-json\/wp\/v2\/product_tag?post=111349"}],"curies":[{"name":"wp","href":"https:\/\/api.w.org\/{rel}","templated":true}]}}