{"id":111345,"date":"2025-12-28T00:00:00","date_gmt":"2025-12-28T05:00:00","guid":{"rendered":"http:\/\/gpl-love.com\/es\/producto\/mylisting-directory-and-listing-wordpress-theme\/"},"modified":"2026-03-13T17:25:05","modified_gmt":"2026-03-13T22:25:05","slug":"mylisting-directory-and-listing-wordpress-theme","status":"publish","type":"product","link":"https:\/\/gpl-love.com\/es\/producto\/mylisting-directory-and-listing-wordpress-theme\/","title":{"rendered":"MyListing Directory y Listing WordPress Theme 2.13"},"content":{"rendered":"<h3>MyListing Directory y Listing WordPress Theme Caracteristicas<\/h3>\n<p>El directorio de MyListing y el tema de WordPress de WordPress es una herramienta incre\u00edblemente robusta y vers\u00e1til que faculta a los usuarios crear directorios din\u00e1micos en l\u00ednea din\u00e1micos o sitios web de listado. Con su dise\u00f1o de vanguardia y cautivador visualmente, este tema proporciona a los usuarios la flexibilidad y la libertad de personalizar todos los aspectos de su sitio web, asegurando una presencia en l\u00ednea verdaderamente \u00fanica y alineada con marca. En particular, MyListing viene equipado con una extensa gama de plantillas y demostraciones prefabricadas, lo que permite a los usuarios importar y personalizar sin esfuerzo su sitio web para cumplir con sus preferencias y requisitos espec\u00edficos. Adem\u00e1s, este tema cuenta con una gran cantidad de caracter\u00edsticas, incluidos filtros de b\u00fasqueda avanzados, perfiles de usuarios, gesti\u00f3n de listados e integraci\u00f3n de pagos sin problemas, lo que permite a los usuarios monetizar sin esfuerzo su sitio web y generar ingresos. Adem\u00e1s, Mylisting se enorgullece de proporcionar un apoyo incomparable y una documentaci\u00f3n integral, lo que lo convierte en la opci\u00f3n ideal para las personas que se aventuran en el mundo de WordPress o la construcci\u00f3n de directorio en l\u00ednea. Con su funcionalidad incomparable, la interfaz f\u00e1cil de usar y el soporte inigualable, el directorio de MyListing y el tema de WordPress de la lista es la mejor opci\u00f3n para aquellos que buscan crear un directorio o un sitio web en l\u00ednea pulido, profesional y sin problemas.<\/p>\n<ul>\n<li>MyListing es un directorio vers\u00e1til y un tema de WordPress de listado dise\u00f1ado para crear una variedad de sitios web.<\/li>\n<li>Este tema viene con m\u00faltiples demostraciones y plantillas preconstruidas, lo que le permite crear r\u00e1pida y f\u00e1cilmente un sitio web de aspecto profesional.<\/li>\n<li>Con constructores de p\u00e1ginas de arrastrar y soltar y campos personalizables, puede adaptar f\u00e1cilmente sus listados para satisfacer sus necesidades comerciales.<\/li>\n<li>Las opciones de filtrado avanzadas facilitan a los visitantes encontrar exactamente lo que est\u00e1n buscando, mejorar su experiencia y mantenerlos comprometidos.<\/li>\n<li>La integraci\u00f3n con complementos populares como WooCommerce y el Formulario de contacto 7 facilitan agregar comercio electr\u00f3nico o funcionalidad de contacto a su sitio web.<\/li>\n<li>MyListing es totalmente receptivo, asegurando que su sitio web se vea genial en todos los dispositivos, desde escritorios hasta tel\u00e9fonos m\u00f3viles.<\/li>\n<li>El tema es actualizado regularmente y bien respaldado por sus creadores, asegurando que siempre tenga acceso a las \u00faltimas funciones y actualizaciones de seguridad.<\/li>\n<li>Los clientes elogian la facilidad de uso, la flexibilidad y la atenci\u00f3n al cliente del tema.<\/li>\n<\/ul>\n","protected":false},"excerpt":{"rendered":"<p>MyListing es un tema de WordPress excepcionalmente robusto y din\u00e1mico dise\u00f1ado espec\u00edficamente para satisfacer las necesidades de las personas que buscan establecer y mantener su propio directorio en l\u00ednea. Este notable tema cuenta con una interfaz de arrastre y suelta incre\u00edblemente f\u00e1cil de usar que faculta sin esfuerzo a los usuarios para administrar efectivamente sus listados, los pagos de procesos sin problemas y presentar su contenido de una manera cautivadora sin precedentes. Adem\u00e1s, MyListing se ve mejorado por sus capacidades de b\u00fasqueda y filtrado de vanguardia, lo que permite una precisi\u00f3n y precisi\u00f3n incomparables. Adem\u00e1s, el tema ofrece una variedad de campos y atributos personalizables, as\u00ed como una variedad de demostraciones preconstruidas meticulosamente elaboradas, lo que permite a los usuarios embarcarse perfectamente en su viaje de construcci\u00f3n de directorio con velocidad y eficiencia incomparables. Ya sea que las aspiraciones de uno se encuentren dentro del \u00e1mbito de la construcci\u00f3n de un directorio de negocios pr\u00f3spero o un sitio de listado de bienes ra\u00edces din\u00e1micas, o incluso cualquier otra empresa que se encuentre, la mylisting inequ\u00edvocamente abarca todas las herramientas y caracter\u00edsticas necesarias para transformar estos sue\u00f1os en una realidad sorprendente.<\/p>\n","protected":false},"featured_media":166876,"comment_status":"open","ping_status":"open","template":"","meta":[],"product_brand":[2337],"product_cat":[1239,1237,1238],"product_tag":[1391],"class_list":{"0":"post-111345","1":"product","2":"type-product","3":"status-publish","4":"has-post-thumbnail","6":"product_brand-themeforest","7":"product_cat-de-multiples-fines","8":"product_cat-temas","9":"product_cat-wordpress-temas","10":"product_tag-themeforest","11":"member-discount","12":"discount-restricted","14":"first","15":"instock","16":"sale","17":"downloadable","18":"virtual","19":"sold-individually","20":"purchasable","21":"product-type-simple"},"_links":{"self":[{"href":"https:\/\/gpl-love.com\/es\/wp-json\/wp\/v2\/product\/111345","targetHints":{"allow":["GET"]}}],"collection":[{"href":"https:\/\/gpl-love.com\/es\/wp-json\/wp\/v2\/product"}],"about":[{"href":"https:\/\/gpl-love.com\/es\/wp-json\/wp\/v2\/types\/product"}],"replies":[{"embeddable":true,"href":"https:\/\/gpl-love.com\/es\/wp-json\/wp\/v2\/comments?post=111345"}],"wp:featuredmedia":[{"embeddable":true,"href":"https:\/\/gpl-love.com\/es\/wp-json\/wp\/v2\/media\/166876"}],"wp:attachment":[{"href":"https:\/\/gpl-love.com\/es\/wp-json\/wp\/v2\/media?parent=111345"}],"wp:term":[{"taxonomy":"product_brand","embeddable":true,"href":"https:\/\/gpl-love.com\/es\/wp-json\/wp\/v2\/product_brand?post=111345"},{"taxonomy":"product_cat","embeddable":true,"href":"https:\/\/gpl-love.com\/es\/wp-json\/wp\/v2\/product_cat?post=111345"},{"taxonomy":"product_tag","embeddable":true,"href":"https:\/\/gpl-love.com\/es\/wp-json\/wp\/v2\/product_tag?post=111345"}],"curies":[{"name":"wp","href":"https:\/\/api.w.org\/{rel}","templated":true}]}}