{"id":111343,"date":"2025-12-12T00:00:00","date_gmt":"2025-12-12T05:00:00","guid":{"rendered":"http:\/\/gpl-love.com\/es\/producto\/upstore-responsive-multi-purpose-wordpress-theme\/"},"modified":"2026-03-28T17:16:19","modified_gmt":"2026-03-28T22:16:19","slug":"upstore-responsive-multi-purpose-wordpress-theme","status":"publish","type":"product","link":"https:\/\/gpl-love.com\/es\/producto\/upstore-responsive-multi-purpose-wordpress-theme\/","title":{"rendered":"UpStore Responsive Multi-Purpose WordPress Theme 1.7.9"},"content":{"rendered":"<h3>UpStore Responsive Multi-Purpose WordPress Theme Caracteristicas<\/h3>\n<p>El tema de WordPress multiprop\u00f3sito receptivo en el almac\u00e9n ofrece una gran cantidad de oportunidades para los usuarios que buscan crear diversos sitios web, como tiendas de comercio electr\u00f3nico, sitios comerciales, blogs y m\u00e1s. Lo que distingue a esta plantilla es su notable versatilidad y naturaleza din\u00e1mica. En particular, el tema cuenta con un dise\u00f1o totalmente receptivo que se adapta sin esfuerzo a cualquier tama\u00f1o de pantalla, lo que lo hace optimizado tanto para dispositivos de escritorio como para dispositivos m\u00f3viles. Adem\u00e1s, a los usuarios se les otorga una amplia gama de opciones personalizables para elegir, incluida una amplia selecci\u00f3n de esquemas de color, opciones de fuente y configuraciones de dise\u00f1o. Tal flexibilidad asegura que cada sitio web creado con este tema exude una est\u00e9tica \u00fanica y profesional.<\/p>\n<p>Adem\u00e1s de su personalizaci\u00f3n, el tema tambi\u00e9n viene equipado con una variedad de plantillas preconstruidas y dise\u00f1os de p\u00e1gina, ofreciendo a los usuarios una conveniencia adicional durante el proceso de creaci\u00f3n del sitio web. Adem\u00e1s, el tema de WordPress multiprop\u00f3sito que responde a la tienda hacia arriba se integra perfectamente con WooCommerce, una plataforma de comercio electr\u00f3nico l\u00edder, lo que permite a los usuarios configurar y administrar sin esfuerzo una tienda en l\u00ednea. Esta compatibilidad garantiza una experiencia de compra en l\u00ednea perfecta y eficiente para los clientes.<\/p>\n<p>Por \u00faltimo, pero sin duda no menos importante, los atributos notables del tema se extienden m\u00e1s all\u00e1 de la est\u00e9tica y la conveniencia. Con capacidades de rendimiento potentes, este tema de WordPress garantiza un sitio web que no solo se ve moderno sino que tambi\u00e9n funciona de manera efectiva. Con su interfaz f\u00e1cil de usar, incluso aquellos con experiencia t\u00e9cnica m\u00ednima pueden navegar y utilizar las caracter\u00edsticas del tema con facilidad. En resumen, el tema de WordPress multiprop\u00f3sito que responde sin lugar a m\u00e1xima se considera sin lugar a dudas como el ep\u00edtome de una opci\u00f3n de primer nivel para aquellos que buscan construir un sitio web contempor\u00e1neo e impactante.<\/p>\n<ul>\n<li>Un tema de WordPress vers\u00e1til y din\u00e1mico adecuado para m\u00faltiples prop\u00f3sitos<\/li>\n<li>El dise\u00f1o receptivo garantiza una experiencia de visualizaci\u00f3n \u00f3ptima en todos los dispositivos<\/li>\n<li>Las opciones de personalizaci\u00f3n flexible permiten un sitio web \u00fanico y personalizado<\/li>\n<li>Optimizaci\u00f3n de SEO incorporada para mejorar las clasificaciones de los motores de b\u00fasqueda<\/li>\n<li>Proceso de instalaci\u00f3n r\u00e1pido y f\u00e1cil para usuarios de todas las habilidades t\u00e9cnicas<\/li>\n<li>Integrado con complementos populares como WooCommerce para la funcionalidad de comercio electr\u00f3nico sin problemas<\/li>\n<li>Documentaci\u00f3n y apoyo integral para la resoluci\u00f3n de problemas y asistencia<\/li>\n<li>Actualizaciones y mejoras regulares para garantizar la longevidad y la compatibilidad con las \u00faltimas actualizaciones de WordPress.<\/li>\n<li>Opciones de color ilimitadas, m\u00faltiples estilos de encabezado y pie de p\u00e1gina, varios dise\u00f1os de cartera disponibles para elegir.<\/li>\n<li>Integraciones con servicios populares de terceros como MailChimp, Google Fonts.<\/li>\n<\/ul>\n","protected":false},"excerpt":{"rendered":"<p>El tema de WordPress multiprop\u00f3sito que responde en el almac\u00e9n demuestra ser una soluci\u00f3n \u00f3ptima para las personas que buscan establecer un sitio web est\u00e9ticamente agradable y sofisticado. Con su dise\u00f1o contempor\u00e1neo y adaptable, este tema demuestra ser aplicable en una amplia gama de industrias y prop\u00f3sitos, que van desde plataformas de comercio electr\u00f3nico hasta blogs curados personalmente. Adem\u00e1s, llega completo con una variedad de dise\u00f1os y funcionalidades prefabricados, facilitando efectivamente el proceso de personalizaci\u00f3n y permitiendo la elegante exhibici\u00f3n de su contenido. Adem\u00e1s, el tema cuenta con un dise\u00f1o receptivo, que garantiza que su sitio web exude Brillo, independientemente del dispositivo desde el que se acceda, asegurando as\u00ed una experiencia de usuario perfecta y gratificante. Independientemente de si es un ne\u00f3fito o un usuario experimentado de WordPress, el tema de la tienda ascendente se considera la mejor selecci\u00f3n para dise\u00f1ar una presencia virtual cautivadora.<\/p>\n","protected":false},"featured_media":167904,"comment_status":"open","ping_status":"open","template":"","meta":[],"product_brand":[2337],"product_cat":[1263,1264,1237],"product_tag":[1391],"class_list":{"0":"post-111343","1":"product","2":"type-product","3":"status-publish","4":"has-post-thumbnail","6":"product_brand-themeforest","7":"product_cat-comercio-electronico-temas","8":"product_cat-negocio","9":"product_cat-temas","10":"product_tag-themeforest","11":"member-discount","12":"discount-restricted","14":"first","15":"instock","16":"sale","17":"downloadable","18":"virtual","19":"sold-individually","20":"purchasable","21":"product-type-simple"},"_links":{"self":[{"href":"https:\/\/gpl-love.com\/es\/wp-json\/wp\/v2\/product\/111343","targetHints":{"allow":["GET"]}}],"collection":[{"href":"https:\/\/gpl-love.com\/es\/wp-json\/wp\/v2\/product"}],"about":[{"href":"https:\/\/gpl-love.com\/es\/wp-json\/wp\/v2\/types\/product"}],"replies":[{"embeddable":true,"href":"https:\/\/gpl-love.com\/es\/wp-json\/wp\/v2\/comments?post=111343"}],"wp:featuredmedia":[{"embeddable":true,"href":"https:\/\/gpl-love.com\/es\/wp-json\/wp\/v2\/media\/167904"}],"wp:attachment":[{"href":"https:\/\/gpl-love.com\/es\/wp-json\/wp\/v2\/media?parent=111343"}],"wp:term":[{"taxonomy":"product_brand","embeddable":true,"href":"https:\/\/gpl-love.com\/es\/wp-json\/wp\/v2\/product_brand?post=111343"},{"taxonomy":"product_cat","embeddable":true,"href":"https:\/\/gpl-love.com\/es\/wp-json\/wp\/v2\/product_cat?post=111343"},{"taxonomy":"product_tag","embeddable":true,"href":"https:\/\/gpl-love.com\/es\/wp-json\/wp\/v2\/product_tag?post=111343"}],"curies":[{"name":"wp","href":"https:\/\/api.w.org\/{rel}","templated":true}]}}