{"id":111341,"date":"2025-11-27T00:00:00","date_gmt":"2025-11-27T05:00:00","guid":{"rendered":"http:\/\/gpl-love.com\/es\/producto\/docly-documentation-and-knowledge-base-wordpress-theme\/"},"modified":"2026-03-13T17:19:22","modified_gmt":"2026-03-13T22:19:22","slug":"docly-documentation-and-knowledge-base-wordpress-theme","status":"publish","type":"product","link":"https:\/\/gpl-love.com\/es\/producto\/docly-documentation-and-knowledge-base-wordpress-theme\/","title":{"rendered":"Docly Documentation And Knowledge Base WordPress Theme 2.2.0"},"content":{"rendered":"<h3>Docly Documentation And Knowledge Base WordPress Theme Caracteristicas<\/h3>\n<p>El tema de WordPress de documentaci\u00f3n y conocimiento de Docly es un tema excepcionalmente flexible e intuitivo que ha sido dise\u00f1ado espec\u00edficamente para sitios web que requieren un sistema de administraci\u00f3n de bases y bases de conocimiento f\u00e1cil de usar. Con un dise\u00f1o elegante y moderno, Docly es una opci\u00f3n ideal para empresas, instituciones educativas y otras organizaciones que buscan facilitar el f\u00e1cil acceso a la informaci\u00f3n para sus usuarios. Incorporando las \u00faltimas tecnolog\u00edas web, este tema abarca una multitud de caracter\u00edsticas impresionantes, que incluye un motor de b\u00fasqueda robusto, dise\u00f1os personalizables y soporte para m\u00faltiples idiomas. Ya sea que aspira a crear un manual de producto integral, una gu\u00eda de usuario integral o un centro de ayuda en l\u00ednea que abarca todo, Docly sirve como la soluci\u00f3n por excelencia para todas sus necesidades de documentaci\u00f3n. Adem\u00e1s, con su proceso de configuraci\u00f3n sin esfuerzo y su extensa documentaci\u00f3n, incluso las personas con competencia t\u00e9cnica limitada pueden establecer y personalizar r\u00e1pidamente su sitio web con absoluta facilidad.<\/p>\n<ul>\n<li>Dise\u00f1o moderno y profesional<\/li>\n<li>Opciones de dise\u00f1o y esquema de color totalmente personalizables<\/li>\n<li>Constructor de p\u00e1gina f\u00e1cil de usar para crear p\u00e1ginas y dise\u00f1os personalizados<\/li>\n<li>Capacidades de b\u00fasqueda avanzada para encontrar informaci\u00f3n r\u00e1pidamente<\/li>\n<li>Funcionalidad de base de conocimiento incorporada para organizar y presentar contenido<\/li>\n<li>Integraci\u00f3n con CRM populares y sistemas de boletos para experiencias de soporte sin problemas<\/li>\n<li>Dise\u00f1o receptivo para una visualizaci\u00f3n \u00f3ptima en todos los dispositivos<\/li>\n<li>Compatible con una variedad de complementos de WordPress para la funcionalidad extendida<\/li>\n<li>Documentaci\u00f3n integral y recursos de soporte incluidos<\/li>\n<li>Actualizaciones y mejoras regulares para garantizar la compatibilidad y la seguridad continuas.<\/li>\n<\/ul>\n","protected":false},"excerpt":{"rendered":"<p>Entra en el futuro del dise\u00f1o de sitios web con el tema Docly Documentation and Knowledge Base WordPress. Creado con l\u00edneas limpias y un dise\u00f1o receptivo, este tema es perfecto para empresas, organizaciones e individuos que valoran una interfaz de sitio web intuitiva y f\u00e1cil de navegar.<\/p>\n<p>El tema Docly es una herramienta poderosa para construir una base de conocimiento integral. Ya sea que est\u00e9 creando una base de datos de documentaci\u00f3n detallada del producto, una biblioteca de gu\u00edas de instrucci\u00f3n o una colecci\u00f3n de publicaciones de blog perspicaces, Docly proporciona la flexibilidad para satisfacer sus necesidades. Es un tema de WordPress que comprende la importancia de una base de conocimiento bien organizada y de f\u00e1cil acceso, y est\u00e1 dise\u00f1ado para hacer que el proceso de creaci\u00f3n y administraci\u00f3n de su contenido sea lo m\u00e1s fluido posible.<\/p>\n<p>Crucialmente, Docly est\u00e1 construido con la optimizaci\u00f3n de SEO en mente, por lo que su contenido ser\u00e1 f\u00e1cilmente descubrirlo por usuarios y motores de b\u00fasqueda por igual. Tambi\u00e9n admite una variedad de complementos populares, lo que le permite integrar sus herramientas favoritas y personalizar su sitio a su gusto.<\/p>\n<p>Adem\u00e1s, el doctor<\/p>\n","protected":false},"featured_media":165797,"comment_status":"open","ping_status":"open","template":"","meta":[],"product_brand":[2337],"product_cat":[1267,1237,1238],"product_tag":[1391],"class_list":{"0":"post-111341","1":"product","2":"type-product","3":"status-publish","4":"has-post-thumbnail","6":"product_brand-themeforest","7":"product_cat-creativo","8":"product_cat-temas","9":"product_cat-wordpress-temas","10":"product_tag-themeforest","11":"member-discount","12":"discount-restricted","14":"first","15":"instock","16":"sale","17":"downloadable","18":"virtual","19":"sold-individually","20":"purchasable","21":"product-type-simple"},"_links":{"self":[{"href":"https:\/\/gpl-love.com\/es\/wp-json\/wp\/v2\/product\/111341","targetHints":{"allow":["GET"]}}],"collection":[{"href":"https:\/\/gpl-love.com\/es\/wp-json\/wp\/v2\/product"}],"about":[{"href":"https:\/\/gpl-love.com\/es\/wp-json\/wp\/v2\/types\/product"}],"replies":[{"embeddable":true,"href":"https:\/\/gpl-love.com\/es\/wp-json\/wp\/v2\/comments?post=111341"}],"wp:featuredmedia":[{"embeddable":true,"href":"https:\/\/gpl-love.com\/es\/wp-json\/wp\/v2\/media\/165797"}],"wp:attachment":[{"href":"https:\/\/gpl-love.com\/es\/wp-json\/wp\/v2\/media?parent=111341"}],"wp:term":[{"taxonomy":"product_brand","embeddable":true,"href":"https:\/\/gpl-love.com\/es\/wp-json\/wp\/v2\/product_brand?post=111341"},{"taxonomy":"product_cat","embeddable":true,"href":"https:\/\/gpl-love.com\/es\/wp-json\/wp\/v2\/product_cat?post=111341"},{"taxonomy":"product_tag","embeddable":true,"href":"https:\/\/gpl-love.com\/es\/wp-json\/wp\/v2\/product_tag?post=111341"}],"curies":[{"name":"wp","href":"https:\/\/api.w.org\/{rel}","templated":true}]}}