{"id":111338,"date":"2026-04-10T00:00:00","date_gmt":"2026-04-10T05:00:00","guid":{"rendered":"http:\/\/gpl-love.com\/es\/producto\/advanced-iframe-pro\/"},"modified":"2026-04-10T11:15:12","modified_gmt":"2026-04-10T16:15:12","slug":"advanced-iframe-pro","status":"publish","type":"product","link":"https:\/\/gpl-love.com\/es\/producto\/advanced-iframe-pro\/","title":{"rendered":"Advanced iFrame Pro 2026.1"},"content":{"rendered":"<h3>Advanced iFrame Pro Caracteristicas<\/h3>\n<p>La herramienta avanzada iframe Pro demuestra ser un recurso incre\u00edblemente potente e influyente, lo que permite a los usuarios integrar sin problemas el contenido de los sitios web externos en su propio sitio. Esta herramienta cuenta con una variedad de caracter\u00edsticas avanzadas que permiten a los usuarios personalizar la apariencia del iframe, administrar sin esfuerzo su tama\u00f1o y posici\u00f3n, e incluso incorporar un dise\u00f1o receptivo que garantice experiencias de visualizaci\u00f3n \u00f3ptimas en varios tama\u00f1os de pantalla. Adem\u00e1s, el complemento demuestra su versatilidad al acomodar una extensa variedad de tipos de contenido, incluidos videos, mapas, HTML personalizados y publicaciones de WordPress. Para aumentar a\u00fan m\u00e1s la experiencia del usuario, esta herramienta permite a los usuarios configurar la recarga autom\u00e1tica del iframe, permitir capacidades de desplazamiento e incluso introducir una pantalla de salpicaduras cautivadora para dar la bienvenida a los visitantes. Con su interfaz f\u00e1cil de usar y su documentaci\u00f3n integral, avanzado iframe Pro indudablemente se establece como un activo indispensable para las personas que buscan aumentar tanto la funcionalidad como los elementos de dise\u00f1o de su sitio web.<\/p>\n<ul>\n<li>Incorporar cualquier p\u00e1gina web o elemento HTML en su sitio web con facilidad<\/li>\n<li>Personalizar el tama\u00f1o, la posici\u00f3n y la apariencia del contenido integrado<\/li>\n<li>El soporte de dominio cruzado le permite incrustarse de forma segura incluso de diferentes dominios<\/li>\n<li>Utilice opciones receptivas para garantizar que su contenido integrado se vea genial en cualquier dispositivo<\/li>\n<li>La versi\u00f3n Pro incluye caracter\u00edsticas adicionales como carga perezosa, altura autom\u00e1tica y m\u00e1s<\/li>\n<li>Integraci\u00f3n con constructores de p\u00e1ginas populares como Elementor, Divi y Visual Composer<\/li>\n<li>Documentaci\u00f3n integral y equipo de apoyo dedicado para ayudar con cualquier problema<\/li>\n<\/ul>\n","protected":false},"excerpt":{"rendered":"<p>La herramienta avanzada iframe Pro es un recurso poderoso para los propietarios de sitios web, que ofrece capacidades s\u00f3lidas que permiten la incorporaci\u00f3n perfecta de contenido externo en sitios web. Esta herramienta extraordinaria es perfecta para integrar videos, mapas y alimentos en las redes sociales, al tiempo que mantiene el dise\u00f1o y la funcionalidad de su sitio web.<\/p>\n<p>Las caracter\u00edsticas avanzadas de iframe Pro no se limitan a solo incrustar contenido. Tambi\u00e9n ofrece un dise\u00f1o receptivo, opciones personalizables y enmascaramiento de iframe para garantizar que su contenido integrado no solo sea visualmente atractivo, sino que tambi\u00e9n ofrece un rendimiento \u00f3ptimo en todos los dispositivos.<\/p>\n<p>Diga adi\u00f3s a las incrustaciones enrevesadas y llenas de fallas y salude a un sitio web pulido y refinado con la ayuda de las capacidades extraordinarias de Advanced iframe Pro. Esta herramienta le permite crear un sitio web que no solo sea visualmente impresionante sino que tambi\u00e9n funcione funcionalmente, ofreciendo una experiencia de usuario perfecta. Advanced iframe Pro es la herramienta esencial para los propietarios de sitios web que buscan elevar su presencia digital. Es la combinaci\u00f3n perfecta de dise\u00f1o y funcionalidad, lo que lo convierte en un recurso indispensable para el sitio web moderno<\/p>\n","protected":false},"featured_media":165304,"comment_status":"open","ping_status":"open","template":"","meta":[],"product_brand":[2337],"product_cat":[1214,1206,1211],"product_tag":[1391],"class_list":{"0":"post-111338","1":"product","2":"type-product","3":"status-publish","4":"has-post-thumbnail","6":"product_brand-themeforest","7":"product_cat-personalizacion","8":"product_cat-plugins","9":"product_cat-wordpress-plugins","10":"product_tag-themeforest","11":"member-discount","12":"discount-restricted","14":"first","15":"instock","16":"sale","17":"downloadable","18":"virtual","19":"sold-individually","20":"purchasable","21":"product-type-simple"},"_links":{"self":[{"href":"https:\/\/gpl-love.com\/es\/wp-json\/wp\/v2\/product\/111338","targetHints":{"allow":["GET"]}}],"collection":[{"href":"https:\/\/gpl-love.com\/es\/wp-json\/wp\/v2\/product"}],"about":[{"href":"https:\/\/gpl-love.com\/es\/wp-json\/wp\/v2\/types\/product"}],"replies":[{"embeddable":true,"href":"https:\/\/gpl-love.com\/es\/wp-json\/wp\/v2\/comments?post=111338"}],"wp:featuredmedia":[{"embeddable":true,"href":"https:\/\/gpl-love.com\/es\/wp-json\/wp\/v2\/media\/165304"}],"wp:attachment":[{"href":"https:\/\/gpl-love.com\/es\/wp-json\/wp\/v2\/media?parent=111338"}],"wp:term":[{"taxonomy":"product_brand","embeddable":true,"href":"https:\/\/gpl-love.com\/es\/wp-json\/wp\/v2\/product_brand?post=111338"},{"taxonomy":"product_cat","embeddable":true,"href":"https:\/\/gpl-love.com\/es\/wp-json\/wp\/v2\/product_cat?post=111338"},{"taxonomy":"product_tag","embeddable":true,"href":"https:\/\/gpl-love.com\/es\/wp-json\/wp\/v2\/product_tag?post=111338"}],"curies":[{"name":"wp","href":"https:\/\/api.w.org\/{rel}","templated":true}]}}