{"id":111336,"date":"2022-07-14T00:00:00","date_gmt":"2022-07-14T05:00:00","guid":{"rendered":"http:\/\/gpl-love.com\/es\/producto\/woocommerce-ultimate-gift-card\/"},"modified":"2026-03-09T08:26:05","modified_gmt":"2026-03-09T13:26:05","slug":"woocommerce-ultimate-gift-card","status":"publish","type":"product","link":"https:\/\/gpl-love.com\/es\/producto\/woocommerce-ultimate-gift-card\/","title":{"rendered":"WooCommerce Ultimate Gift Card 2.8.0"},"content":{"rendered":"<h3>WooCommerce Ultimate Gift Card Caracteristicas<\/h3>\n<p>La tarjeta de regalo de WooCommerce Ultimate es una excelente soluci\u00f3n para las empresas que buscan un medio para proporcionar tarjetas de regalo a sus clientes. Este complemento otorga a los clientes la oportunidad de adquirir y enviar tarjetas de regalo f\u00e1cilmente a sus seres queridos. Dichas tarjetas de regalo pueden ser personalizadas, gracias a la disponibilidad de varios dise\u00f1os y valores, lo que es una opci\u00f3n adaptable para cualquier ocasi\u00f3n dada. Adem\u00e1s, este complemento otorga la capacidad de monitorear las transacciones de la tarjeta de regalo y el equilibrio restante, asegurando as\u00ed un proceso perfecto y eficiente tanto para el cliente como para el negocio. Al aprovechar la tarjeta de regalo de WooCommerce Ultimate, las empresas pueden aumentar sus cifras de ventas y atraer una nueva afluencia de clientes, todo mientras proporciona una alternativa de regalos conveniente a su base de clientes existente.<\/p>\n<ul>\n<li>El complemento de tarjeta de regalo f\u00e1cil de usar dise\u00f1ado para WooCommerce<\/li>\n<li>Permite a los clientes comprar y enviar tarjetas de regalo a sus amigos y familiares.<\/li>\n<li>Dise\u00f1os y denominaciones de tarjetas de regalo personalizables<\/li>\n<li>Fechas de vencimiento configurables y valores m\u00ednimos\/m\u00e1ximos para tarjetas de regalo<\/li>\n<li>Integrado con las pasarelas de pago populares para un pago sin interrupciones<\/li>\n<li>Opci\u00f3n para usar el saldo de la tarjeta de regalo como m\u00e9todo de pago al finalizar<\/li>\n<li>Proporciona herramientas de informes y seguimiento para el uso y los equilibrios de la tarjeta de regalo<\/li>\n<li>Notificaciones autom\u00e1ticas por correo electr\u00f3nico a destinatarios y compradores de tarjetas de regalo<\/li>\n<li>Compatible con todos los temas y complementos de WooCommerce<\/li>\n<li>Equipo de soporte dedicado disponible para asistencia y soluci\u00f3n de problemas.<\/li>\n<\/ul>\n","protected":false},"excerpt":{"rendered":"<p>La tarjeta de regalo de WooCommerce Ultimate sirve como un remedio impecable para aquellas personas que se dedican a esfuerzos de compras en l\u00ednea, buscando un encuentro profundo e incomparable que se presenta de regalos. Este complemento excepcionalmente potente proporciona a los usuarios un medio perfecto para elaborar y pagar tarjetas de regalo adaptadas a su emporio virtual WooCommerce, otorgando a los clientes la capacidad de adquirir y enviar tarjetas de regalo directamente a sus preciados conocidos a trav\u00e9s del correo electr\u00f3nico. Con una gran cantidad de dise\u00f1os personalizables, atributos administrativos f\u00e1ciles de usar e integraci\u00f3n exhaustiva con WooCommerce, el mejor complemento de tarjetas de regalo mitiga efectivamente las cargas asociadas con regalos, al tiempo que lo empodera de manera concurrente para amplificar sus ingresos y cultivar la devoci\u00f3n inquebrantable del cliente.<\/p>\n","protected":false},"featured_media":168291,"comment_status":"open","ping_status":"open","template":"","meta":[],"product_brand":[2339],"product_cat":[1207,1225,1206],"product_tag":[1256],"class_list":{"0":"post-111336","1":"product","2":"type-product","3":"status-publish","4":"has-post-thumbnail","6":"product_brand-codecanyon","7":"product_cat-comercio-electronico-plugins","8":"product_cat-marketing","9":"product_cat-plugins","10":"product_tag-codecanyon","11":"member-discount","12":"discount-restricted","14":"first","15":"instock","16":"sale","17":"downloadable","18":"virtual","19":"sold-individually","20":"purchasable","21":"product-type-simple"},"_links":{"self":[{"href":"https:\/\/gpl-love.com\/es\/wp-json\/wp\/v2\/product\/111336","targetHints":{"allow":["GET"]}}],"collection":[{"href":"https:\/\/gpl-love.com\/es\/wp-json\/wp\/v2\/product"}],"about":[{"href":"https:\/\/gpl-love.com\/es\/wp-json\/wp\/v2\/types\/product"}],"replies":[{"embeddable":true,"href":"https:\/\/gpl-love.com\/es\/wp-json\/wp\/v2\/comments?post=111336"}],"wp:featuredmedia":[{"embeddable":true,"href":"https:\/\/gpl-love.com\/es\/wp-json\/wp\/v2\/media\/168291"}],"wp:attachment":[{"href":"https:\/\/gpl-love.com\/es\/wp-json\/wp\/v2\/media?parent=111336"}],"wp:term":[{"taxonomy":"product_brand","embeddable":true,"href":"https:\/\/gpl-love.com\/es\/wp-json\/wp\/v2\/product_brand?post=111336"},{"taxonomy":"product_cat","embeddable":true,"href":"https:\/\/gpl-love.com\/es\/wp-json\/wp\/v2\/product_cat?post=111336"},{"taxonomy":"product_tag","embeddable":true,"href":"https:\/\/gpl-love.com\/es\/wp-json\/wp\/v2\/product_tag?post=111336"}],"curies":[{"name":"wp","href":"https:\/\/api.w.org\/{rel}","templated":true}]}}