{"id":111334,"date":"2025-09-25T00:00:00","date_gmt":"2025-09-25T05:00:00","guid":{"rendered":"http:\/\/gpl-love.com\/es\/producto\/real3d-flipbook-wordpress-plugin\/"},"modified":"2026-03-09T08:03:28","modified_gmt":"2026-03-09T13:03:28","slug":"real3d-flipbook-wordpress-plugin","status":"publish","type":"product","link":"https:\/\/gpl-love.com\/es\/producto\/real3d-flipbook-wordpress-plugin\/","title":{"rendered":"Real3D FlipBook WordPress Plugin 4.9.8"},"content":{"rendered":"<h3>Real3D FlipBook WordPress Plugin Caracteristicas<\/h3>\n<p>El Real3D Flipbook WordPress Plugin es una herramienta excepcionalmente innovadora y notablemente poderosa que faculta a sus usuarios para generar sin esfuerzo Flipbooks directamente dentro de los l\u00edmites de su sitio web de WordPress. A trav\u00e9s de su notable capacidad de exhibir una gran cantidad de im\u00e1genes cautivadoras y documentos informativos de PDF, este ingenioso complemento ofrece un enfoque completamente din\u00e1mico para presentar contenido en el \u00e1mbito virtual. Los flipbooks nacidos a trav\u00e9s de la utilizaci\u00f3n del complemento Flipbook real3D se pueden adaptar a la perfecci\u00f3n a las preferencias espec\u00edficas de uno, con una extensa variedad de opciones como el grosor de p\u00e1gina personalizable, las cubiertas exquisitamente dise\u00f1adas y los impresionantes efectos de animaci\u00f3n. Adem\u00e1s, este complemento ha sido dise\u00f1ado meticulosamente para atender a los usuarios de todos los calibres, asegurando que incluso los propietarios de sitios web m\u00e1s inexpertos puedan fabricar sin esfuerzo flipbooks visualmente llamativos y de grado profesional. Ya sea la necesidad de exhibir cat\u00e1logos elaborados, carteras intrincadas o cualquier otra forma de contenido, el complemento Real3D Flipbook WordPress ofrece una soluci\u00f3n incre\u00edblemente vers\u00e1til e innegablemente cautivadora para saciar los requisitos de uno.<\/p>\n<ul>\n<li>Representaci\u00f3n de Flipbook 3D de alta calidad de sus PDF e im\u00e1genes<\/li>\n<li>Animaci\u00f3n de giro de p\u00e1gina suave y realista<\/li>\n<li>Opciones de dise\u00f1o y marca personalizables<\/li>\n<li>Dise\u00f1o de respuesta para dispositivos m\u00f3viles para una visualizaci\u00f3n \u00f3ptima en todos los dispositivos<\/li>\n<li>Apoyo para todos los principales navegadores<\/li>\n<li>F\u00e1cil de instalar y usar con interfaz intuitiva y gu\u00eda paso a paso<\/li>\n<li>Integraci\u00f3n con WordPress para una integraci\u00f3n perfecta con su sitio web<\/li>\n<li>Caracter\u00edsticas avanzadas como marcadores, funcionalidad de b\u00fasqueda e im\u00e1genes de fondo personalizadas<\/li>\n<li>Actualizaciones y soporte regulares del equipo de desarrolladores<\/li>\n<li>No se requiere conocimiento de la codificaci\u00f3n, adecuado para usuarios con diferentes niveles de competencia t\u00e9cnica.<\/li>\n<\/ul>\n","protected":false},"excerpt":{"rendered":"<p>El complemento Real3D Flipbook WordPress, que es un complemento de Flipbook interactivo muy buscado, ofrece una caracter\u00edstica excepcional al mostrar sin esfuerzo archivos o im\u00e1genes PDF en forma de un Flipbook 3D visualmente cautivador en su estimado sitio web de WordPress. Con sus animaciones de volteo sin costuras acompa\u00f1adas de una variedad de configuraciones personalizables, tiene la libertad de elaborar un encuentro de lectura incomparable y cautivador para sus estimados usuarios. Adem\u00e1s, se ha dise\u00f1ado meticulosamente para ser amigable para los dispositivos m\u00f3viles, asegurando una compatibilidad \u00f3ptima en varios dispositivos, y se ha optimizado diligentemente para la visibilidad del motor de b\u00fasqueda, facilitando as\u00ed el m\u00e1ximo alcance. Al incorporar el complemento Real3D Flipbook WordPress, puede elevar la calidad de su contenido, dejando una impresi\u00f3n indeleble en su audiencia exigente.<\/p>\n","protected":false},"featured_media":167327,"comment_status":"open","ping_status":"open","template":"","meta":[],"product_brand":[2339],"product_cat":[1214,1206,1211],"product_tag":[1256],"class_list":{"0":"post-111334","1":"product","2":"type-product","3":"status-publish","4":"has-post-thumbnail","6":"product_brand-codecanyon","7":"product_cat-personalizacion","8":"product_cat-plugins","9":"product_cat-wordpress-plugins","10":"product_tag-codecanyon","11":"member-discount","12":"discount-restricted","14":"first","15":"instock","16":"sale","17":"downloadable","18":"virtual","19":"sold-individually","20":"purchasable","21":"product-type-simple"},"_links":{"self":[{"href":"https:\/\/gpl-love.com\/es\/wp-json\/wp\/v2\/product\/111334","targetHints":{"allow":["GET"]}}],"collection":[{"href":"https:\/\/gpl-love.com\/es\/wp-json\/wp\/v2\/product"}],"about":[{"href":"https:\/\/gpl-love.com\/es\/wp-json\/wp\/v2\/types\/product"}],"replies":[{"embeddable":true,"href":"https:\/\/gpl-love.com\/es\/wp-json\/wp\/v2\/comments?post=111334"}],"wp:featuredmedia":[{"embeddable":true,"href":"https:\/\/gpl-love.com\/es\/wp-json\/wp\/v2\/media\/167327"}],"wp:attachment":[{"href":"https:\/\/gpl-love.com\/es\/wp-json\/wp\/v2\/media?parent=111334"}],"wp:term":[{"taxonomy":"product_brand","embeddable":true,"href":"https:\/\/gpl-love.com\/es\/wp-json\/wp\/v2\/product_brand?post=111334"},{"taxonomy":"product_cat","embeddable":true,"href":"https:\/\/gpl-love.com\/es\/wp-json\/wp\/v2\/product_cat?post=111334"},{"taxonomy":"product_tag","embeddable":true,"href":"https:\/\/gpl-love.com\/es\/wp-json\/wp\/v2\/product_tag?post=111334"}],"curies":[{"name":"wp","href":"https:\/\/api.w.org\/{rel}","templated":true}]}}