{"id":111329,"date":"2022-03-23T00:00:00","date_gmt":"2022-03-23T05:00:00","guid":{"rendered":"http:\/\/gpl-love.com\/es\/producto\/avas-multi-purpose-elementor-wordpress-theme\/"},"modified":"2026-03-13T17:16:13","modified_gmt":"2026-03-13T22:16:13","slug":"avas-multi-purpose-elementor-wordpress-theme","status":"publish","type":"product","link":"https:\/\/gpl-love.com\/es\/producto\/avas-multi-purpose-elementor-wordpress-theme\/","title":{"rendered":"Avas Multi-Purpose Elementor WordPress Theme 6.3.5"},"content":{"rendered":"<h3>Avas Multi-Purpose Elementor WordPress Theme Caracteristicas<\/h3>\n<p>El tema de WordPress de Elemento Multi-usos AVAS ofrece una amplia gama de capacidades y es una herramienta formidable para el dise\u00f1o y el desarrollo de sitios web. Con una interfaz de arrastre y ca\u00edda que es f\u00e1cil de usar y una abundancia de plantillas preconstruidas, Avas simplifica el proceso de creaci\u00f3n de sitios web, atiende tanto a novatos como a expertos, lo que les permite producir sin esfuerzo sitios web visuales y profesionales en un per\u00edodo corto de un corto per\u00edodo de un corto per\u00edodo de tiempo. Ya sea que su intenci\u00f3n sea construir un blog, una tienda en l\u00ednea o una cartera, Avas posee todos los atributos necesarios para lograr la tarea en cuesti\u00f3n. Cuenta con encabezados y pies de p\u00e1gina personalizables, numerosos estilos de men\u00fa y widgets personalizados, lo que le proporciona una amplia gama de herramientas para garantizar que su sitio web se distingue de las masas. Adem\u00e1s, AVAS garantiza que su sitio web parezca visualmente atractivo y funcione de manera \u00f3ptima en todos los dispositivos y plataformas debido a su dise\u00f1o receptivo y c\u00f3digo optimizado. Por lo tanto, si busca un tema de WordPress que sea adaptable e influyente, capaz de ayudarlo en la creaci\u00f3n de un sitio web impresionante, y sin necesidad de experiencia en codificaci\u00f3n, el tema de WordPress de WordPress de m\u00faltiples usos AVAS es la opci\u00f3n \u00f3ptima para usted. .<\/p>\n<ul>\n<li>Dise\u00f1o moderno y profesional, adecuado para una amplia gama de tipos de sitios web<\/li>\n<li>Totalmente personalizable con Elementor Page Builder<\/li>\n<li>Viene con m\u00e1s de 50 plantillas predise\u00f1adas para una configuraci\u00f3n r\u00e1pida y f\u00e1cil<\/li>\n<li>Integraci\u00f3n perfecta con WooCommerce para construir tiendas en l\u00ednea<\/li>\n<li>Dise\u00f1o receptivo y amigable para m\u00f3viles<\/li>\n<li>Optimizaci\u00f3n de SEO incorporada para una mejor clasificaci\u00f3n de motores de b\u00fasqueda<\/li>\n<li>Tiempos de carga r\u00e1pida para una mejor experiencia de usuario<\/li>\n<li>Actualizaciones y soporte regulares proporcionados por el desarrollador<\/li>\n<li>Compatible con todos los principales navegadores<\/li>\n<li>Altamente calificado por usuarios y expertos de la industria.<\/li>\n<\/ul>\n","protected":false},"excerpt":{"rendered":"<p>Introducir el tema de WordPress de WordPress multiprop\u00f3sito AVAS, una plantilla vers\u00e1til y llena de funciones dise\u00f1ada para satisfacer todas las necesidades de su sitio web. Este tema es ideal para cualquier empresa, agencia, nuevas empresas o freelancers, con el objetivo de establecer una fuerte presencia en l\u00ednea. Es totalmente receptivo y listo para la retina, asegurando que su contenido se vea n\u00edtido en todos los dispositivos y tama\u00f1os de pantalla. Construido con Elementor, uno de los constructores de p\u00e1ginas de WordPress m\u00e1s populares, ofrece una interfaz de arrastrar y soltar que hace que la personalizaci\u00f3n sea muy f\u00e1cil. Adem\u00e1s, viene con m\u00e1s de 60 demostraciones predise\u00f1adas que se pueden importar con un solo clic, lo que le ahorra tiempo y esfuerzo valiosos. El tema Avas tambi\u00e9n es compatible con WooCommerce, lo que lo hace adecuado para tiendas en l\u00ednea. Su dise\u00f1o amigable con SEO ayuda a mejorar la visibilidad de su sitio en los motores de b\u00fasqueda, mientras que su funci\u00f3n lista para la traducci\u00f3n asegura que pueda llegar a una audiencia global. Adem\u00e1s, ofrece atenci\u00f3n al cliente premium para ayudarlo cuando necesite ayuda. Pruebe el tema de WordPress de WordPress multiusos AVAS de AVAS hoy y experimente la diferencia<\/p>\n","protected":false},"featured_media":165445,"comment_status":"open","ping_status":"open","template":"","meta":[],"product_brand":[2337],"product_cat":[1239,1237,1238],"product_tag":[1391],"class_list":{"0":"post-111329","1":"product","2":"type-product","3":"status-publish","4":"has-post-thumbnail","6":"product_brand-themeforest","7":"product_cat-de-multiples-fines","8":"product_cat-temas","9":"product_cat-wordpress-temas","10":"product_tag-themeforest","11":"member-discount","12":"discount-restricted","14":"first","15":"instock","16":"sale","17":"downloadable","18":"virtual","19":"sold-individually","20":"purchasable","21":"product-type-simple"},"_links":{"self":[{"href":"https:\/\/gpl-love.com\/es\/wp-json\/wp\/v2\/product\/111329","targetHints":{"allow":["GET"]}}],"collection":[{"href":"https:\/\/gpl-love.com\/es\/wp-json\/wp\/v2\/product"}],"about":[{"href":"https:\/\/gpl-love.com\/es\/wp-json\/wp\/v2\/types\/product"}],"replies":[{"embeddable":true,"href":"https:\/\/gpl-love.com\/es\/wp-json\/wp\/v2\/comments?post=111329"}],"wp:featuredmedia":[{"embeddable":true,"href":"https:\/\/gpl-love.com\/es\/wp-json\/wp\/v2\/media\/165445"}],"wp:attachment":[{"href":"https:\/\/gpl-love.com\/es\/wp-json\/wp\/v2\/media?parent=111329"}],"wp:term":[{"taxonomy":"product_brand","embeddable":true,"href":"https:\/\/gpl-love.com\/es\/wp-json\/wp\/v2\/product_brand?post=111329"},{"taxonomy":"product_cat","embeddable":true,"href":"https:\/\/gpl-love.com\/es\/wp-json\/wp\/v2\/product_cat?post=111329"},{"taxonomy":"product_tag","embeddable":true,"href":"https:\/\/gpl-love.com\/es\/wp-json\/wp\/v2\/product_tag?post=111329"}],"curies":[{"name":"wp","href":"https:\/\/api.w.org\/{rel}","templated":true}]}}