{"id":111314,"date":"2026-03-02T00:00:00","date_gmt":"2026-03-02T05:00:00","guid":{"rendered":"http:\/\/gpl-love.com\/es\/producto\/wpshapere-wordpress-admin-theme\/"},"modified":"2026-03-13T17:33:24","modified_gmt":"2026-03-13T22:33:24","slug":"wpshapere-wordpress-admin-theme","status":"publish","type":"product","link":"https:\/\/gpl-love.com\/es\/producto\/wpshapere-wordpress-admin-theme\/","title":{"rendered":"WPShapere WordPress Admin Theme 8.0.3"},"content":{"rendered":"<h3>WPShapere WordPress Admin Theme Caracteristicas<\/h3>\n<p>El tema de administrador de WPShapere WordPress es una herramienta incre\u00edblemente robusta y altamente personalizable que ha sido dise\u00f1ada espec\u00edficamente para mejorar en gran medida la apariencia general y la funcionalidad de su panel de administraci\u00f3n de WordPress. Este notable tema cuenta con una interfaz incre\u00edblemente f\u00e1cil de usar, lo que le permite modificar y adaptar r\u00e1pidamente el estilo y el dise\u00f1o de su tablero de WordPress para satisfacer de manera efectiva todas sus necesidades y preferencias \u00fanicas. Desde logotipos e \u00edconos personalizados hasta esquemas de color y tipograf\u00eda completamente personalizados, WPShapere le otorga autoridad absoluta y control sobre todos los elementos de dise\u00f1o cruciales que componen su sitio web de WordPress. Con una amplia gama de caracter\u00edsticas y herramientas avanzadas y de vanguardia a su disposici\u00f3n, como la ingeniosa capacidad de restringir meticulosamente el acceso a porciones espec\u00edficas del panel de administraci\u00f3n, WPShapere indudablemente representa un recurso esencial e indispensable para cualquier persona que busque optimizar y optimizar sus WordPress Workflow, al tiempo que eleva simult\u00e1neamente la experiencia general del usuario de su sitio web.<\/p>\n<ul>\n<li>Tema de administrador de WordPress personalizable<\/li>\n<li>F\u00e1cil de instalar y usar<\/li>\n<li>Proporciona opciones para cambiar colores, fuentes y dise\u00f1os<\/li>\n<li>Permite a los usuarios ocultar elementos de men\u00fa no deseados<\/li>\n<li>Compatible con todos los principales complementos de WordPress<\/li>\n<li>Dise\u00f1o receptivo para dispositivos m\u00f3viles<\/li>\n<li>Soporte de varios sitios para desarrolladores<\/li>\n<li>Actualizaciones regulares y correcciones de errores<\/li>\n<li>Equipo de atenci\u00f3n al cliente amigable<\/li>\n<li>Mejora la experiencia del usuario y la productividad de los administradores de WordPress<\/li>\n<\/ul>\n","protected":false},"excerpt":{"rendered":"<p>WPShapere es un tema de administrador de WordPress excepcional que cuenta con un dise\u00f1o exquisitamente elegante y contempor\u00e1neo. Brind\u00e1ndole la invaluable oportunidad para adaptar su tablero de WordPress a sus especificaciones exactas, este tema facilita sin problemas la gesti\u00f3n eficiente del contenido, la apariencia y las funcionalidades de su sitio web. Imbrimido con una extensa gama de caracter\u00edsticas extraordinarias, este tema le permite personalizar y elevar su \u00e1rea administradora de WordPress de manera innumerable, abarcando, entre otros, la creaci\u00f3n de p\u00e1ginas de inicio de sesi\u00f3n personalizadas, la selecci\u00f3n de esquemas de color cautivadores, la integraci\u00f3n de los ojos. -Conos \u00edconos, la personalizaci\u00f3n de los men\u00fas y una variedad de otros atributos notables. WPShapere representa inequ\u00edvocamente la soluci\u00f3n definitiva para las personas en busca de una experiencia de WordPress inmaculada y f\u00e1cil de usar.<\/p>\n","protected":false},"featured_media":168547,"comment_status":"open","ping_status":"open","template":"","meta":[],"product_brand":[2339],"product_cat":[1267,1237,1238],"product_tag":[1256],"class_list":{"0":"post-111314","1":"product","2":"type-product","3":"status-publish","4":"has-post-thumbnail","6":"product_brand-codecanyon","7":"product_cat-creativo","8":"product_cat-temas","9":"product_cat-wordpress-temas","10":"product_tag-codecanyon","11":"member-discount","12":"discount-restricted","14":"first","15":"instock","16":"sale","17":"downloadable","18":"virtual","19":"sold-individually","20":"purchasable","21":"product-type-simple"},"_links":{"self":[{"href":"https:\/\/gpl-love.com\/es\/wp-json\/wp\/v2\/product\/111314","targetHints":{"allow":["GET"]}}],"collection":[{"href":"https:\/\/gpl-love.com\/es\/wp-json\/wp\/v2\/product"}],"about":[{"href":"https:\/\/gpl-love.com\/es\/wp-json\/wp\/v2\/types\/product"}],"replies":[{"embeddable":true,"href":"https:\/\/gpl-love.com\/es\/wp-json\/wp\/v2\/comments?post=111314"}],"wp:featuredmedia":[{"embeddable":true,"href":"https:\/\/gpl-love.com\/es\/wp-json\/wp\/v2\/media\/168547"}],"wp:attachment":[{"href":"https:\/\/gpl-love.com\/es\/wp-json\/wp\/v2\/media?parent=111314"}],"wp:term":[{"taxonomy":"product_brand","embeddable":true,"href":"https:\/\/gpl-love.com\/es\/wp-json\/wp\/v2\/product_brand?post=111314"},{"taxonomy":"product_cat","embeddable":true,"href":"https:\/\/gpl-love.com\/es\/wp-json\/wp\/v2\/product_cat?post=111314"},{"taxonomy":"product_tag","embeddable":true,"href":"https:\/\/gpl-love.com\/es\/wp-json\/wp\/v2\/product_tag?post=111314"}],"curies":[{"name":"wp","href":"https:\/\/api.w.org\/{rel}","templated":true}]}}