{"id":111310,"date":"2024-05-23T00:00:00","date_gmt":"2024-05-23T05:00:00","guid":{"rendered":"http:\/\/gpl-love.com\/es\/producto\/woocommerce-point-of-sale-pos\/"},"modified":"2026-04-10T11:33:09","modified_gmt":"2026-04-10T16:33:09","slug":"woocommerce-point-of-sale-pos","status":"publish","type":"product","link":"https:\/\/gpl-love.com\/es\/producto\/woocommerce-point-of-sale-pos\/","title":{"rendered":"WooCommerce Point of Sale (POS) 6.4.0"},"content":{"rendered":"<h3>WooCommerce Point of Sale (POS) Caracteristicas<\/h3>\n<p>WooCommerce Point of Sale (POS) es una soluci\u00f3n de software excepcionalmente robusta que permite a las empresas administrar efectivamente sus ventas e inventario en una ubicaci\u00f3n unificada y centralizada. Al aprovechar las capacidades de este incre\u00edble producto, las empresas pueden realizar transacciones sin esfuerzo, mantener informaci\u00f3n actualizada sobre los niveles de inventario y generar informes integrales sobre sus datos de ventas. Independientemente de si un establecimiento opera como una tienda tradicional de ladrillo y mortero, una plataforma de comercio electr\u00f3nico en l\u00ednea o una mezcla armoniosa de los dos, WooCommerce POS optimiza sin problemas el proceso de ventas, asegurando as\u00ed una experiencia de pago sin problemas y sin problemas para los clientes. Con una interfaz de usuario intuitiva, este software se integra armoniosamente con la plataforma WooCommerce, que contribuye a su reputaci\u00f3n como una opci\u00f3n favorita entre las empresas que abarcan una amplia gama de tama\u00f1os. Equipado con una variedad de caracter\u00edsticas de vanguardia, como escaneo de c\u00f3digos de barras, impresi\u00f3n de recibos y gesti\u00f3n del cliente, WooCommerce POS sirve como una soluci\u00f3n que lo abarca e indispensable para cualquier negocio exigente que busque simplificar y simplificar sus operaciones de ventas.<\/p>\n<ul>\n<li>Se integra a la perfecci\u00f3n con WooCommerce para proporcionar un sistema POS integral para su tienda f\u00edsica<\/li>\n<li>Agiliza su proceso de ventas con herramientas f\u00e1ciles de usar y una interfaz f\u00e1cil de usar<\/li>\n<li>Le permite administrar inventario, procesar transacciones de pago y manejar devoluciones\/intercambios de manera eficiente<\/li>\n<li>Ofrece funciones personalizables de gesti\u00f3n de productos y pedidos para satisfacer sus necesidades comerciales \u00fanicas<\/li>\n<li>Reduce el riesgo de errores e inconsistencias a trav\u00e9s de la sincronizaci\u00f3n autom\u00e1tica con los datos de su almac\u00e9n en l\u00ednea<\/li>\n<li>Proporciona informes detallados y an\u00e1lisis para ayudarlo a tomar decisiones informadas sobre su negocio<\/li>\n<li>Se puede usar en cualquier dispositivo, incluidos escritorios, computadoras port\u00e1tiles, tabletas y dispositivos m\u00f3viles<\/li>\n<li>Proporciona actualizaciones en tiempo real para el inventario y los precios de los productos en todos los canales de venta.<\/li>\n<li>Ofrece la opci\u00f3n de utilizar m\u00faltiples pasarelas de pago y rastrear m\u00e9todos de pago para fines de informes y contabilidad<\/li>\n<li>Proporciona soporte multiling\u00fce y m\u00faltiple para atender a clientes de todo el mundo<\/li>\n<\/ul>\n","protected":false},"excerpt":{"rendered":"<p>El punto de venta de WooCommerce se presenta como un instrumento altamente potente y eficiente, lo que permite la gesti\u00f3n sin esfuerzo de todas sus operaciones minoristas. Este sistema f\u00e1cil e intuitivo se combina armoniosamente con su tienda WooCommerce, otorg\u00e1ndole la capacidad de manejar sin esfuerzo el procesamiento de pedidos, la gesti\u00f3n de inventario y la aceptaci\u00f3n de pago en la tienda o sobre la marcha. Con sus plantillas contempor\u00e1neas y adaptables, capacidades integrales de informes y facilidad de uso incomparable, WooCommerce POS emerge como la mejor panacea para las empresas que buscan racionalizar y optimizar sus operaciones en la tienda.<\/p>\n","protected":false},"featured_media":168209,"comment_status":"open","ping_status":"open","template":"","meta":[],"product_brand":[2344],"product_cat":[1208,1207,1206],"product_tag":[1423],"class_list":{"0":"post-111310","1":"product","2":"type-product","3":"status-publish","4":"has-post-thumbnail","6":"product_brand-woocommerce","7":"product_cat-administracion","8":"product_cat-comercio-electronico-plugins","9":"product_cat-plugins","10":"product_tag-woocommerce","11":"member-discount","12":"discount-restricted","14":"first","15":"instock","16":"sale","17":"downloadable","18":"virtual","19":"sold-individually","20":"purchasable","21":"product-type-simple"},"_links":{"self":[{"href":"https:\/\/gpl-love.com\/es\/wp-json\/wp\/v2\/product\/111310","targetHints":{"allow":["GET"]}}],"collection":[{"href":"https:\/\/gpl-love.com\/es\/wp-json\/wp\/v2\/product"}],"about":[{"href":"https:\/\/gpl-love.com\/es\/wp-json\/wp\/v2\/types\/product"}],"replies":[{"embeddable":true,"href":"https:\/\/gpl-love.com\/es\/wp-json\/wp\/v2\/comments?post=111310"}],"wp:featuredmedia":[{"embeddable":true,"href":"https:\/\/gpl-love.com\/es\/wp-json\/wp\/v2\/media\/168209"}],"wp:attachment":[{"href":"https:\/\/gpl-love.com\/es\/wp-json\/wp\/v2\/media?parent=111310"}],"wp:term":[{"taxonomy":"product_brand","embeddable":true,"href":"https:\/\/gpl-love.com\/es\/wp-json\/wp\/v2\/product_brand?post=111310"},{"taxonomy":"product_cat","embeddable":true,"href":"https:\/\/gpl-love.com\/es\/wp-json\/wp\/v2\/product_cat?post=111310"},{"taxonomy":"product_tag","embeddable":true,"href":"https:\/\/gpl-love.com\/es\/wp-json\/wp\/v2\/product_tag?post=111310"}],"curies":[{"name":"wp","href":"https:\/\/api.w.org\/{rel}","templated":true}]}}