{"id":111308,"date":"2021-07-02T00:00:00","date_gmt":"2021-07-02T05:00:00","guid":{"rendered":"http:\/\/gpl-love.com\/es\/producto\/cookie-plus-gdpr-for-wordpress\/"},"modified":"2026-03-09T07:24:39","modified_gmt":"2026-03-09T12:24:39","slug":"cookie-plus-gdpr-for-wordpress","status":"publish","type":"product","link":"https:\/\/gpl-love.com\/es\/producto\/cookie-plus-gdpr-for-wordpress\/","title":{"rendered":"Cookie Plus GDPR para WordPress 1.6.0"},"content":{"rendered":"<h3>Cookie Plus GDPR para WordPress Caracteristicas<\/h3>\n<p>Cookie Plus GDPR para WordPress es una soluci\u00f3n muy completa que satisface las necesidades de los propietarios de sitios web que est\u00e1n interesados \u200b\u200ben garantizar el cumplimiento de las regulaciones de GDPR relacionadas con las cookies. Este complemento de primer nivel cuenta con una interfaz f\u00e1cil de usar que facilita la creaci\u00f3n de formularios de consentimiento para los usuarios, as\u00ed como la gesti\u00f3n eficiente de la configuraci\u00f3n de cookies. Al aprovechar el poder de las cookies m\u00e1s el GDPR, los propietarios de sitios web est\u00e1n facultados para proporcionar a los usuarios una mayor transparencia con respecto a la utilizaci\u00f3n de cookies por parte de su sitio web, que abarca detalles intrincados y categorizaciones exhaustivas. Dicha disposici\u00f3n permite a los usuarios ejercer su discreci\u00f3n y tomar decisiones bien informadas relacionadas con la aceptaci\u00f3n o rechazo de las cookies. Al ir m\u00e1s all\u00e1, este notable complemento ofrece funcionalidades avanzadas, incluida la orientaci\u00f3n de ubicaci\u00f3n geogr\u00e1fica, el bloqueo autom\u00e1tico de cookies para usuarios no consentidos y la capacidad de monitorear el consentimiento de los usuarios en tiempo real. En general, Cookie Plus GDPR para WordPress no es solo una herramienta que se ejecuta; Es un activo indispensable para los propietarios de sitios web que buscan navegar el reino intrincado de las regulaciones GDPR y salvaguardar diligentemente la privacidad del usuario.<\/p>\n<ul>\n<li>Cookie Plus GDPR para WordPress es un poderoso complemento que ofrece una multitud de caracter\u00edsticas que incluyen:<\/li>\n<li><\/li>\n<li>Instalaci\u00f3n y configuraci\u00f3n f\u00e1ciles<\/li>\n<li>Interfaz de usuario intuitiva para administrar el consentimiento de cookies<\/li>\n<li>Configuraci\u00f3n compatible con GDPR para cumplir con las regulaciones europeas de protecci\u00f3n de datos<\/li>\n<li>Tecnolog\u00eda avanzada de escaneo de cookies para identificar cookies y sus prop\u00f3sitos<\/li>\n<li>Banners y ventanas emergentes de galletas personalizables para adaptarse a su marca y dise\u00f1o<\/li>\n<li>Opci\u00f3n para dar a los usuarios control sobre qu\u00e9 cookies desean permitir<\/li>\n<li>Bloqueo autom\u00e1tico de cookies hasta que se reciba el consentimiento del usuario<\/li>\n<li>Creaci\u00f3n de la p\u00e1gina de pol\u00edtica de cookies flexible<\/li>\n<li>Soporte de varios idiomas para el cumplimiento global<\/li>\n<li>Actualizaciones regulares y atenci\u00f3n al cliente para la funcionalidad y mantenimiento continuos.<\/li>\n<\/ul>\n","protected":false},"excerpt":{"rendered":"<p>Presentaci\u00f3n de Cookie Plus GDPR para WordPress, una soluci\u00f3n compatible con su sitio web. Este complemento rico en funciones est\u00e1 dise\u00f1ado para administrar y controlar cookies en su sitio de una manera que respete la privacidad de sus usuarios. Cookie Plus GDPR bloquea cookies autom\u00e1ticas e innecesarias, asegurando que su sitio web cumpla con GDPR, protegiendo tanto a usted como a sus visitantes. Con su dise\u00f1o intuitivo, la configuraci\u00f3n es muy f\u00e1cil, no se necesita codificaci\u00f3n. Simplemente instale el complemento y seleccione sus preferencias. Ahora, su sitio de WordPress puede ofrecer una pol\u00edtica de cookies transparente y contribuir a un entorno web m\u00e1s seguro y m\u00e1s seguro. Descubra los beneficios de Cookie Plus GDPR para WordPress hoy.<\/p>\n","protected":false},"featured_media":165661,"comment_status":"open","ping_status":"open","template":"","meta":[],"product_brand":[2339],"product_cat":[1214,1206,1211],"product_tag":[1256],"class_list":{"0":"post-111308","1":"product","2":"type-product","3":"status-publish","4":"has-post-thumbnail","6":"product_brand-codecanyon","7":"product_cat-personalizacion","8":"product_cat-plugins","9":"product_cat-wordpress-plugins","10":"product_tag-codecanyon","11":"member-discount","12":"discount-restricted","14":"first","15":"instock","16":"sale","17":"downloadable","18":"virtual","19":"sold-individually","20":"purchasable","21":"product-type-simple"},"_links":{"self":[{"href":"https:\/\/gpl-love.com\/es\/wp-json\/wp\/v2\/product\/111308","targetHints":{"allow":["GET"]}}],"collection":[{"href":"https:\/\/gpl-love.com\/es\/wp-json\/wp\/v2\/product"}],"about":[{"href":"https:\/\/gpl-love.com\/es\/wp-json\/wp\/v2\/types\/product"}],"replies":[{"embeddable":true,"href":"https:\/\/gpl-love.com\/es\/wp-json\/wp\/v2\/comments?post=111308"}],"wp:featuredmedia":[{"embeddable":true,"href":"https:\/\/gpl-love.com\/es\/wp-json\/wp\/v2\/media\/165661"}],"wp:attachment":[{"href":"https:\/\/gpl-love.com\/es\/wp-json\/wp\/v2\/media?parent=111308"}],"wp:term":[{"taxonomy":"product_brand","embeddable":true,"href":"https:\/\/gpl-love.com\/es\/wp-json\/wp\/v2\/product_brand?post=111308"},{"taxonomy":"product_cat","embeddable":true,"href":"https:\/\/gpl-love.com\/es\/wp-json\/wp\/v2\/product_cat?post=111308"},{"taxonomy":"product_tag","embeddable":true,"href":"https:\/\/gpl-love.com\/es\/wp-json\/wp\/v2\/product_tag?post=111308"}],"curies":[{"name":"wp","href":"https:\/\/api.w.org\/{rel}","templated":true}]}}