{"id":111306,"date":"2026-03-20T00:00:00","date_gmt":"2026-03-20T05:00:00","guid":{"rendered":"http:\/\/gpl-love.com\/es\/producto\/uncanny-automator-pro-wordpress-plugin\/"},"modified":"2026-04-10T11:29:35","modified_gmt":"2026-04-10T16:29:35","slug":"uncanny-automator-pro-wordpress-plugin","status":"publish","type":"product","link":"https:\/\/gpl-love.com\/es\/producto\/uncanny-automator-pro-wordpress-plugin\/","title":{"rendered":"Uncanny Automator Pro 7.1.0"},"content":{"rendered":"<h3>Uncanny Automator Pro Caracteristicas<\/h3>\n<p>El complemento de WordPress de WordPress de Uncanny Automator Pro, una herramienta muy potente, tiene el prop\u00f3sito de automatizar tareas y flujos de trabajo dentro de su sitio de WordPress. Al emplear este complemento, obtiene la comodidad de conectar a la perfecci\u00f3n varios complementos y servicios, formando as\u00ed rutinas de automatizaci\u00f3n intrincadas que conservan efectivamente su tiempo y esfuerzo. Acompa\u00f1ado de una interfaz f\u00e1cil de usar, este complemento permite la creaci\u00f3n y administraci\u00f3n de flujos de trabajo, todo sin requerir ning\u00fan conocimiento de la codificaci\u00f3n. Las tareas como el env\u00edo de correo electr\u00f3nico, las actualizaciones de perfil de usuario, los desencadenantes de eventos y muchos otros pueden automatizarse con la m\u00e1xima facilidad. Por lo tanto, el complemento de WordPress de WordPress de Automator Pro sirve como un activo indispensable para las personas que buscan optimizar su sitio de WordPress y mejorar significativamente la productividad general.<\/p>\n<ul>\n<li>Automatizar tareas repetitivas en su sitio de WordPress<\/li>\n<li>Conecte m\u00e1s de 1000 aplicaciones y servicios con el clic de un bot\u00f3n<\/li>\n<li>Cree flujos de trabajo personalizados utilizando una interfaz de arrastrar y soltar<\/li>\n<li>Activar acciones basadas en el comportamiento del usuario o eventos espec\u00edficos<\/li>\n<li>Reducir el tiempo y el costo de desarrollo eliminando la necesidad de c\u00f3digo personalizado<\/li>\n<li>Aumentar la productividad y la eficiencia al racionalizar los procesos<\/li>\n<li>Mejorar la experiencia del usuario al proporcionar respuestas personalizadas y oportunas<\/li>\n<li>Controle y monitoree sus flujos de trabajo automatizados con registros detallados y an\u00e1lisis<\/li>\n<li>Obtenga el apoyo de un equipo dedicado de expertos y una comunidad de usuarios<\/li>\n<li>Disfrute de una garant\u00eda de devoluci\u00f3n de dinero de 30 d\u00edas y actualizaciones regulares con nuevas caracter\u00edsticas e integraciones.<\/li>\n<\/ul>\n","protected":false},"excerpt":{"rendered":"<p>El extra\u00f1o Automator Pro, un complemento de WordPress notablemente potente, ha sido ingeniosamente dise\u00f1ado para permitir la automatizaci\u00f3n sin esfuerzo de su sitio web, lo que le otorga el invaluable lujo de ahorrar innumerables horas. Este complemento extraordinario facilita la creaci\u00f3n perfecta de automatizaciones que conectan varios complementos de WordPress con aplicaciones de terceros, incluidas, entre otros, los estimados WooCommerce y MailChimp. Imbuido de una interfaz notablemente f\u00e1cil de usar, la extra\u00f1a Automator Pro tambi\u00e9n cuenta con una amplia gama de automatizaciones preconstruidas para leer, lo que hace que el proceso de optimizar las operaciones de su sitio web y reforzar su eficiencia un esfuerzo sin esfuerzo. Independientemente de si posee el conjunto de habilidades avanzadas de un desarrollador experimentado o si se est\u00e1 embarcando en su viaje al \u00e1mbito de WordPress, la extra\u00f1a automator protaina innegablemente la herramienta por excelencia para acelerar la simplificaci\u00f3n de su sitio de WordPress y catapultar su productividad a alturas sin paralelas.<\/p>\n","protected":false},"featured_media":167893,"comment_status":"open","ping_status":"open","template":"","meta":[],"product_brand":[2485],"product_cat":[1212,1206,1211],"product_tag":[1745],"class_list":{"0":"post-111306","1":"product","2":"type-product","3":"status-publish","4":"has-post-thumbnail","6":"product_brand-uncanny-owl","7":"product_cat-administracion-wordpress-plugins","8":"product_cat-plugins","9":"product_cat-wordpress-plugins","10":"product_tag-uncanny-owl","11":"member-discount","12":"discount-restricted","14":"first","15":"instock","16":"sale","17":"downloadable","18":"virtual","19":"sold-individually","20":"purchasable","21":"product-type-simple"},"_links":{"self":[{"href":"https:\/\/gpl-love.com\/es\/wp-json\/wp\/v2\/product\/111306","targetHints":{"allow":["GET"]}}],"collection":[{"href":"https:\/\/gpl-love.com\/es\/wp-json\/wp\/v2\/product"}],"about":[{"href":"https:\/\/gpl-love.com\/es\/wp-json\/wp\/v2\/types\/product"}],"replies":[{"embeddable":true,"href":"https:\/\/gpl-love.com\/es\/wp-json\/wp\/v2\/comments?post=111306"}],"wp:featuredmedia":[{"embeddable":true,"href":"https:\/\/gpl-love.com\/es\/wp-json\/wp\/v2\/media\/167893"}],"wp:attachment":[{"href":"https:\/\/gpl-love.com\/es\/wp-json\/wp\/v2\/media?parent=111306"}],"wp:term":[{"taxonomy":"product_brand","embeddable":true,"href":"https:\/\/gpl-love.com\/es\/wp-json\/wp\/v2\/product_brand?post=111306"},{"taxonomy":"product_cat","embeddable":true,"href":"https:\/\/gpl-love.com\/es\/wp-json\/wp\/v2\/product_cat?post=111306"},{"taxonomy":"product_tag","embeddable":true,"href":"https:\/\/gpl-love.com\/es\/wp-json\/wp\/v2\/product_tag?post=111306"}],"curies":[{"name":"wp","href":"https:\/\/api.w.org\/{rel}","templated":true}]}}