{"id":111304,"date":"2026-03-13T00:00:00","date_gmt":"2026-03-13T05:00:00","guid":{"rendered":"http:\/\/gpl-love.com\/es\/producto\/event-tickets-plus-the-events-calendar-pro-addon\/"},"modified":"2026-03-13T11:16:24","modified_gmt":"2026-03-13T16:16:24","slug":"event-tickets-plus-the-events-calendar-pro-addon","status":"publish","type":"product","link":"https:\/\/gpl-love.com\/es\/producto\/event-tickets-plus-the-events-calendar-pro-addon\/","title":{"rendered":"The Events Calendar Event Tickets Plus 6.9.2"},"content":{"rendered":"<h3>The Events Calendar Event Tickets Plus Caracteristicas<\/h3>\n<p>La funcionalidad de los tickets de eventos de eventos de eventos Plus es extensa, ya que permite a los usuarios crear y administrar eventos sin esfuerzo. Esta poderosa herramienta otorga a los usuarios la capacidad de vender boletos para sus eventos directamente desde su sitio web, al tiempo que les brinda la oportunidad de personalizar las opciones de boletos, incluidos los precios, la disponibilidad y m\u00e1s. Adem\u00e1s, la integraci\u00f3n perfecta de esta herramienta con el calendario de eventos proporciona a los usuarios la conveniencia de administrar sus eventos y ventas de entradas en una sola ubicaci\u00f3n. Adem\u00e1s, esta herramienta cuenta con una variedad de caracter\u00edsticas, como notificaciones por correo electr\u00f3nico, escaneo de boletos y boletos m\u00f3viles, solidificando as\u00ed su estado como una soluci\u00f3n integral para los organizadores de eventos. En general, los tickets de eventos de eventos de eventos m\u00e1s optimizan efectivamente el proceso de gesti\u00f3n de eventos y ventas de entradas, lo que lo convierte en una opci\u00f3n \u00f3ptima para las personas que buscan un enfoque sin problemas y sin problemas para organizar y expender boletos para sus eventos.<\/p>\n<ul>\n<li>Sistema de boletos para eventos f\u00e1cil de usar para sitios web de WordPress<\/li>\n<li>Se integra sin problemas con el complemento de calendario de eventos<\/li>\n<li>Admite m\u00faltiples tipos de boletos como admisi\u00f3n general, VIP, p\u00e1jaro temprano, etc.<\/li>\n<li>Opciones de precios flexibles que incluyen descuentos, tarifas e impuestos<\/li>\n<li>Entrega automatizada de entradas y generaci\u00f3n de boletos en PDF<\/li>\n<li>Plantillas de boletos limpios y personalizables<\/li>\n<li>Sistema de gesti\u00f3n y check-in f\u00e1cil de los asistentes<\/li>\n<li>Caracter\u00edsticas avanzadas como asientos reservados y escaneo de boletos disponibles<\/li>\n<li>Amigable para dispositivos m\u00f3viles con un dise\u00f1o receptivo<\/li>\n<li>Compatible con pasarelas de pago populares como PayPal y Stripe<\/li>\n<li>Soporte premium y actualizaciones regulares proporcionadas<\/li>\n<\/ul>\n","protected":false},"excerpt":{"rendered":"<p>Los tickets de eventos de eventos de Events Plus es una herramienta robusta y eficiente que ha sido meticulosamente dise\u00f1ada para brindarle la mayor comodidad en la gesti\u00f3n de sus eventos. Este notable producto le ofrece la notable capacidad de crear y comercializar boletos sin esfuerzo para sus eventos, manejar eficientemente a los asistentes y realizar un seguimiento meticuloso de las ventas, todas consolidadas en una sola plataforma unificada. Adem\u00e1s, su integraci\u00f3n perfecta con el complemento de calendario de eventos garantiza que sus eventos se exhibir\u00e1n de manera est\u00e9ticamente agradable en su sitio web. Ya sea que se encuentre organizando una conferencia grandiosa, una recaudaci\u00f3n de fondos benevolente de ben\u00e9fica o un taller peque\u00f1o pero impactante, tenga la seguridad de que los boletos de eventos m\u00e1s poseen una extensa variedad de caracter\u00edsticas, espec\u00edficamente adaptada para garantizar el resultado triunfante de su evento.<\/p>\n","protected":false},"featured_media":167703,"comment_status":"open","ping_status":"open","template":"","meta":[],"product_brand":[2575],"product_cat":[1214,1206,1211],"product_tag":[1551],"class_list":{"0":"post-111304","1":"product","2":"type-product","3":"status-publish","4":"has-post-thumbnail","6":"product_brand-the-events-calendar","7":"product_cat-personalizacion","8":"product_cat-plugins","9":"product_cat-wordpress-plugins","10":"product_tag-the-events-calendar","11":"member-discount","12":"discount-restricted","14":"first","15":"instock","16":"sale","17":"downloadable","18":"virtual","19":"sold-individually","20":"purchasable","21":"product-type-simple"},"_links":{"self":[{"href":"https:\/\/gpl-love.com\/es\/wp-json\/wp\/v2\/product\/111304","targetHints":{"allow":["GET"]}}],"collection":[{"href":"https:\/\/gpl-love.com\/es\/wp-json\/wp\/v2\/product"}],"about":[{"href":"https:\/\/gpl-love.com\/es\/wp-json\/wp\/v2\/types\/product"}],"replies":[{"embeddable":true,"href":"https:\/\/gpl-love.com\/es\/wp-json\/wp\/v2\/comments?post=111304"}],"wp:featuredmedia":[{"embeddable":true,"href":"https:\/\/gpl-love.com\/es\/wp-json\/wp\/v2\/media\/167703"}],"wp:attachment":[{"href":"https:\/\/gpl-love.com\/es\/wp-json\/wp\/v2\/media?parent=111304"}],"wp:term":[{"taxonomy":"product_brand","embeddable":true,"href":"https:\/\/gpl-love.com\/es\/wp-json\/wp\/v2\/product_brand?post=111304"},{"taxonomy":"product_cat","embeddable":true,"href":"https:\/\/gpl-love.com\/es\/wp-json\/wp\/v2\/product_cat?post=111304"},{"taxonomy":"product_tag","embeddable":true,"href":"https:\/\/gpl-love.com\/es\/wp-json\/wp\/v2\/product_tag?post=111304"}],"curies":[{"name":"wp","href":"https:\/\/api.w.org\/{rel}","templated":true}]}}