{"id":111302,"date":"2026-03-24T00:00:00","date_gmt":"2026-03-24T05:00:00","guid":{"rendered":"http:\/\/gpl-love.com\/es\/producto\/cornerstone-the-wordpress-page-builder\/"},"modified":"2026-04-06T17:15:18","modified_gmt":"2026-04-06T22:15:18","slug":"cornerstone-the-wordpress-page-builder","status":"publish","type":"product","link":"https:\/\/gpl-love.com\/es\/producto\/cornerstone-the-wordpress-page-builder\/","title":{"rendered":"Cornerstone The WordPress Page Builder 7.8.5"},"content":{"rendered":"<h3>Cornerstone The WordPress Page Builder Caracteristicas<\/h3>\n<p>Cornerstone es un constructor de p\u00e1ginas de WordPress inmensamente potente de arrastrar y soltar que permite a los usuarios la capacidad de crear sitios web visualmente cautivadores visuales, todos sin requerir ninguna experiencia de codificaci\u00f3n. Gracias a su interfaz f\u00e1cil de usar y una variedad de pr\u00e1cticas herramientas de edici\u00f3n visual a su disposici\u00f3n, el proceso de generar dise\u00f1os a medida, incorporar contenido multimedia y dise\u00f1ar p\u00e1ginas \u00fanicas nunca ha sido m\u00e1s racionalizado y accesible. Adem\u00e1s, esta herramienta excepcional cuenta con una selecci\u00f3n expansiva de plantillas y elementos prefabricados que pueden personalizarse sin esfuerzo para alinearse perfectamente con sus preferencias y requisitos espec\u00edficos. Adem\u00e1s, Cornerstone exhibe una compatibilidad impresionante con la mayor\u00eda de los temas de WordPress, lo que lo convierte en un instrumento incre\u00edblemente vers\u00e1til y flexible que atiende a una amplia gama de propietarios de sitios web, blogueros y desarrolladores por igual. Ya sea la construcci\u00f3n de un blog simple o el desarrollo de una tienda en l\u00ednea compleja, tenga la seguridad de que Cornerstone est\u00e1 all\u00ed para facilitar la creaci\u00f3n r\u00e1pida y sin esfuerzo de un sitio web de grado profesional que exuda una est\u00e9tica pulida y refinada.<\/p>\n<ul>\n<li>Interfaz intuitiva de arrastrar y soltar para construir p\u00e1ginas personalizadas de WordPress<\/li>\n<li>M\u00e1s de 100 plantillas predise\u00f1adas para crear p\u00e1ginas impresionantes con facilidad<\/li>\n<li>Sistema de cuadr\u00edcula ajustable para un control de dise\u00f1o preciso<\/li>\n<li>Bloques de contenido din\u00e1mico que incluyen texto, im\u00e1genes, videos, botones y m\u00e1s<\/li>\n<li>Soporte para CSS personalizado y JavaScript para la personalizaci\u00f3n de dise\u00f1o avanzado<\/li>\n<li>Integraci\u00f3n perfecta con complementos populares de WordPress<\/li>\n<li>Dise\u00f1o de respuesta m\u00f3vil para una visualizaci\u00f3n \u00f3ptima en cualquier dispositivo<\/li>\n<li>Soporte y documentaci\u00f3n integrales para una f\u00e1cil configuraci\u00f3n y soluci\u00f3n de problemas<\/li>\n<li>Actualizaciones regulares y nuevas caracter\u00edsticas para mantener el ritmo de las tendencias de dise\u00f1o web en evoluci\u00f3n<\/li>\n<\/ul>\n","protected":false},"excerpt":{"rendered":"<p>Descubra el poder de la creaci\u00f3n con Cornerstone, el mejor constructor de p\u00e1ginas de WordPress. Dise\u00f1ado tanto para principiantes como para profesionales, este constructor de p\u00e1ginas le permite crear impresionantes sitios web con facilidad. No es necesario conocimientos de codificaci\u00f3n: la interfaz intuitiva de Cornerstone hace que la construcci\u00f3n de un sitio web sea tan simple como arrastrar y soltar elementos en su lugar.<\/p>\n<p>Con Cornerstone, puede crear pr\u00e1cticamente cualquier dise\u00f1o que pueda imaginar, por lo que es la herramienta perfecta para blogueros, artistas, empresarios y negocios de todos los tama\u00f1os. Su flexibilidad le permite personalizar completamente su sitio web, para que pueda representar su marca de una manera que realmente se destaque.<\/p>\n<p>Cornerstone tambi\u00e9n cuenta con una gama de plantillas predise\u00f1adas que puede usar como punto de partida para su sitio web. Estas plantillas son totalmente personalizables, por lo que puede ajustarlas para satisfacer sus necesidades.<\/p>\n<p>Pero la belleza de Cornerstone se encuentra no solo en su facilidad de uso y flexibilidad, sino tambi\u00e9n en su compatibilidad. Este constructor de p\u00e1ginas de WordPress es compatible con pr\u00e1cticamente todos los temas y complementos de WordPress, lo que significa que puede aprovechar el<\/p>\n","protected":false},"featured_media":165662,"comment_status":"open","ping_status":"open","template":"","meta":[],"product_brand":[2339],"product_cat":[1214,1206,1211],"product_tag":[1256],"class_list":{"0":"post-111302","1":"product","2":"type-product","3":"status-publish","4":"has-post-thumbnail","6":"product_brand-codecanyon","7":"product_cat-personalizacion","8":"product_cat-plugins","9":"product_cat-wordpress-plugins","10":"product_tag-codecanyon","11":"member-discount","12":"discount-restricted","14":"first","15":"instock","16":"sale","17":"downloadable","18":"virtual","19":"sold-individually","20":"purchasable","21":"product-type-simple"},"_links":{"self":[{"href":"https:\/\/gpl-love.com\/es\/wp-json\/wp\/v2\/product\/111302","targetHints":{"allow":["GET"]}}],"collection":[{"href":"https:\/\/gpl-love.com\/es\/wp-json\/wp\/v2\/product"}],"about":[{"href":"https:\/\/gpl-love.com\/es\/wp-json\/wp\/v2\/types\/product"}],"replies":[{"embeddable":true,"href":"https:\/\/gpl-love.com\/es\/wp-json\/wp\/v2\/comments?post=111302"}],"wp:featuredmedia":[{"embeddable":true,"href":"https:\/\/gpl-love.com\/es\/wp-json\/wp\/v2\/media\/165662"}],"wp:attachment":[{"href":"https:\/\/gpl-love.com\/es\/wp-json\/wp\/v2\/media?parent=111302"}],"wp:term":[{"taxonomy":"product_brand","embeddable":true,"href":"https:\/\/gpl-love.com\/es\/wp-json\/wp\/v2\/product_brand?post=111302"},{"taxonomy":"product_cat","embeddable":true,"href":"https:\/\/gpl-love.com\/es\/wp-json\/wp\/v2\/product_cat?post=111302"},{"taxonomy":"product_tag","embeddable":true,"href":"https:\/\/gpl-love.com\/es\/wp-json\/wp\/v2\/product_tag?post=111302"}],"curies":[{"name":"wp","href":"https:\/\/api.w.org\/{rel}","templated":true}]}}