{"id":111300,"date":"2025-06-12T00:00:00","date_gmt":"2025-06-12T05:00:00","guid":{"rendered":"http:\/\/gpl-love.com\/es\/producto\/real-physical-media\/"},"modified":"2026-03-09T08:27:31","modified_gmt":"2026-03-09T13:27:31","slug":"real-physical-media","status":"publish","type":"product","link":"https:\/\/gpl-love.com\/es\/producto\/real-physical-media\/","title":{"rendered":"Real Physical Media Libary 1.5.109"},"content":{"rendered":"<h3>Real Physical Media Libary Caracteristicas<\/h3>\n<p>La Real Physical Media Library es una soluci\u00f3n avanzada y de vanguardia dise\u00f1ada espec\u00edficamente para el almacenamiento y la organizaci\u00f3n de los medios f\u00edsicos, incluidos, entre otros, CDS, DVD y discos Blu-ray. Este innovador e inventivo producto otorga a los usuarios acceso sin esfuerzo a su colecci\u00f3n de medios junto con la capacidad de administrarlo de manera eficiente, todo con solo el simple clic de un bot\u00f3n. Su dise\u00f1o elegante y contempor\u00e1neo no solo tiene su prop\u00f3sito pr\u00e1ctico, sino que tambi\u00e9n agrega un elemento de estilo y sofisticaci\u00f3n, lo que lo convierte en una adici\u00f3n ideal e indispensable a cualquier entorno de hogar u oficina. Con su interfaz f\u00e1cil de usar, la biblioteca de medios f\u00edsicos reales surge como el ep\u00edtome de una soluci\u00f3n ideal para cualquier persona interesada en racionalizar y simplificar su biblioteca de medios. Independientemente de si eres un aficionado apasionado de la m\u00fasica, un entusiasta del cine, o simplemente alguien que necesita una desgracia de desaprobar su entorno, este producto sin duda es un remedio perfecto para satisfacer sus requisitos de almacenamiento. Entonces, sin m\u00e1s pre\u00e1mbulos, \u00bfpor qu\u00e9 tardar? \u00a1Aproveche la oportunidad de adquirir su propia biblioteca de medios f\u00edsicos reales hoy y experimentar la conveniencia inigualable y la organizaci\u00f3n impecable que le otorga!<\/p>\n<ul>\n<li>Acceso a toda su biblioteca de medios f\u00edsicos en un solo lugar<\/li>\n<li>Encuentra y toca instant\u00e1neamente tus pel\u00edculas favoritas, programas de televisi\u00f3n y \u00e1lbumes de m\u00fasica<\/li>\n<li>Admite m\u00faltiples formatos de medios que incluyen DVD, Blu-ray, CD y vinilo<\/li>\n<li>Organice su biblioteca por g\u00e9nero, fecha, actor, director y m\u00e1s<\/li>\n<li>Cree listas de reproducci\u00f3n personalizadas para fiestas, eventos o uso personal.<\/li>\n<li>Interfaz intuitiva con funciones de navegaci\u00f3n y b\u00fasqueda f\u00e1ciles<\/li>\n<li>Reproducci\u00f3n de alta calidad con funciones avanzadas de audio y video<\/li>\n<li>Compatible con la mayor\u00eda de los sistemas de cine en casa y dispositivos de transmisi\u00f3n<\/li>\n<li>Actualizaciones autom\u00e1ticas y actualizaciones de software para un rendimiento \u00f3ptimo continuo<\/li>\n<li>Caracter\u00edsticas de seguridad mejoradas para proteger su valiosa colecci\u00f3n de medios.<\/li>\n<\/ul>\n","protected":false},"excerpt":{"rendered":"<p>La Real Physical Media Library ofrece la oportunidad sin precedentes para que las personas disfruten de sus queridas pel\u00edculas, m\u00fasica y juegos en sus formatos f\u00edsicos verdaderos y aut\u00e9nticos, eliminando as\u00ed la necesidad de depender de las conexiones precarias a Internet o experimentar preocupaciones con respecto a la calidad de los servicios de transmisi\u00f3n. Esta extraordinaria biblioteca ha sido meticulosamente elaborada con la intenci\u00f3n de acomodar y organizar sus apreciados CD, DVD y juegos, lo que le brinda la mayor comodidad cuando se trata de acceder a ellos a su gusto. Con una construcci\u00f3n robusta y un dise\u00f1o que optimiza la utilizaci\u00f3n del espacio, esta notable adici\u00f3n a su sistema de entretenimiento en el hogar mejorar\u00e1 su experiencia general.<\/p>\n","protected":false},"featured_media":168355,"comment_status":"open","ping_status":"open","template":"","meta":[],"product_brand":[2612],"product_cat":[1212,1206,1211],"product_tag":[1364],"class_list":{"0":"post-111300","1":"product","2":"type-product","3":"status-publish","4":"has-post-thumbnail","6":"product_brand-real","7":"product_cat-administracion-wordpress-plugins","8":"product_cat-plugins","9":"product_cat-wordpress-plugins","10":"product_tag-real","11":"member-discount","12":"discount-restricted","14":"first","15":"instock","16":"sale","17":"downloadable","18":"virtual","19":"sold-individually","20":"purchasable","21":"product-type-simple"},"_links":{"self":[{"href":"https:\/\/gpl-love.com\/es\/wp-json\/wp\/v2\/product\/111300","targetHints":{"allow":["GET"]}}],"collection":[{"href":"https:\/\/gpl-love.com\/es\/wp-json\/wp\/v2\/product"}],"about":[{"href":"https:\/\/gpl-love.com\/es\/wp-json\/wp\/v2\/types\/product"}],"replies":[{"embeddable":true,"href":"https:\/\/gpl-love.com\/es\/wp-json\/wp\/v2\/comments?post=111300"}],"wp:featuredmedia":[{"embeddable":true,"href":"https:\/\/gpl-love.com\/es\/wp-json\/wp\/v2\/media\/168355"}],"wp:attachment":[{"href":"https:\/\/gpl-love.com\/es\/wp-json\/wp\/v2\/media?parent=111300"}],"wp:term":[{"taxonomy":"product_brand","embeddable":true,"href":"https:\/\/gpl-love.com\/es\/wp-json\/wp\/v2\/product_brand?post=111300"},{"taxonomy":"product_cat","embeddable":true,"href":"https:\/\/gpl-love.com\/es\/wp-json\/wp\/v2\/product_cat?post=111300"},{"taxonomy":"product_tag","embeddable":true,"href":"https:\/\/gpl-love.com\/es\/wp-json\/wp\/v2\/product_tag?post=111300"}],"curies":[{"name":"wp","href":"https:\/\/api.w.org\/{rel}","templated":true}]}}