{"id":111298,"date":"2024-03-29T00:00:00","date_gmt":"2024-03-29T05:00:00","guid":{"rendered":"http:\/\/gpl-love.com\/es\/producto\/massive-cryptocurrency-widgets\/"},"modified":"2026-03-09T07:48:51","modified_gmt":"2026-03-09T12:48:51","slug":"massive-cryptocurrency-widgets","status":"publish","type":"product","link":"https:\/\/gpl-love.com\/es\/producto\/massive-cryptocurrency-widgets\/","title":{"rendered":"Massive Cryptocurrency Widgets 3.2.7"},"content":{"rendered":"<h3>Massive Cryptocurrency Widgets Caracteristicas<\/h3>\n<p>Los widgets de criptomonedas masivos, un conjunto integral de herramientas, sirven como conducto para que los usuarios obtengan datos en tiempo real relacionados con el rendimiento de una gran cantidad de criptomonedas. Estos widgets cuentan con una interfaz f\u00e1cil de usar, lo que los hace f\u00e1cilmente navegables y comprensibles incluso a las personas que son nuevas en el \u00e1mbito de la inversi\u00f3n. Armados con widgets masivos de criptomonedas, los usuarios poseen la capacidad de monitorear el precio, la capitalizaci\u00f3n de mercado, el volumen de negociaci\u00f3n y otras m\u00e9tricas significativas asociadas con las criptomonedas, lo que les permite tomar decisiones de inversi\u00f3n bien informadas. Adem\u00e1s, estos widgets no se limitan a una sola plataforma, sino que son compatibles con diversas plataformas, como sitios web, aplicaciones m\u00f3viles y aplicaciones de escritorio, acomodando as\u00ed a un espectro diverso de usuarios. En resumen, los widgets de criptomonedas masivos representan una herramienta indispensable para las personas que buscan permanecer al tanto del mercado de criptomonedas en constante evoluci\u00f3n.<\/p>\n<ul>\n<li>Los widgets de criptomonedas masivos es una plataforma integral de comercio de criptomonedas que permite un f\u00e1cil acceso y gesti\u00f3n de sus activos digitales.<\/li>\n<li>Con widgets masivos de criptomonedas, puede ver los precios de las criptomonedas en tiempo real, rastrear el rendimiento de su cartera y ejecutar operaciones con facilidad.<\/li>\n<li>La plataforma presenta una interfaz f\u00e1cil de usar que facilita la navegaci\u00f3n, incluso para aquellos nuevos en el comercio de criptomonedas.<\/li>\n<li>Ya sea que sea un comerciante experimentado o simplemente comience, los widgets de criptomonedas masivos proporcionan un conjunto completo de herramientas para ayudarlo a administrar sus inversiones de criptomonedas.<\/li>\n<li>Tendr\u00e1 acceso a las \u00faltimas noticias e informaci\u00f3n sobre el mercado de criptomonedas, as\u00ed como herramientas de an\u00e1lisis t\u00e9cnico para ayudarlo a tomar decisiones informadas sobre sus operaciones.<\/li>\n<li>Los widgets masivos de criptomonedas tambi\u00e9n admiten una amplia gama de criptomonedas, incluidas Bitcoin, Ethereum, Litecoin y m\u00e1s, para que pueda comerciar con confianza.<\/li>\n<li>La plataforma es segura y confiable, con s\u00f3lidas medidas de seguridad para proteger sus activos e informaci\u00f3n personal.<\/li>\n<li>Con los widgets masivos de criptomonedas, puede tomar el control de sus inversiones de criptomonedas y lograr sus objetivos financieros en el mundo de r\u00e1pido crecimiento de los activos digitales.<\/li>\n<\/ul>\n","protected":false},"excerpt":{"rendered":"<p>Los widgets de criptomonedas masivos son una herramienta incre\u00edblemente vers\u00e1til y altamente personalizable que satisface las necesidades y deseos de comerciantes de criptomonedas, inversores y entusiastas por igual. Este producto excepcional cuenta con una amplia gama de widgets diversos dise\u00f1ados meticulosamente para ofrecer a los usuarios una comprensi\u00f3n que lo abarca todo y la profunda del \u00e1mbito de la criptomoneda. Entre sus caracter\u00edsticas notables, uno puede encontrar tickers de precios en tiempo real, l\u00edmites de mercado, vol\u00famenes comerciales, indicadores de sentimientos del mercado y una variedad de otras herramientas invaluables. Adem\u00e1s, la interfaz f\u00e1cil de usar garantiza la navegaci\u00f3n sin esfuerzo, y las opciones de personalizaci\u00f3n incomparables permiten a cada usuario individual adaptar el producto a sus especificaciones \u00fanicas. Al emplear widgets masivos de criptomonedas, las personas pueden permanecer actualizadas sin esfuerzo y bien informadas con respecto a los desarrollos m\u00e1s recientes dentro de los mercados de criptograf\u00eda. Adem\u00e1s, obtienen la invaluable capacidad para analizar meticulosamente las tendencias del mercado y, en \u00faltima instancia, tomar decisiones de inversi\u00f3n altamente informadas y estrat\u00e9gicas.<\/p>\n","protected":false},"featured_media":166700,"comment_status":"open","ping_status":"open","template":"","meta":[],"product_brand":[2339],"product_cat":[1214,1206,1211],"product_tag":[1256],"class_list":{"0":"post-111298","1":"product","2":"type-product","3":"status-publish","4":"has-post-thumbnail","6":"product_brand-codecanyon","7":"product_cat-personalizacion","8":"product_cat-plugins","9":"product_cat-wordpress-plugins","10":"product_tag-codecanyon","11":"member-discount","12":"discount-restricted","14":"first","15":"instock","16":"sale","17":"downloadable","18":"virtual","19":"sold-individually","20":"purchasable","21":"product-type-simple"},"_links":{"self":[{"href":"https:\/\/gpl-love.com\/es\/wp-json\/wp\/v2\/product\/111298","targetHints":{"allow":["GET"]}}],"collection":[{"href":"https:\/\/gpl-love.com\/es\/wp-json\/wp\/v2\/product"}],"about":[{"href":"https:\/\/gpl-love.com\/es\/wp-json\/wp\/v2\/types\/product"}],"replies":[{"embeddable":true,"href":"https:\/\/gpl-love.com\/es\/wp-json\/wp\/v2\/comments?post=111298"}],"wp:featuredmedia":[{"embeddable":true,"href":"https:\/\/gpl-love.com\/es\/wp-json\/wp\/v2\/media\/166700"}],"wp:attachment":[{"href":"https:\/\/gpl-love.com\/es\/wp-json\/wp\/v2\/media?parent=111298"}],"wp:term":[{"taxonomy":"product_brand","embeddable":true,"href":"https:\/\/gpl-love.com\/es\/wp-json\/wp\/v2\/product_brand?post=111298"},{"taxonomy":"product_cat","embeddable":true,"href":"https:\/\/gpl-love.com\/es\/wp-json\/wp\/v2\/product_cat?post=111298"},{"taxonomy":"product_tag","embeddable":true,"href":"https:\/\/gpl-love.com\/es\/wp-json\/wp\/v2\/product_tag?post=111298"}],"curies":[{"name":"wp","href":"https:\/\/api.w.org\/{rel}","templated":true}]}}