{"id":111296,"date":"2025-10-28T00:00:00","date_gmt":"2025-10-28T05:00:00","guid":{"rendered":"http:\/\/gpl-love.com\/es\/producto\/martfury-woocommerce-marketplace-wordpress-theme\/"},"modified":"2026-04-06T17:15:41","modified_gmt":"2026-04-06T22:15:41","slug":"martfury-woocommerce-marketplace-wordpress-theme","status":"publish","type":"product","link":"https:\/\/gpl-love.com\/es\/producto\/martfury-woocommerce-marketplace-wordpress-theme\/","title":{"rendered":"Martfury WooCommerce Marketplace WordPress Theme 3.3.8"},"content":{"rendered":"<h3>Martfury WooCommerce Marketplace WordPress Theme Caracteristicas<\/h3>\n<p>Martfury es un tema de WordPress desarrollado espec\u00edficamente para el mercado de WooCommerce. Su prop\u00f3sito principal es facilitar el establecimiento de una plataforma en l\u00ednea donde los proveedores pueden comercializar y vender efectivamente su variedad de productos. Con una extensa gama de caracter\u00edsticas y opciones de personalizaci\u00f3n, este tema ofrece una conveniencia y flexibilidad incomparables en la creaci\u00f3n de un sitio web de mercado din\u00e1mico y distintivo. Con este tema, la gesti\u00f3n de proveedores, productos, pedidos y pagos se convierte en un esfuerzo sin problemas y sin esfuerzo. Adem\u00e1s, la incorporaci\u00f3n de variaciones de productos, arreglos de env\u00edo y diversas pasarelas de pago mejora en gran medida la experiencia general del usuario. Adem\u00e1s, la capacidad de respuesta integral del tema garantiza una visualizaci\u00f3n y funcionalidad \u00f3ptimas en todos los dispositivos, asegurando una interfaz visualmente cautivadora y f\u00e1cil de usar. En particular, Martfury tambi\u00e9n muestra un potente sistema de b\u00fasqueda y filtro, facilitando la capacidad de los clientes de localizar r\u00e1pidamente sus productos deseados. En consecuencia, la utilizaci\u00f3n de Martfury faculta a los empresarios para establecer un mercado en l\u00ednea pr\u00f3spero que amalgama a la perfecci\u00f3n la funcionalidad y el atractivo est\u00e9tico.<\/p>\n<ul>\n<li>Un tema personalizado de WordPress dise\u00f1ado espec\u00edficamente para crear un mercado en l\u00ednea utilizando capacidades de WooCommerce<\/li>\n<li>Dise\u00f1o altamente receptivo que puede adaptarse a cualquier tama\u00f1o de pantalla, proporcionando una experiencia de usuario excepcional para clientes y vendedores<\/li>\n<li>Personalas caracter\u00edsticas y herramientas incorporadas que simplifican el proceso de gesti\u00f3n de un mercado en l\u00ednea, incluida la gesti\u00f3n de productos, el seguimiento de pedidos y el procesamiento de pagos<\/li>\n<li>M\u00faltiples dise\u00f1os de demostraci\u00f3n para elegir, dando a los usuarios la flexibilidad de seleccionar el dise\u00f1o perfecto para su mercado<\/li>\n<li>Integraci\u00f3n con complementos y servicios populares que mejoran la funcionalidad, como MailChimp, Yoast SEO y Google Analytics<\/li>\n<li>Documentaci\u00f3n extensa y soporte r\u00e1pido de los desarrolladores, asegurando una experiencia perfecta para los usuarios desde la instalaci\u00f3n hasta la personalizaci\u00f3n.<\/li>\n<\/ul>\n","protected":false},"excerpt":{"rendered":"<p>Martfury WooCommerce Marketplace WordPress Temo, meticulosamente elaborado para facilitar la creaci\u00f3n de un mercado en l\u00ednea adaptable y de vanguardia, se erige como la mejor panacea para cualquier propietario de negocios emprendedor que anhele vender sus productos en el \u00e1mbito virtual. Con una interfaz que es extremadamente f\u00e1cil de usar y una variedad de opciones personalizables, este tema reina supremo para las personas que buscan exhibir sus productos con el m\u00e1ximo estilo, dotando simult\u00e1neamente a su estimada clientela con una experiencia de compra incomparable que no tiene ninguna hindrancia. Desde la provisi\u00f3n de funcionalidades de b\u00fasqueda y filtrado de vanguardia hasta la gran cantidad de alternativas de pago disponibles, Martfury abarca una exhaustiva gama de atributos indispensables que son fundamentales para transformar su empresa digital en un esfuerzo lucrativo.<\/p>\n","protected":false},"featured_media":166697,"comment_status":"open","ping_status":"open","template":"","meta":[],"product_brand":[2337],"product_cat":[1263,1264,1237],"product_tag":[1391],"class_list":{"0":"post-111296","1":"product","2":"type-product","3":"status-publish","4":"has-post-thumbnail","6":"product_brand-themeforest","7":"product_cat-comercio-electronico-temas","8":"product_cat-negocio","9":"product_cat-temas","10":"product_tag-themeforest","11":"member-discount","12":"discount-restricted","14":"first","15":"instock","16":"sale","17":"downloadable","18":"virtual","19":"sold-individually","20":"purchasable","21":"product-type-simple"},"_links":{"self":[{"href":"https:\/\/gpl-love.com\/es\/wp-json\/wp\/v2\/product\/111296","targetHints":{"allow":["GET"]}}],"collection":[{"href":"https:\/\/gpl-love.com\/es\/wp-json\/wp\/v2\/product"}],"about":[{"href":"https:\/\/gpl-love.com\/es\/wp-json\/wp\/v2\/types\/product"}],"replies":[{"embeddable":true,"href":"https:\/\/gpl-love.com\/es\/wp-json\/wp\/v2\/comments?post=111296"}],"wp:featuredmedia":[{"embeddable":true,"href":"https:\/\/gpl-love.com\/es\/wp-json\/wp\/v2\/media\/166697"}],"wp:attachment":[{"href":"https:\/\/gpl-love.com\/es\/wp-json\/wp\/v2\/media?parent=111296"}],"wp:term":[{"taxonomy":"product_brand","embeddable":true,"href":"https:\/\/gpl-love.com\/es\/wp-json\/wp\/v2\/product_brand?post=111296"},{"taxonomy":"product_cat","embeddable":true,"href":"https:\/\/gpl-love.com\/es\/wp-json\/wp\/v2\/product_cat?post=111296"},{"taxonomy":"product_tag","embeddable":true,"href":"https:\/\/gpl-love.com\/es\/wp-json\/wp\/v2\/product_tag?post=111296"}],"curies":[{"name":"wp","href":"https:\/\/api.w.org\/{rel}","templated":true}]}}