{"id":111294,"date":"2025-10-10T00:00:00","date_gmt":"2025-10-10T05:00:00","guid":{"rendered":"http:\/\/gpl-love.com\/es\/producto\/enfold-responsive-multipurpose-theme\/"},"modified":"2026-03-13T17:20:29","modified_gmt":"2026-03-13T22:20:29","slug":"enfold-responsive-multipurpose-theme","status":"publish","type":"product","link":"https:\/\/gpl-love.com\/es\/producto\/enfold-responsive-multipurpose-theme\/","title":{"rendered":"Enfold Responsive MultiPurpose Theme 7.1.3"},"content":{"rendered":"<h3>Enfold Responsive MultiPurpose Theme Caracteristicas<\/h3>\n<p>El tema de MultipurSos de endold receptivo, con su versatilidad y facilidad de uso, se presenta como una soluci\u00f3n excepcional para las personas que buscan construir sin esfuerzo un sitio web profesional y contempor\u00e1neo. Su extensa gama de opciones personalizables, que abarca varios dise\u00f1os, fuentes y esquemas de color, lo hace adecuado para cualquier negocio u organizaci\u00f3n, independientemente de su naturaleza. En particular, su capacidad de respuesta completa asegura que el sitio web parezca visualmente atractivo en pantallas de todos los tama\u00f1os y en m\u00faltiples dispositivos. Adem\u00e1s, con funcionalidades avanzadas como un editor de arrastrar y soltar, widgets personalizados y una interfaz de administraci\u00f3n robusta, este tema demuestra ser una opci\u00f3n \u00f3ptima para novatos y expertos por igual. En \u00faltima instancia, hacer una inversi\u00f3n en un tema multiprop\u00f3sito envuelto en cuenta garantiza la creaci\u00f3n de un sitio web que es de calidad y funcionalidad superiores.<\/p>\n<ul>\n<li>Tema altamente personalizable y vers\u00e1til adecuado para cualquier tipo de sitio web<\/li>\n<li>Dise\u00f1o totalmente receptivo, asegurando una experiencia de usuario fluida y perfecta en cualquier dispositivo<\/li>\n<li>Viene con una amplia gama de plantillas preconstruidas y dise\u00f1os de demostraci\u00f3n para una personalizaci\u00f3n r\u00e1pida y f\u00e1cil<\/li>\n<li>Potente generador de arrastre y ca\u00edda para crear dise\u00f1os y dise\u00f1os \u00fanicos sin ning\u00fan conocimiento de codificaci\u00f3n<\/li>\n<li>Se integra a la perfecci\u00f3n con complementos populares de WordPress como WooCommerce, WPML, Formulario de contacto 7 y m\u00e1s<\/li>\n<li>Herramientas de optimizaci\u00f3n de SEO incorporadas para mejorar la visibilidad y la clasificaci\u00f3n de su sitio web en los resultados del motor de b\u00fasqueda<\/li>\n<li>Incluye opciones de color ilimitadas, configuraciones de tipograf\u00eda y \u00e1reas de widgets personalizadas para la m\u00e1xima creatividad y flexibilidad<\/li>\n<li>Actualizaciones y apoyo regulares del equipo experimentado de desarrollo Enfold<\/li>\n<li>Admite m\u00faltiples idiomas, lo que lo convierte en una excelente opci\u00f3n para sitios web multiling\u00fces<\/li>\n<li>Construido con la velocidad y el rendimiento en mente, asegurando tiempos de carga r\u00e1pidas y un rendimiento \u00f3ptimo del sitio web.<\/li>\n<\/ul>\n","protected":false},"excerpt":{"rendered":"<p>El tema MultipurSose Engold Responsive es un tema incre\u00edblemente vers\u00e1til y f\u00e1cil de usar que ha sido dise\u00f1ado espec\u00edficamente para satisfacer todas las necesidades de su sitio web, independientemente de si est\u00e1 en el proceso de crear un blog o una tienda en l\u00ednea. Una de las caracter\u00edsticas destacadas de este tema es su capacidad de respuesta excepcional, que garantiza que su sitio web se vea absolutamente fant\u00e1stico en cualquier dispositivo, ofreciendo una experiencia de usuario perfecta y agradable. No solo eso, sino que este tema tambi\u00e9n cuenta con una gran cantidad de opciones personalizables, lo que significa que puede crear sin esfuerzo un sitio web verdaderamente \u00fanico e incre\u00edblemente profesional, incluso si no posee ning\u00fan conocimiento de codificaci\u00f3n.<\/p>\n","protected":false},"featured_media":165983,"comment_status":"open","ping_status":"open","template":"","meta":[],"product_brand":[2337],"product_cat":[1239,1237,1238],"product_tag":[1391],"class_list":{"0":"post-111294","1":"product","2":"type-product","3":"status-publish","4":"has-post-thumbnail","6":"product_brand-themeforest","7":"product_cat-de-multiples-fines","8":"product_cat-temas","9":"product_cat-wordpress-temas","10":"product_tag-themeforest","11":"member-discount","12":"discount-restricted","14":"first","15":"instock","16":"sale","17":"downloadable","18":"virtual","19":"sold-individually","20":"purchasable","21":"product-type-simple"},"_links":{"self":[{"href":"https:\/\/gpl-love.com\/es\/wp-json\/wp\/v2\/product\/111294","targetHints":{"allow":["GET"]}}],"collection":[{"href":"https:\/\/gpl-love.com\/es\/wp-json\/wp\/v2\/product"}],"about":[{"href":"https:\/\/gpl-love.com\/es\/wp-json\/wp\/v2\/types\/product"}],"replies":[{"embeddable":true,"href":"https:\/\/gpl-love.com\/es\/wp-json\/wp\/v2\/comments?post=111294"}],"wp:featuredmedia":[{"embeddable":true,"href":"https:\/\/gpl-love.com\/es\/wp-json\/wp\/v2\/media\/165983"}],"wp:attachment":[{"href":"https:\/\/gpl-love.com\/es\/wp-json\/wp\/v2\/media?parent=111294"}],"wp:term":[{"taxonomy":"product_brand","embeddable":true,"href":"https:\/\/gpl-love.com\/es\/wp-json\/wp\/v2\/product_brand?post=111294"},{"taxonomy":"product_cat","embeddable":true,"href":"https:\/\/gpl-love.com\/es\/wp-json\/wp\/v2\/product_cat?post=111294"},{"taxonomy":"product_tag","embeddable":true,"href":"https:\/\/gpl-love.com\/es\/wp-json\/wp\/v2\/product_tag?post=111294"}],"curies":[{"name":"wp","href":"https:\/\/api.w.org\/{rel}","templated":true}]}}