{"id":111292,"date":"2021-06-15T00:00:00","date_gmt":"2021-06-15T05:00:00","guid":{"rendered":"http:\/\/gpl-love.com\/es\/producto\/pantograph-newspaper-magazine-theme\/"},"modified":"2026-04-10T11:21:16","modified_gmt":"2026-04-10T16:21:16","slug":"pantograph-newspaper-magazine-theme","status":"publish","type":"product","link":"https:\/\/gpl-love.com\/es\/producto\/pantograph-newspaper-magazine-theme\/","title":{"rendered":"PantoGraph Newspaper Magazine Theme 3.7.2"},"content":{"rendered":"<h3>PantoGraph Newspaper Magazine Theme Caracteristicas<\/h3>\n<p>El tema de la revista Pantograph Newspaper es un tema excepcional de WordPress que se ha desarrollado meticulosamente para satisfacer las necesidades espec\u00edficas de los bloggers y editores que aspiran a crear sitios web impresionantes y de alta calidad. Con una impresionante variedad de opciones personalizables, que abarca una variedad de esquemas de color, fuentes, widgets y muchas otras caracter\u00edsticas, se comprometen pant\u00f3grafos para facilitar la creaci\u00f3n de un sitio web excepcionalmente \u00fanico y visualmente cautivador que es un verdadero reflejo de su identidad de marca y estilo personal y estilo personal. . Este tema no solo es est\u00e9ticamente agradable, sino tambi\u00e9n altamente adaptable y receptivo, lo que garantiza una accesibilidad perfecta y una navegaci\u00f3n f\u00e1cil de usar en una mir\u00edada de dispositivos. Adem\u00e1s, ofrece un amplio repertorio de herramientas y funcionalidades potentes, que incluye una herramienta de optimizaci\u00f3n de SEO incorporada, compatibilidad firme con varios formatos de publicaci\u00f3n, integraci\u00f3n perfecta con plataformas de redes sociales y una abundancia de otras caracter\u00edsticas notables. Independientemente de si posee una experiencia sustancial como un blogger experimentado o se est\u00e1 embarcando en su viaje de blogs, Pantograph surge como la mejor opci\u00f3n para las personas que aspiran a construir un sitio web excepcional y verdaderamente excepcional que inevitablemente se distingue de la competencia prevaleciente.<\/p>\n<ul>\n<li>Dise\u00f1o moderno y elegante<\/li>\n<li>Dise\u00f1o totalmente receptivo para todos los dispositivos<\/li>\n<li>Secciones de p\u00e1gina de inicio personalizables<\/li>\n<li>Arrastrar y soltar el constructor de la p\u00e1gina<\/li>\n<li>WooCommerce Compatible<\/li>\n<li>Opciones de tipograf\u00eda avanzada<\/li>\n<li>Opciones de dise\u00f1o posterior a m\u00faltiples<\/li>\n<li>Tipograf\u00eda elegante y limpia<\/li>\n<li>Integraci\u00f3n de redes sociales<\/li>\n<li>Panel de opciones de temas f\u00e1ciles de usar<\/li>\n<li>Velocidad de carga r\u00e1pida<\/li>\n<li>SEO optimizado para una mejor visibilidad de b\u00fasqueda<\/li>\n<li>Traducci\u00f3n lista<\/li>\n<li>Importaci\u00f3n de demostraci\u00f3n de un solo clic<\/li>\n<li>Equipo de apoyo dedicado<\/li>\n<\/ul>\n","protected":false},"excerpt":{"rendered":"<p>El tema de la revista Pantograph Newspaper es un tema de WordPress extremadamente receptivo y notablemente vers\u00e1til que ha sido dise\u00f1ado meticulosamente para el prop\u00f3sito espec\u00edfico de satisfacer las necesidades y requisitos de los peri\u00f3dicos, revistas y publicaciones en l\u00ednea. Este tema, con su dise\u00f1o excepcionalmente limpio y notablemente moderno, cuenta con una amplia gama de dise\u00f1os personalizables, una amplia gama de opciones de color ilimitadas, as\u00ed como una gran cantidad de m\u00faltiples formatos de publicaci\u00f3n, todos los cuales combinados apuntan a mostrar de manera efectiva y eficiente sus valiosas Contenido de la manera m\u00e1s impactante e influyente concebible.<\/p>\n","protected":false},"featured_media":167172,"comment_status":"open","ping_status":"open","template":"","meta":[],"product_brand":[2337],"product_cat":[1245,1237,1238],"product_tag":[1391],"class_list":{"0":"post-111292","1":"product","2":"type-product","3":"status-publish","4":"has-post-thumbnail","6":"product_brand-themeforest","7":"product_cat-blog-revista","8":"product_cat-temas","9":"product_cat-wordpress-temas","10":"product_tag-themeforest","11":"member-discount","12":"discount-restricted","14":"first","15":"instock","16":"sale","17":"downloadable","18":"virtual","19":"sold-individually","20":"purchasable","21":"product-type-simple"},"_links":{"self":[{"href":"https:\/\/gpl-love.com\/es\/wp-json\/wp\/v2\/product\/111292","targetHints":{"allow":["GET"]}}],"collection":[{"href":"https:\/\/gpl-love.com\/es\/wp-json\/wp\/v2\/product"}],"about":[{"href":"https:\/\/gpl-love.com\/es\/wp-json\/wp\/v2\/types\/product"}],"replies":[{"embeddable":true,"href":"https:\/\/gpl-love.com\/es\/wp-json\/wp\/v2\/comments?post=111292"}],"wp:featuredmedia":[{"embeddable":true,"href":"https:\/\/gpl-love.com\/es\/wp-json\/wp\/v2\/media\/167172"}],"wp:attachment":[{"href":"https:\/\/gpl-love.com\/es\/wp-json\/wp\/v2\/media?parent=111292"}],"wp:term":[{"taxonomy":"product_brand","embeddable":true,"href":"https:\/\/gpl-love.com\/es\/wp-json\/wp\/v2\/product_brand?post=111292"},{"taxonomy":"product_cat","embeddable":true,"href":"https:\/\/gpl-love.com\/es\/wp-json\/wp\/v2\/product_cat?post=111292"},{"taxonomy":"product_tag","embeddable":true,"href":"https:\/\/gpl-love.com\/es\/wp-json\/wp\/v2\/product_tag?post=111292"}],"curies":[{"name":"wp","href":"https:\/\/api.w.org\/{rel}","templated":true}]}}