{"id":111288,"date":"2025-10-23T00:00:00","date_gmt":"2025-10-23T05:00:00","guid":{"rendered":"http:\/\/gpl-love.com\/es\/producto\/aora-home-lifestyle-elementor-woocommerce-theme\/"},"modified":"2026-03-13T17:15:45","modified_gmt":"2026-03-13T22:15:45","slug":"aora-home-lifestyle-elementor-woocommerce-theme","status":"publish","type":"product","link":"https:\/\/gpl-love.com\/es\/producto\/aora-home-lifestyle-elementor-woocommerce-theme\/","title":{"rendered":"Aora Home Lifestyle Elementor WooCommerce Theme 1.3.15"},"content":{"rendered":"<h3>Aora Home Lifestyle Elementor WooCommerce Theme Caracteristicas<\/h3>\n<p>El tema de WooCommerce de estilo de vida de Aora Home Home, reconocido por su funcionalidad excepcional y su costumbre incomparable, representa un notable tema de WordPress meticulosamente elaborado para elevar y aumentar el \u00e1mbito de comercio electr\u00f3nico. Este tema impresionante abarca una amplia variedad de dise\u00f1os personalizables, fusionados sin problemas con una interfaz f\u00e1cil de usar adornada con widgets navegables sin esfuerzo, otorgando as\u00ed a los usuarios una experiencia sin complicaciones en la configuraci\u00f3n y personalizaci\u00f3n de sus tiendas en l\u00ednea. El tema de Aora, fortificado con la formidable destreza del constructor de p\u00e1ginas Elementor, los widgets a medida y la integraci\u00f3n perfecta con WooCommerce, capacita a los usuarios para exhibir sus cat\u00e1logos de productos meticulosamente seleccionados de una manera que es profesional y visualmente cautivadora. Adem\u00e1s, el tema abarca una mir\u00edada de plantillas preconstruidas y un conjunto integral de opciones de personalizaci\u00f3n, que proporciona a los usuarios un alcance incomparable para concebir y fabricar una tienda en l\u00ednea distintiva y convincente que eclipsa sin esfuerzo la competencia. En la totalidad, el tema de WooCommerce de estilo de vida de Aora Home Selectation surge como una selecci\u00f3n superlativa para discernir a los empresarios en l\u00ednea que aspiran a forjar un emporio de comercio electr\u00f3nico atractivo, pragm\u00e1tico y sin c\u00f3digo.<\/p>\n<ul>\n<li>P\u00e1gina de inicio personalizable con m\u00faltiples opciones de dise\u00f1o<\/li>\n<li>Integraci\u00f3n f\u00e1cil con Elementer Page Builder<\/li>\n<li>Compatibilidad de WooCommerce para compras en l\u00ednea sin problemas<\/li>\n<li>Dise\u00f1o receptivo para una visualizaci\u00f3n \u00f3ptima en todos los dispositivos<\/li>\n<li>M\u00faltiples p\u00e1ginas predise\u00f1adas para una f\u00e1cil personalizaci\u00f3n<\/li>\n<li>Integraci\u00f3n incorporada de Instagram e integraci\u00f3n de redes sociales<\/li>\n<li>Documentaci\u00f3n y soporte extenso disponible<\/li>\n<li>Integraci\u00f3n de Google Fonts para una tipograf\u00eda mejorada<\/li>\n<li>Importaci\u00f3n de demostraci\u00f3n de un solo clic para una configuraci\u00f3n r\u00e1pida<\/li>\n<li>Secci\u00f3n de blog incorporada para la creaci\u00f3n y marketing de contenido<\/li>\n<\/ul>\n","protected":false},"excerpt":{"rendered":"<p>Descubra el tema de WooCommerce de estilo de vida de Aora Home, una soluci\u00f3n moderna y f\u00e1cil de usar para su tienda en l\u00ednea. Aora est\u00e1 dise\u00f1ada con un enfoque en el estilo de vida del hogar, lo que la convierte en la elecci\u00f3n perfecta para las marcas de decoraci\u00f3n y estilo de vida para el hogar. Este tema est\u00e1 optimizado para WooCommerce, proporcionando una integraci\u00f3n perfecta con su tienda en l\u00ednea. Adem\u00e1s, utiliza el Elementor Page Builder, que le brinda la libertad de dise\u00f1ar y personalizar su sitio web de acuerdo con la est\u00e9tica de su marca. El tema de Aora est\u00e1 lleno de caracter\u00edsticas destinadas a mejorar la experiencia de compra de su cliente. Con su dise\u00f1o receptivo, su sitio web se ver\u00e1 y funcionar\u00e1 perfectamente en cualquier dispositivo, asegurando una experiencia de compra sin problemas para todos los usuarios. El tema tambi\u00e9n incluye la funcionalidad de b\u00fasqueda avanzada, lo que permite a los clientes encontrar f\u00e1cilmente lo que est\u00e1n buscando. Experimente la diferencia con Aora Home Lifestyle Elementor WooCommerce Tema: \u00a1donde el estilo, la funcionalidad y el comercio electr\u00f3nico chocan!<\/p>\n","protected":false},"featured_media":165378,"comment_status":"open","ping_status":"open","template":"","meta":[],"product_brand":[2337],"product_cat":[1263,1264,1237],"product_tag":[1391],"class_list":{"0":"post-111288","1":"product","2":"type-product","3":"status-publish","4":"has-post-thumbnail","6":"product_brand-themeforest","7":"product_cat-comercio-electronico-temas","8":"product_cat-negocio","9":"product_cat-temas","10":"product_tag-themeforest","11":"member-discount","12":"discount-restricted","14":"first","15":"instock","16":"sale","17":"downloadable","18":"virtual","19":"sold-individually","20":"purchasable","21":"product-type-simple"},"_links":{"self":[{"href":"https:\/\/gpl-love.com\/es\/wp-json\/wp\/v2\/product\/111288","targetHints":{"allow":["GET"]}}],"collection":[{"href":"https:\/\/gpl-love.com\/es\/wp-json\/wp\/v2\/product"}],"about":[{"href":"https:\/\/gpl-love.com\/es\/wp-json\/wp\/v2\/types\/product"}],"replies":[{"embeddable":true,"href":"https:\/\/gpl-love.com\/es\/wp-json\/wp\/v2\/comments?post=111288"}],"wp:featuredmedia":[{"embeddable":true,"href":"https:\/\/gpl-love.com\/es\/wp-json\/wp\/v2\/media\/165378"}],"wp:attachment":[{"href":"https:\/\/gpl-love.com\/es\/wp-json\/wp\/v2\/media?parent=111288"}],"wp:term":[{"taxonomy":"product_brand","embeddable":true,"href":"https:\/\/gpl-love.com\/es\/wp-json\/wp\/v2\/product_brand?post=111288"},{"taxonomy":"product_cat","embeddable":true,"href":"https:\/\/gpl-love.com\/es\/wp-json\/wp\/v2\/product_cat?post=111288"},{"taxonomy":"product_tag","embeddable":true,"href":"https:\/\/gpl-love.com\/es\/wp-json\/wp\/v2\/product_tag?post=111288"}],"curies":[{"name":"wp","href":"https:\/\/api.w.org\/{rel}","templated":true}]}}