{"id":111286,"date":"2024-09-13T00:00:00","date_gmt":"2024-09-13T05:00:00","guid":{"rendered":"http:\/\/gpl-love.com\/es\/producto\/ekommart-all-in-one-ecommerce-wordpress-theme\/"},"modified":"2026-03-13T17:19:54","modified_gmt":"2026-03-13T22:19:54","slug":"ekommart-all-in-one-ecommerce-wordpress-theme","status":"publish","type":"product","link":"https:\/\/gpl-love.com\/es\/producto\/ekommart-all-in-one-ecommerce-wordpress-theme\/","title":{"rendered":"Ekommart All-in-one eCommerce WordPress Theme 4.1.2"},"content":{"rendered":"<h3>Ekommart All-in-one eCommerce WordPress Theme Caracteristicas<\/h3>\n<p>El tema de WordPress de comercio electr\u00f3nico Ekommart surge como una resoluci\u00f3n ejemplar para las personas que buscan establecer un emporio en l\u00ednea competente y din\u00e1mico. Al hacer un dise\u00f1o elegante y contempor\u00e1neo, este tema demuestra ser un ajuste impecable para las empresas que abarcan un espectro diverso de tama\u00f1os e industrias. Con un extenso repertorio de caracter\u00edsticas, abarca opciones de personalizaci\u00f3n sin esfuerzo, plantillas preconstruidas y un dise\u00f1o receptivo que garantiza una apariencia est\u00e9ticamente agradable en todos los dispositivos. Adem\u00e1s, abarca herramientas de comercio electr\u00f3nico robustas, como un carrito de compras integrado, filtros de productos e integraci\u00f3n de pasarela sin problemas, facilitando as\u00ed la gesti\u00f3n perfecta de su tienda en l\u00ednea y permitiendo la venta de productos a una amplia base de clientes en todo el mundo. A fin de cuentas, el tema de WordPress de comercio electr\u00f3nico Ekommart todo en uno representa la selecci\u00f3n por excelencia para aquellos que aspiran a elevar su negocio de comercio electr\u00f3nico a alturas sin precedentes.<\/p>\n<ul>\n<li>Sitio web integral de comercio electr\u00f3nico con todas las caracter\u00edsticas necesarias<\/li>\n<li>Interfaz f\u00e1cil de usar para una f\u00e1cil personalizaci\u00f3n y administraci\u00f3n<\/li>\n<li>Compatible con WooCommerce y otros complementos populares<\/li>\n<li>Dise\u00f1o totalmente receptivo para navegar sin costuras en todos los dispositivos<\/li>\n<li>Opciones de dise\u00f1o m\u00faltiples y p\u00e1ginas previas a la configuraci\u00f3n r\u00e1pida<\/li>\n<li>SEO optimizado para una mejor visibilidad en los motores de b\u00fasqueda<\/li>\n<li>Soporte multiling\u00fce para llegar al p\u00fablico global<\/li>\n<li>Integraci\u00f3n con plataformas de redes sociales para una mayor participaci\u00f3n del cliente<\/li>\n<li>Herramientas de marketing incorporadas para impulsar ventas y promociones<\/li>\n<li>Atenci\u00f3n al cliente 24\/7 y actualizaciones regulares.<\/li>\n<\/ul>\n","protected":false},"excerpt":{"rendered":"<p>El tema de WordPress de comercio electr\u00f3nico de Ekommart se presenta como la soluci\u00f3n definitiva para las personas que buscan establecer una tienda en l\u00ednea robusta. Con funciones f\u00e1ciles de usar y un dise\u00f1o contempor\u00e1neo y adaptable, este tema atiende a empresas de todo tipo, ya sea se especializan en bienes tangibles, descargas digitales o servicios basados \u200b\u200ben modelos de suscripci\u00f3n. Adem\u00e1s, este tema est\u00e1 amueblado con varios sitios de demostraci\u00f3n prefabricados y un constructor de p\u00e1ginas intuitivo que permite la personalizaci\u00f3n sin esfuerzo de su tienda para alinearse perfectamente con sus requisitos \u00fanicos. Adem\u00e1s de estas ventajas, otras caracter\u00edsticas notables incluyen un sistema de b\u00fasqueda avanzado, alternativas de filtrado de productos y un proceso de pago simplificado, todos los cuales se implementan para garantizar una experiencia de usuario perfecta y gratificante. Al emplear el tema de Ekommart, la construcci\u00f3n de un sitio de comercio electr\u00f3nico pr\u00f3spero se puede lograr r\u00e1pidamente.<\/p>\n","protected":false},"featured_media":165925,"comment_status":"open","ping_status":"open","template":"","meta":[],"product_brand":[2337],"product_cat":[1263,1264,1237],"product_tag":[1391],"class_list":{"0":"post-111286","1":"product","2":"type-product","3":"status-publish","4":"has-post-thumbnail","6":"product_brand-themeforest","7":"product_cat-comercio-electronico-temas","8":"product_cat-negocio","9":"product_cat-temas","10":"product_tag-themeforest","11":"member-discount","12":"discount-restricted","14":"first","15":"instock","16":"sale","17":"downloadable","18":"virtual","19":"sold-individually","20":"purchasable","21":"product-type-simple"},"_links":{"self":[{"href":"https:\/\/gpl-love.com\/es\/wp-json\/wp\/v2\/product\/111286","targetHints":{"allow":["GET"]}}],"collection":[{"href":"https:\/\/gpl-love.com\/es\/wp-json\/wp\/v2\/product"}],"about":[{"href":"https:\/\/gpl-love.com\/es\/wp-json\/wp\/v2\/types\/product"}],"replies":[{"embeddable":true,"href":"https:\/\/gpl-love.com\/es\/wp-json\/wp\/v2\/comments?post=111286"}],"wp:featuredmedia":[{"embeddable":true,"href":"https:\/\/gpl-love.com\/es\/wp-json\/wp\/v2\/media\/165925"}],"wp:attachment":[{"href":"https:\/\/gpl-love.com\/es\/wp-json\/wp\/v2\/media?parent=111286"}],"wp:term":[{"taxonomy":"product_brand","embeddable":true,"href":"https:\/\/gpl-love.com\/es\/wp-json\/wp\/v2\/product_brand?post=111286"},{"taxonomy":"product_cat","embeddable":true,"href":"https:\/\/gpl-love.com\/es\/wp-json\/wp\/v2\/product_cat?post=111286"},{"taxonomy":"product_tag","embeddable":true,"href":"https:\/\/gpl-love.com\/es\/wp-json\/wp\/v2\/product_tag?post=111286"}],"curies":[{"name":"wp","href":"https:\/\/api.w.org\/{rel}","templated":true}]}}