{"id":111284,"date":"2022-06-12T00:00:00","date_gmt":"2022-06-12T05:00:00","guid":{"rendered":"http:\/\/gpl-love.com\/es\/producto\/revolution-creative-multipurpose-wordpress-theme\/"},"modified":"2026-04-10T11:23:27","modified_gmt":"2026-04-10T16:23:27","slug":"revolution-creative-multipurpose-wordpress-theme","status":"publish","type":"product","link":"https:\/\/gpl-love.com\/es\/producto\/revolution-creative-multipurpose-wordpress-theme\/","title":{"rendered":"Revolution Creative Multipurpose WordPress Theme 2.4.5.3"},"content":{"rendered":"<h3>Revolution Creative Multipurpose WordPress Theme Caracteristicas<\/h3>\n<p>El tema de WordPress multiprop\u00f3sito de Revolution Creative demuestra ser un instrumento incre\u00edblemente vers\u00e1til e influyente para la creaci\u00f3n de sitios web visualmente cautivadores. Su interfaz, que es intuitiva y f\u00e1cil de usar, otorga a los usuarios una amplia gama de opciones de personalizaci\u00f3n que se pueden utilizar para adaptar la apariencia y la atm\u00f3sfera de su sitio a sus preferencias precisas. Ya sea que el objetivo de uno sea construir un blog, una tienda de comercio electr\u00f3nico o una cartera en l\u00ednea, Revolution Creative se ha preparado, con un dise\u00f1o y compatibilidad receptivos con varios complementos muy buscados. Adem\u00e1s, este tema tambi\u00e9n est\u00e1 equipado con caracter\u00edsticas tipogr\u00e1ficas sofisticadas y una variedad de dise\u00f1os de p\u00e1gina distintos, facilitando as\u00ed la visualizaci\u00f3n sin esfuerzo de contenido de una manera que exuda profesionalismo y cautiva a los espectadores. Al emplear el tema de WordPress multiprop\u00f3sito creativo de Revolution, uno puede elevar su sitio web a alturas sin precedentes, asegurando que se destaque en medio de sus rivales y competidores.<\/p>\n<ul>\n<li>Un tema de WordPress moderno, vers\u00e1til y totalmente personalizable adecuado para una variedad de sitios web y aplicaciones.<\/li>\n<li>Cuenta con un dise\u00f1o receptivo que se adapta a cualquier tama\u00f1o de pantalla y dispositivo para garantizar una experiencia de usuario perfecta.<\/li>\n<li>Viene con una gama de dise\u00f1os de demostraci\u00f3n previamente construidos y plantillas que se pueden instalar y personalizar f\u00e1cilmente para satisfacer sus necesidades espec\u00edficas.<\/li>\n<li>Ofrece un potente constructor de p\u00e1ginas de arrastrar y soltar con m\u00faltiples opciones de dise\u00f1o, widgets y elementos personalizados para crear f\u00e1cilmente dise\u00f1os de p\u00e1gina \u00fanicos.<\/li>\n<li>Incluye un constructor de encabezado y pie de p\u00e1gina flexible para una f\u00e1cil personalizaci\u00f3n de la navegaci\u00f3n del sitio, logotipos y elementos de marca.<\/li>\n<li>Admite la integraci\u00f3n con complementos populares como WooCommerce, Contact Form 7 y m\u00e1s, para agregar funcionalidad adicional a su sitio.<\/li>\n<li>Construido utilizando el c\u00f3digo optimizado y las mejores pr\u00e1cticas de SEO para garantizar velocidades de carga r\u00e1pidas y clasificaciones de motores de b\u00fasqueda mejorados.<\/li>\n<li>Incluye documentaci\u00f3n extensa y tutoriales de video para proporcionar asistencia para principiantes y usuarios avanzados por igual.<\/li>\n<li>Ofrece actualizaciones peri\u00f3dicas y atenci\u00f3n al cliente para garantizar que su sitio web permanezca funcional y actualizado con las \u00faltimas caracter\u00edsticas y soluciones.<\/li>\n<li>Proporciona un importador de demostraci\u00f3n de un solo clic para una instalaci\u00f3n r\u00e1pida y f\u00e1cil del contenido de demostraci\u00f3n y los dise\u00f1os para impulsar el proceso de construcci\u00f3n de su sitio web.<\/li>\n<\/ul>\n","protected":false},"excerpt":{"rendered":"<p>El tema de WordPress multipurez de Revolution Creative es un tema de WordPress exquisitamente dise\u00f1ado y notablemente f\u00e1cil de usar que es impecablemente adecuado para la creaci\u00f3n de un sitio web sofisticado y visualmente atractivo. Cuenta con una gran cantidad de caracter\u00edsticas invaluables que le permiten dise\u00f1ar una presencia en l\u00ednea distintiva y cautivadora con una facilidad incomparable. Este tema extraordinario es excepcionalmente adecuado para una variedad de entidades que incluyen negocios, artistas, blogueros, trabajadores independientes e individuos que anhelan un sitio web que realmente se distingue de las masas. Con su surtido notablemente potente y notablemente adaptable de opciones de personalizaci\u00f3n, posee la capacidad de adaptarlo precisamente a sus especificaciones \u00fanicas y sus preferencias individuales. Ya sea que tenga como objetivo exhibir sus productos, servicios o una cartera impresionante, tenga la seguridad de que el tema de WordPress multiprop\u00f3sito Revolution Creative constituye la opci\u00f3n por excelencia para usted.<\/p>\n","protected":false},"featured_media":167371,"comment_status":"open","ping_status":"open","template":"","meta":[],"product_brand":[2337],"product_cat":[1239,1237,1238],"product_tag":[1391],"class_list":{"0":"post-111284","1":"product","2":"type-product","3":"status-publish","4":"has-post-thumbnail","6":"product_brand-themeforest","7":"product_cat-de-multiples-fines","8":"product_cat-temas","9":"product_cat-wordpress-temas","10":"product_tag-themeforest","11":"member-discount","12":"discount-restricted","14":"first","15":"instock","16":"sale","17":"downloadable","18":"virtual","19":"sold-individually","20":"purchasable","21":"product-type-simple"},"_links":{"self":[{"href":"https:\/\/gpl-love.com\/es\/wp-json\/wp\/v2\/product\/111284","targetHints":{"allow":["GET"]}}],"collection":[{"href":"https:\/\/gpl-love.com\/es\/wp-json\/wp\/v2\/product"}],"about":[{"href":"https:\/\/gpl-love.com\/es\/wp-json\/wp\/v2\/types\/product"}],"replies":[{"embeddable":true,"href":"https:\/\/gpl-love.com\/es\/wp-json\/wp\/v2\/comments?post=111284"}],"wp:featuredmedia":[{"embeddable":true,"href":"https:\/\/gpl-love.com\/es\/wp-json\/wp\/v2\/media\/167371"}],"wp:attachment":[{"href":"https:\/\/gpl-love.com\/es\/wp-json\/wp\/v2\/media?parent=111284"}],"wp:term":[{"taxonomy":"product_brand","embeddable":true,"href":"https:\/\/gpl-love.com\/es\/wp-json\/wp\/v2\/product_brand?post=111284"},{"taxonomy":"product_cat","embeddable":true,"href":"https:\/\/gpl-love.com\/es\/wp-json\/wp\/v2\/product_cat?post=111284"},{"taxonomy":"product_tag","embeddable":true,"href":"https:\/\/gpl-love.com\/es\/wp-json\/wp\/v2\/product_tag?post=111284"}],"curies":[{"name":"wp","href":"https:\/\/api.w.org\/{rel}","templated":true}]}}