{"id":111282,"date":"2025-05-11T00:00:00","date_gmt":"2025-05-11T05:00:00","guid":{"rendered":"http:\/\/gpl-love.com\/es\/producto\/doctreat-doctors-directory-wordpress-theme\/"},"modified":"2026-03-13T17:19:23","modified_gmt":"2026-03-13T22:19:23","slug":"doctreat-doctors-directory-wordpress-theme","status":"publish","type":"product","link":"https:\/\/gpl-love.com\/es\/producto\/doctreat-doctors-directory-wordpress-theme\/","title":{"rendered":"Doctreat Doctors Directory WordPress Theme 1.6.7"},"content":{"rendered":"<h3>Doctreat Doctors Directory WordPress Theme Caracteristicas<\/h3>\n<p>El tema de WordPress del Director DocTreat Doctors es una soluci\u00f3n completa y completa que est\u00e1 espec\u00edficamente dise\u00f1ada para crear un directorio que sea profesional y f\u00e1cil de usar, espec\u00edficamente para m\u00e9dicos y m\u00e9dicos. Este tema particular abarca todas las caracter\u00edsticas necesarias y esenciales que se requieren para construir con \u00e9xito un directorio funcional, que incluye opciones de b\u00fasqueda altamente avanzadas, as\u00ed como una funcionalidad de reserva de citas altamente eficiente y efectiva. Adem\u00e1s, este tema tambi\u00e9n incorpora p\u00e1ginas de perfil de m\u00e9dico individual que est\u00e1n equipadas con contenido altamente detallado e informativo sobre su \u00e1rea de especialidad, as\u00ed como su amplia experiencia y calificaciones. Adem\u00e1s, el dise\u00f1o de este tema responde, lo que permite la navegaci\u00f3n y el uso sin esfuerzo en cualquier tipo de dispositivo. Al utilizar el tema DocTreat, tendr\u00e1 la capacidad de establecer y construir un directorio que sea eficiente y altamente efectivo para conectar a los pacientes con el nivel m\u00e1ximo y excepcional de atenci\u00f3n de los mejores profesionales m\u00e9dicos disponibles.<\/p>\n<ul>\n<li>Tema de WordPress altamente personalizable dise\u00f1ado espec\u00edficamente para crear un sitio web de Directorio de Doctors<\/li>\n<li>Viene con plantillas y dise\u00f1os predise\u00f1ados para ayudarlo a comenzar r\u00e1pidamente<\/li>\n<li>Incluye la funcionalidad de b\u00fasqueda avanzada para ayudar a los visitantes a encontrar r\u00e1pidamente el m\u00e9dico que necesitan en funci\u00f3n de la ubicaci\u00f3n, la especialidad u otros criterios<\/li>\n<li>El sistema de reserva de citas incorporado facilita a los pacientes programar citas con m\u00e9dicos directamente a trav\u00e9s del sitio web<\/li>\n<li>La integraci\u00f3n con complementos de reserva de citas l\u00edderes permite una mayor flexibilidad para la programaci\u00f3n de citas<\/li>\n<li>Mostrar perfiles de m\u00e9dico con informaci\u00f3n detallada sobre su educaci\u00f3n, experiencia, especialidades y m\u00e1s<\/li>\n<li>Las revisiones y las calificaciones de los pacientes ayudan a los visitantes a tomar decisiones informadas sobre qu\u00e9 m\u00e9dico elegir<\/li>\n<li>La funcionalidad de blog incorporada le permite mantener a sus visitantes actualizados con las \u00faltimas noticias y tendencias en el campo de la medicina<\/li>\n<li>El dise\u00f1o receptivo garantiza que el sitio web se vea muy bien en todos los dispositivos y tama\u00f1os de pantalla.<\/li>\n<li>Las actualizaciones regulares y la excelente atenci\u00f3n al cliente aseguran una experiencia sin problemas y sin problemas<\/li>\n<\/ul>\n","protected":false},"excerpt":{"rendered":"<p>Descubra el poder del Directorio de Doctreat Doctory WordPress, una soluci\u00f3n integral para profesionales m\u00e9dicos que buscan crear una presencia en l\u00ednea. Este tema f\u00e1cil de usar es perfecto para m\u00e9dicos, cl\u00ednicas, hospitales y proveedores de atenci\u00f3n m\u00e9dica, que ofrece un directorio extenso para impulsar la visibilidad. Con su dise\u00f1o intuitivo, puede administrar sin esfuerzo citas y horarios, asegurando operaciones sin problemas. Su s\u00f3lida funcionalidad de b\u00fasqueda permite a los pacientes potenciales encontrar y conectarse f\u00e1cilmente con usted. Adem\u00e1s, viene con una funci\u00f3n de blog integrada, que le brinda una plataforma para compartir ideas, noticias y actualizaciones. Doctreat no es solo un tema; Es una herramienta poderosa para ayudarlo a llegar a sus pacientes de manera m\u00e1s efectiva. Experimente los beneficios de este tema de WordPress rico en caracter\u00edsticas y lleve su pr\u00e1ctica m\u00e9dica a nuevas alturas.<\/p>\n","protected":false},"featured_media":165798,"comment_status":"open","ping_status":"open","template":"","meta":[],"product_brand":[2337],"product_cat":[1267,1237,1238],"product_tag":[1391],"class_list":{"0":"post-111282","1":"product","2":"type-product","3":"status-publish","4":"has-post-thumbnail","6":"product_brand-themeforest","7":"product_cat-creativo","8":"product_cat-temas","9":"product_cat-wordpress-temas","10":"product_tag-themeforest","11":"member-discount","12":"discount-restricted","14":"first","15":"instock","16":"sale","17":"downloadable","18":"virtual","19":"sold-individually","20":"purchasable","21":"product-type-simple"},"_links":{"self":[{"href":"https:\/\/gpl-love.com\/es\/wp-json\/wp\/v2\/product\/111282","targetHints":{"allow":["GET"]}}],"collection":[{"href":"https:\/\/gpl-love.com\/es\/wp-json\/wp\/v2\/product"}],"about":[{"href":"https:\/\/gpl-love.com\/es\/wp-json\/wp\/v2\/types\/product"}],"replies":[{"embeddable":true,"href":"https:\/\/gpl-love.com\/es\/wp-json\/wp\/v2\/comments?post=111282"}],"wp:featuredmedia":[{"embeddable":true,"href":"https:\/\/gpl-love.com\/es\/wp-json\/wp\/v2\/media\/165798"}],"wp:attachment":[{"href":"https:\/\/gpl-love.com\/es\/wp-json\/wp\/v2\/media?parent=111282"}],"wp:term":[{"taxonomy":"product_brand","embeddable":true,"href":"https:\/\/gpl-love.com\/es\/wp-json\/wp\/v2\/product_brand?post=111282"},{"taxonomy":"product_cat","embeddable":true,"href":"https:\/\/gpl-love.com\/es\/wp-json\/wp\/v2\/product_cat?post=111282"},{"taxonomy":"product_tag","embeddable":true,"href":"https:\/\/gpl-love.com\/es\/wp-json\/wp\/v2\/product_tag?post=111282"}],"curies":[{"name":"wp","href":"https:\/\/api.w.org\/{rel}","templated":true}]}}