{"id":111276,"date":"2024-12-03T00:00:00","date_gmt":"2024-12-03T05:00:00","guid":{"rendered":"http:\/\/gpl-love.com\/es\/producto\/woosheets-manage-woocommerce-orders-with-google-spreadsheet\/"},"modified":"2026-03-09T08:26:58","modified_gmt":"2026-03-09T13:26:58","slug":"woosheets-manage-woocommerce-orders-with-google-spreadsheet","status":"publish","type":"product","link":"https:\/\/gpl-love.com\/es\/producto\/woosheets-manage-woocommerce-orders-with-google-spreadsheet\/","title":{"rendered":"WooSheets Manage WooCommerce Orders with Google Spreadsheet 9.2.0"},"content":{"rendered":"<h3>WooSheets Manage WooCommerce Orders with Google Spreadsheet Caracteristicas<\/h3>\n<p>Woosheets es una herramienta incre\u00edblemente robusta y altamente efectiva que ha sido meticulosamente dise\u00f1ada para satisfacer las necesidades de los propietarios de tiendas de WooCommerce, lo que les permite administrar eficientemente sus pedidos con la mayor facilidad y conveniencia. Esta notable herramienta se integra sin problemas con las hojas de Google, estableciendo as\u00ed una plataforma integral y cohesiva para la gesti\u00f3n de pedidos. En consecuencia, est\u00e1 facultado para acceder, modificar y monitorear de cerca todos sus pedidos en tiempo real, asegurando un flujo de trabajo perfecto y simplificado. Adem\u00e1s, al aprovechar el poder de Woosheets, puede importar sin esfuerzo sus datos de pedidos de WooCommerce en las hojas de Google, lo que le brinda acceso a una gran cantidad de herramientas anal\u00edticas y organizativas avanzadas. Esto le permite analizar y clasificar meticulosamente sus datos, facilitando as\u00ed una mejor toma de decisiones y mejorando la eficiencia operativa general. Adem\u00e1s, Woosheets le otorga una amplia variedad de opciones de personalizaci\u00f3n, lo que le permite adaptar su sistema de gesti\u00f3n de pedidos en total de acuerdo con los requisitos \u00fanicos y espec\u00edficos de su negocio. Independientemente de si opera una empresa a peque\u00f1a escala o una corporaci\u00f3n a gran escala, Woosheets lo ayuda profundamente a simplificar y optimizar su proceso de gesti\u00f3n de pedidos, ahorr\u00e1ndole efectivamente un tiempo invaluable y aumentando significativamente su productividad general.<\/p>\n<ul>\n<li>Servir la gesti\u00f3n de pedidos para las tiendas WooCommerce<\/li>\n<li>Utiliza hojas de Google para un seguimiento de pedidos f\u00e1cil y accesible<\/li>\n<li>Permite una f\u00e1cil edici\u00f3n y actualizaci\u00f3n del estado del pedido<\/li>\n<li>Proporciona informaci\u00f3n de pedido detallada en una ubicaci\u00f3n centralizada<\/li>\n<li>Compatible con m\u00faltiples tiendas de WooCommerce y cuentas de Google<\/li>\n<li>Ahorra tiempo y elimina la necesidad de seguimiento de pedidos manuales<\/li>\n<li>Aumenta la productividad para los propietarios y empleados de las tiendas<\/li>\n<li>Proporciona actualizaciones en tiempo real sobre los cambios de estado del pedido<\/li>\n<li>Altamente personalizable para necesidades comerciales individuales<\/li>\n<li>Soluci\u00f3n asequible y f\u00e1cil de usar para la gesti\u00f3n de pedidos de WooCommerce<\/li>\n<\/ul>\n","protected":false},"excerpt":{"rendered":"<p>Woosheets, una herramienta innovadora y revolucionaria, se presenta como un cambio de juego al proporcionar la integraci\u00f3n perfecta de la hoja de c\u00e1lculo de Google en la gesti\u00f3n de las \u00f3rdenes de WooCommerce. Con sus capacidades incomparables, permite a los usuarios monitorear y analizar los datos de ventas, as\u00ed como recopilar informaci\u00f3n integral del cliente, entre otras funcionalidades, todo con el mero clic de un bot\u00f3n. Ya sea que se encuentre como un empresario a peque\u00f1a escala, un profesional por cuenta propia, o incluso un conglomerado multinacional, tenga la seguridad de que Woosheets ofrece la soluci\u00f3n ideal para optimizar y optimizar sus procedimientos de gesti\u00f3n de pedidos de WooCommerce. Al adoptar esta herramienta de vanguardia, no solo podr\u00e1 ahorrar un tiempo precioso, sino que tambi\u00e9n minimizar\u00e1 significativamente el riesgo de inexactitudes y maximizar\u00e1 la eficiencia operativa general. Coloque su confianza en Woosheets y emprenda un viaje transformador hacia una mayor productividad y \u00e9xito.<\/p>\n","protected":false},"featured_media":168330,"comment_status":"open","ping_status":"open","template":"","meta":[],"product_brand":[2339],"product_cat":[1208,1207,1206],"product_tag":[1256],"class_list":{"0":"post-111276","1":"product","2":"type-product","3":"status-publish","4":"has-post-thumbnail","6":"product_brand-codecanyon","7":"product_cat-administracion","8":"product_cat-comercio-electronico-plugins","9":"product_cat-plugins","10":"product_tag-codecanyon","11":"member-discount","12":"discount-restricted","14":"first","15":"instock","16":"sale","17":"downloadable","18":"virtual","19":"sold-individually","20":"purchasable","21":"product-type-simple"},"_links":{"self":[{"href":"https:\/\/gpl-love.com\/es\/wp-json\/wp\/v2\/product\/111276","targetHints":{"allow":["GET"]}}],"collection":[{"href":"https:\/\/gpl-love.com\/es\/wp-json\/wp\/v2\/product"}],"about":[{"href":"https:\/\/gpl-love.com\/es\/wp-json\/wp\/v2\/types\/product"}],"replies":[{"embeddable":true,"href":"https:\/\/gpl-love.com\/es\/wp-json\/wp\/v2\/comments?post=111276"}],"wp:featuredmedia":[{"embeddable":true,"href":"https:\/\/gpl-love.com\/es\/wp-json\/wp\/v2\/media\/168330"}],"wp:attachment":[{"href":"https:\/\/gpl-love.com\/es\/wp-json\/wp\/v2\/media?parent=111276"}],"wp:term":[{"taxonomy":"product_brand","embeddable":true,"href":"https:\/\/gpl-love.com\/es\/wp-json\/wp\/v2\/product_brand?post=111276"},{"taxonomy":"product_cat","embeddable":true,"href":"https:\/\/gpl-love.com\/es\/wp-json\/wp\/v2\/product_cat?post=111276"},{"taxonomy":"product_tag","embeddable":true,"href":"https:\/\/gpl-love.com\/es\/wp-json\/wp\/v2\/product_tag?post=111276"}],"curies":[{"name":"wp","href":"https:\/\/api.w.org\/{rel}","templated":true}]}}