{"id":111274,"date":"2022-01-15T00:00:00","date_gmt":"2022-01-15T05:00:00","guid":{"rendered":"http:\/\/gpl-love.com\/es\/producto\/yootheme-pro-wordpress-theme-and-page-builder\/"},"modified":"2026-03-13T17:35:19","modified_gmt":"2026-03-13T22:35:19","slug":"yootheme-pro-wordpress-theme-and-page-builder","status":"publish","type":"product","link":"https:\/\/gpl-love.com\/es\/producto\/yootheme-pro-wordpress-theme-and-page-builder\/","title":{"rendered":"Yootheme Pro WordPress Tema y Page Builder 2.7.15"},"content":{"rendered":"<h3>Yootheme Pro WordPress Tema y Page Builder Caracteristicas<\/h3>\n<p>Yootheme Pro WordPress Theme and Page Builder es una herramienta excepcionalmente robusta que facilita la creaci\u00f3n sin esfuerzo de sitios web personalizados. Cuenta con una extensa variedad de plantillas y widgets predise\u00f1ados, otorgando a los usuarios la libertad de seleccionar sus opciones preferidas. La interfaz intuitiva de arrastrar y soltar permite a las personas crear y personalizar p\u00e1ginas sin esfuerzo de acuerdo con su visi\u00f3n \u00fanica. Adem\u00e1s, este tema exhibe una notable capacidad de respuesta y compatibilidad en varios dispositivos, asegurando un atractivo visual \u00f3ptimo independientemente del tama\u00f1o de la pantalla. En particular, Yootheme Pro ofrece una impresionante gama de integraciones y caracter\u00edsticas, que incluyen WooCommerce, fuentes personalizadas y optimizaci\u00f3n de SEO. En consecuencia, sirve como una soluci\u00f3n que abarca todo para cualquier sitio web o esfuerzo comercial. Adoptar Yootheme Pro equivale a adoptar la simplicidad y la accesibilidad en la b\u00fasqueda de elaborar una presencia en l\u00ednea profesional y visualmente cautivadora.<\/p>\n<ul>\n<li>Tema de WordPress personalizable con el constructor de p\u00e1ginas de arrastrar y soltar<\/li>\n<li>Soporte incorporado para WooCommerce para una f\u00e1cil integraci\u00f3n de comercio electr\u00f3nico<\/li>\n<li>Viene con una variedad de dise\u00f1os y estilos preconstruidos para elegir<\/li>\n<li>Importar y exportar f\u00e1cilmente sus dise\u00f1os en formato JSON<\/li>\n<li>Dise\u00f1o receptivo incorporado para compatibilidad m\u00f3vil y de tabletas<\/li>\n<li>Interfaz intuitiva y f\u00e1cil de usar para un dise\u00f1o y personalizaci\u00f3n f\u00e1cil<\/li>\n<li>Se integra con complementos populares de WordPress como Formulario de contacto 7 y formularios de gravedad<\/li>\n<li>Incluye una biblioteca de elementos preconstruidos como controles deslizantes, galer\u00edas e \u00edconos<\/li>\n<li>Optimizado para tiempos de carga r\u00e1pidos y rendimiento de SEO<\/li>\n<li>Actualizado regularmente con nuevas funciones y correcciones de errores por el equipo de Yootheme<\/li>\n<\/ul>\n","protected":false},"excerpt":{"rendered":"<p>Yootheme Pro WordPress Temo y Page Builder, reconocido entre los desarrolladores web, es un instrumento extremadamente robusto y formidable dise\u00f1ado para fabricar sitios web de WordPress visualmente cautivadores y excepcionalmente pulidos. Su vasto ensamblaje de dise\u00f1os predise\u00f1ados, widgets y una variedad de posibilidades de personalizaci\u00f3n potenciar a los usuarios para idear sin esfuerzo un sitio web que exude distinci\u00f3n y se distingue de las masas ubicuas. Adem\u00e1s, el innovador constructor de p\u00e1ginas de arrastrar y soltar erradica la necesidad de cualquier competencia en la codificaci\u00f3n, lo que permite a las personas dise\u00f1ar dise\u00f1os de p\u00e1gina personalizados sin esfuerzo adaptados a sus preferencias. La rotunda versatilidad y la adaptabilidad inherente de Yootheme Pro lo convierten en una elecci\u00f3n insuperable para una amplia gama de personas que incluyen bloggers estimados, negocios pr\u00f3speros y creativos imaginativos.<\/p>\n","protected":false},"featured_media":168694,"comment_status":"open","ping_status":"open","template":"","meta":[],"product_brand":[2596],"product_cat":[1267,1237,1238],"product_tag":[1740],"class_list":{"0":"post-111274","1":"product","2":"type-product","3":"status-publish","4":"has-post-thumbnail","6":"product_brand-yootheme","7":"product_cat-creativo","8":"product_cat-temas","9":"product_cat-wordpress-temas","10":"product_tag-yootheme","11":"member-discount","12":"discount-restricted","14":"first","15":"instock","16":"sale","17":"downloadable","18":"virtual","19":"sold-individually","20":"purchasable","21":"product-type-simple"},"_links":{"self":[{"href":"https:\/\/gpl-love.com\/es\/wp-json\/wp\/v2\/product\/111274","targetHints":{"allow":["GET"]}}],"collection":[{"href":"https:\/\/gpl-love.com\/es\/wp-json\/wp\/v2\/product"}],"about":[{"href":"https:\/\/gpl-love.com\/es\/wp-json\/wp\/v2\/types\/product"}],"replies":[{"embeddable":true,"href":"https:\/\/gpl-love.com\/es\/wp-json\/wp\/v2\/comments?post=111274"}],"wp:featuredmedia":[{"embeddable":true,"href":"https:\/\/gpl-love.com\/es\/wp-json\/wp\/v2\/media\/168694"}],"wp:attachment":[{"href":"https:\/\/gpl-love.com\/es\/wp-json\/wp\/v2\/media?parent=111274"}],"wp:term":[{"taxonomy":"product_brand","embeddable":true,"href":"https:\/\/gpl-love.com\/es\/wp-json\/wp\/v2\/product_brand?post=111274"},{"taxonomy":"product_cat","embeddable":true,"href":"https:\/\/gpl-love.com\/es\/wp-json\/wp\/v2\/product_cat?post=111274"},{"taxonomy":"product_tag","embeddable":true,"href":"https:\/\/gpl-love.com\/es\/wp-json\/wp\/v2\/product_tag?post=111274"}],"curies":[{"name":"wp","href":"https:\/\/api.w.org\/{rel}","templated":true}]}}