{"id":111266,"date":"2025-10-29T00:00:00","date_gmt":"2025-10-29T05:00:00","guid":{"rendered":"http:\/\/gpl-love.com\/es\/producto\/woocommerce-splash-popup\/"},"modified":"2026-03-09T08:25:41","modified_gmt":"2026-03-09T13:25:41","slug":"woocommerce-splash-popup","status":"publish","type":"product","link":"https:\/\/gpl-love.com\/es\/producto\/woocommerce-splash-popup\/","title":{"rendered":"WooCommerce Splash Popup 1.5.2"},"content":{"rendered":"<h3>WooCommerce Splash Popup Caracteristicas<\/h3>\n<p>El complemento Popup Splash WooCommerce es una herramienta incre\u00edblemente potente dise\u00f1ada espec\u00edficamente para ayudar a los propietarios de tiendas en l\u00ednea a elevar sus tasas de conversi\u00f3n. Esto se logra presentando ventajas atractivas y adaptables cada vez que un visitante ocurre en su sitio web. Con este complemento, a los usuarios se les otorga la capacidad de crear ventanas emergentes visualmente atractivas sin esfuerzo que se enriquecen con im\u00e1genes cautivadoras, videos obligatorios o textos persuasivos, todas las cuales sirven para respaldar de manera efectiva acuerdos exclusivos, descuentos atractivos o cualquier otra forma de ofertas tentadoras. Adem\u00e1s, la naturaleza f\u00e1cil de usar de este complemento permite la personalizaci\u00f3n sin esfuerzo de la apariencia, el tiempo y la orientaci\u00f3n de las ventanas emergentes, asegurando as\u00ed la maximizaci\u00f3n de su eficacia general. Claramente, el complemento emergente de WooCommerce Splash es un activo indispensable para cualquier negocio de comercio electr\u00f3nico que aspira a conectarse activamente con su valiosa base de clientes y al mismo tiempo reforzar sus cifras de ventas.<\/p>\n<ul>\n<li>Proporciona una ventana emergente personalizable para las tiendas WooCommerce<\/li>\n<li>Se puede configurar para mostrar en diferentes momentos, como cuando un usuario visita por primera vez el sitio o agrega un elemento a su carrito<\/li>\n<li>Permite la inclusi\u00f3n de mensajes o ofertas promocionales dentro de la ventana emergente<\/li>\n<li>Se puede utilizar para alentar a los usuarios a registrarse para una lista de correo o seguir las p\u00e1ginas de redes sociales<\/li>\n<li>Se integra a la perfecci\u00f3n con la plataforma WooCommerce<\/li>\n<li>Ofrece flexibilidad en dise\u00f1o y dise\u00f1o para que coincidan con la marca y la est\u00e9tica de la tienda.<\/li>\n<li>Permite a los propietarios de sitios web captar la atenci\u00f3n del usuario y impulsar las conversiones<\/li>\n<li>Reduce las tasas de rebote y el abandono del carrito dirigiendo a los usuarios hacia acciones o productos espec\u00edficos<\/li>\n<li>F\u00e1cil de configurar y usar, sin requeridos habilidades de codificaci\u00f3n<\/li>\n<\/ul>\n","protected":false},"excerpt":{"rendered":"<p>La ventana emergente Splash WooCommerce demuestra ser una herramienta de marketing altamente efectiva, ya que exhibe la capacidad de exhibir ventanas emergentes personalizadas cada vez que los clientes navegan a trav\u00e9s de su tienda digital. Al aprovechar este complemento, est\u00e1 facultado para fabricar ventanas emergentes visualmente cautivadoras que capturan f\u00e1cilmente la atenci\u00f3n de su estimada clientela, lo que las motiva a participar en las acciones deseadas. Ya sea la promoci\u00f3n de ofertas exclusivas, mercanc\u00edas novedosas o incluso la adquisici\u00f3n de direcciones de correo electr\u00f3nico para su estimado bolet\u00edn, la versatilidad de esta ventana emergente no conoce l\u00edmites. Adem\u00e1s, su interfaz notablemente intuitiva hace que el proceso de configuraci\u00f3n y personalizaci\u00f3n est\u00e9ticamente de la ventana emergente para alinearse sin problemas con la identidad \u00fanica de su marca, una verdadera brisa. En consecuencia, al implementar estrat\u00e9gicamente la ventana emergente Splash WooCommerce, puede amplificar de manera efectiva sus cifras de ventas y reforzar sus tasas de conversi\u00f3n a alturas sin precedentes.<\/p>\n","protected":false},"featured_media":168275,"comment_status":"open","ping_status":"open","template":"","meta":[],"product_brand":[2344],"product_cat":[1207,1225,1206],"product_tag":[1423],"class_list":{"0":"post-111266","1":"product","2":"type-product","3":"status-publish","4":"has-post-thumbnail","6":"product_brand-woocommerce","7":"product_cat-comercio-electronico-plugins","8":"product_cat-marketing","9":"product_cat-plugins","10":"product_tag-woocommerce","11":"member-discount","12":"discount-restricted","14":"first","15":"instock","16":"sale","17":"downloadable","18":"virtual","19":"sold-individually","20":"purchasable","21":"product-type-simple"},"_links":{"self":[{"href":"https:\/\/gpl-love.com\/es\/wp-json\/wp\/v2\/product\/111266","targetHints":{"allow":["GET"]}}],"collection":[{"href":"https:\/\/gpl-love.com\/es\/wp-json\/wp\/v2\/product"}],"about":[{"href":"https:\/\/gpl-love.com\/es\/wp-json\/wp\/v2\/types\/product"}],"replies":[{"embeddable":true,"href":"https:\/\/gpl-love.com\/es\/wp-json\/wp\/v2\/comments?post=111266"}],"wp:featuredmedia":[{"embeddable":true,"href":"https:\/\/gpl-love.com\/es\/wp-json\/wp\/v2\/media\/168275"}],"wp:attachment":[{"href":"https:\/\/gpl-love.com\/es\/wp-json\/wp\/v2\/media?parent=111266"}],"wp:term":[{"taxonomy":"product_brand","embeddable":true,"href":"https:\/\/gpl-love.com\/es\/wp-json\/wp\/v2\/product_brand?post=111266"},{"taxonomy":"product_cat","embeddable":true,"href":"https:\/\/gpl-love.com\/es\/wp-json\/wp\/v2\/product_cat?post=111266"},{"taxonomy":"product_tag","embeddable":true,"href":"https:\/\/gpl-love.com\/es\/wp-json\/wp\/v2\/product_tag?post=111266"}],"curies":[{"name":"wp","href":"https:\/\/api.w.org\/{rel}","templated":true}]}}