{"id":111264,"date":"2026-01-24T00:00:00","date_gmt":"2026-01-24T05:00:00","guid":{"rendered":"http:\/\/gpl-love.com\/es\/producto\/woocommerce-pdf-product-vouchers\/"},"modified":"2026-04-10T11:33:05","modified_gmt":"2026-04-10T16:33:05","slug":"woocommerce-pdf-product-vouchers","status":"publish","type":"product","link":"https:\/\/gpl-love.com\/es\/producto\/woocommerce-pdf-product-vouchers\/","title":{"rendered":"WooCommerce PDF Product Vouchers 3.12.15"},"content":{"rendered":"<h3>WooCommerce PDF Product Vouchers Caracteristicas<\/h3>\n<p>Los cupones de productos PDF de WooCommerce representan un complemento impresionante y robusto, experto en permitir a los propietarios de tiendas en l\u00ednea generar y comercializar sin esfuerzo cupones de regalo o certificados de regalo en el formato conveniente de los archivos PDF. Este complemento excepcional resulta particularmente ventajoso para las empresas que desean ofrecer cupones de regalo a su estimada clientela, otorg\u00e1ndoles la oportunidad de consignar estos cupones para obtener varios productos o servicios que se muestran en su sitio web oficial. El proceso de instalaci\u00f3n del complemento no plantea desaf\u00edos, y su utilizaci\u00f3n resulta directa, al tiempo que ofrece a los usuarios una extensa variedad de alternativas de personalizaci\u00f3n, una encarnaci\u00f3n ejemplar de las cuales abarca la capacidad de incorporar im\u00e1genes, textos y logotipos a medida en los contudos mencionados. Con el advenimiento de los cupones de productos PDF de WooCommerce, las empresas pueden envallar sus cifras de ventas, atrapar una nueva afluencia de clientes potenciales y promover ingeniosamente su marca de una manera que permanece econ\u00f3micamente viable.<\/p>\n<ul>\n<li>Permite a los clientes comprar y enviar cupones de regalo para productos en su tienda WooCommerce<\/li>\n<li>Opciones de dise\u00f1o de cupones y marcas personalizables<\/li>\n<li>Proceso de creaci\u00f3n de cupones f\u00e1cil de usar dentro del administrador de WordPress<\/li>\n<li>Capacidad para establecer fechas de vencimiento de cupones y restricciones de uso<\/li>\n<li>Los cupones se pueden canjear durante el pago de su tienda<\/li>\n<li>Informes detallados sobre el uso y las ventas del cup\u00f3n<\/li>\n<li>Instalaci\u00f3n e integraci\u00f3n sin problemas con su configuraci\u00f3n existente de WooCommerce<\/li>\n<li>Proporciona una opci\u00f3n de regalo \u00fanica y flexible para sus clientes<\/li>\n<li>Aumenta el potencial de ventas ofreciendo opciones de regalo para sus productos<\/li>\n<li>Ofrece una presentaci\u00f3n profesional y pulida para sus cupones a los clientes.<\/li>\n<\/ul>\n","protected":false},"excerpt":{"rendered":"<p>Los cupones de productos PDF de WooCommerce es un complemento excepcional que le proporciona la incre\u00edble funcionalidad de crear, vender y administrar h\u00e1bilmente los cupones de regalo dentro de su tienda WooCommerce. Estos cupones notables se generan ingeniosamente en formato PDF, lo que los hace imprimir sin esfuerzo o entregables sin problemas por correo electr\u00f3nico al destinatario previsto. Este complemento no solo le permite personalizar impecablemente los aspectos de dise\u00f1o de los cupones, sino que tambi\u00e9n le permite especificar meticulosamente los valores de los cupones e incluso imponer restricciones a su uso, confin\u00e1ndolos a productos o categor\u00edas espec\u00edficas como se desee. Al aprovechar las capacidades excepcionales de los cupones de productos PDF de WooCommerce, puede presentar sin esfuerzo a sus clientes estimados una opci\u00f3n de regalos incomparable y extremadamente conveniente, lo que aumenta exponencialmente su potencial de ventas general a niveles extraordinarios.<\/p>\n","protected":false},"featured_media":168203,"comment_status":"open","ping_status":"open","template":"","meta":[],"product_brand":[2344],"product_cat":[1207,1225,1206],"product_tag":[1423],"class_list":{"0":"post-111264","1":"product","2":"type-product","3":"status-publish","4":"has-post-thumbnail","6":"product_brand-woocommerce","7":"product_cat-comercio-electronico-plugins","8":"product_cat-marketing","9":"product_cat-plugins","10":"product_tag-woocommerce","11":"member-discount","12":"discount-restricted","14":"first","15":"instock","16":"sale","17":"downloadable","18":"virtual","19":"sold-individually","20":"purchasable","21":"product-type-simple"},"_links":{"self":[{"href":"https:\/\/gpl-love.com\/es\/wp-json\/wp\/v2\/product\/111264","targetHints":{"allow":["GET"]}}],"collection":[{"href":"https:\/\/gpl-love.com\/es\/wp-json\/wp\/v2\/product"}],"about":[{"href":"https:\/\/gpl-love.com\/es\/wp-json\/wp\/v2\/types\/product"}],"replies":[{"embeddable":true,"href":"https:\/\/gpl-love.com\/es\/wp-json\/wp\/v2\/comments?post=111264"}],"wp:featuredmedia":[{"embeddable":true,"href":"https:\/\/gpl-love.com\/es\/wp-json\/wp\/v2\/media\/168203"}],"wp:attachment":[{"href":"https:\/\/gpl-love.com\/es\/wp-json\/wp\/v2\/media?parent=111264"}],"wp:term":[{"taxonomy":"product_brand","embeddable":true,"href":"https:\/\/gpl-love.com\/es\/wp-json\/wp\/v2\/product_brand?post=111264"},{"taxonomy":"product_cat","embeddable":true,"href":"https:\/\/gpl-love.com\/es\/wp-json\/wp\/v2\/product_cat?post=111264"},{"taxonomy":"product_tag","embeddable":true,"href":"https:\/\/gpl-love.com\/es\/wp-json\/wp\/v2\/product_tag?post=111264"}],"curies":[{"name":"wp","href":"https:\/\/api.w.org\/{rel}","templated":true}]}}