{"id":111257,"date":"2021-03-03T00:00:00","date_gmt":"2021-03-03T05:00:00","guid":{"rendered":"http:\/\/gpl-love.com\/es\/producto\/multi-carrier-shipping-plugin-for-woocommerce\/"},"modified":"2026-04-10T11:17:19","modified_gmt":"2026-04-10T16:17:19","slug":"multi-carrier-shipping-plugin-for-woocommerce","status":"publish","type":"product","link":"https:\/\/gpl-love.com\/es\/producto\/multi-carrier-shipping-plugin-for-woocommerce\/","title":{"rendered":"Multi-Carrier Shipping Plugin para WooCommerce 1.9.1"},"content":{"rendered":"<h3>Multi-Carrier Shipping Plugin para WooCommerce Caracteristicas<\/h3>\n<p>El complemento de env\u00edo de m\u00faltiples portadores para WooCommerce es una herramienta altamente sofisticada e incre\u00edblemente eficiente que los minoristas en l\u00ednea pueden utilizar para optimizar y optimizar sus operaciones de env\u00edo, mejorando as\u00ed la experiencia general de pago para sus valiosos clientes. Este notable complemento permite a los comerciantes establecer y administrar sin esfuerzo una multitud de operadores de env\u00edo y las tarifas correspondientes, que abarca nombres reconocidos y ampliamente confiables en la industria, como USPS, FedEx, UPS y DHL. Adem\u00e1s, este complemento excepcional cuenta con una variedad de caracter\u00edsticas invaluables, que incluyen tarifas de env\u00edo en tiempo real, generaci\u00f3n de etiquetas, informaci\u00f3n de seguimiento y estimaci\u00f3n de la fecha de entrega. Estas notables funcionalidades no solo sirven para elevar la experiencia del cliente a alturas sin precedentes, sino que tambi\u00e9n contribuyen significativamente a ahorrar tiempo y mitigar el riesgo de errores potencialmente costosos para el minorista diligente. En consecuencia, es m\u00e1s all\u00e1 de la disputa que el complemento de env\u00edo de varios portadores para WooCommerce representa un activo indispensable para los minoristas en l\u00ednea que buscan optimizar y expandir magistralmente sus procesos de env\u00edo, en consecuencia impulsando el crecimiento y la rentabilidad de sus estimadas empresas.<\/p>\n<ul>\n<li>Permite que se utilicen m\u00faltiples transportistas de env\u00edo en la plataforma WooCommerce<\/li>\n<li>Se integra con operadores populares como FedEx, UPS, USPS, DHL y m\u00e1s<\/li>\n<li>Opciones de env\u00edo configurables basadas en peso, zona y destino<\/li>\n<li>Calcula autom\u00e1ticamente las tarifas de env\u00edo seg\u00fan la ubicaci\u00f3n de los operadores y el cliente<\/li>\n<li>Los clientes pueden elegir su transportista y servicio de env\u00edo preferidos durante el pago<\/li>\n<li>Informaci\u00f3n de seguimiento en tiempo real disponible para los clientes<\/li>\n<li>Capacidad para imprimir etiquetas de env\u00edo y resbalones de embalaje directamente desde WooCommerce<\/li>\n<li>Admite m\u00faltiples tama\u00f1os y dimensiones de paquetes para c\u00e1lculos de env\u00edo precisos<\/li>\n<li>Ahorra tiempo y reduce el error humano al automatizar el proceso de env\u00edo<\/li>\n<li>F\u00e1cilmente configurable y personalizable para satisfacer las necesidades comerciales espec\u00edficas.<\/li>\n<\/ul>\n","protected":false},"excerpt":{"rendered":"<p>El complemento de env\u00edo de m\u00faltiples carreras para WooCommerce demuestra ser una herramienta indispensable para los propietarios de tiendas en l\u00ednea que buscan optimizar sus procedimientos de env\u00edo, ya que permite la yuxtaposici\u00f3n sin esfuerzo de las tarifas de env\u00edo y los plazos de entrega en numerosos operadores, lo que permite la toma de decisiones informadas para seleccionar La opci\u00f3n \u00f3ptima para atender a los clientes. Adem\u00e1s, este complemento ofrece a los usuarios la capacidad de administrar sin esfuerzo todas las facetas de sus env\u00edos, que abarca el seguimiento y la impresi\u00f3n de etiquetas, todo dentro de los l\u00edmites de la plataforma WooCommerce. Atr\u00e1s quedaron los d\u00edas de invertir innumerables horas en la ardua tarea de administrar la log\u00edstica de env\u00edo; En su lugar, simplifique su flujo de trabajo adoptando el complemento de env\u00edo de m\u00faltiples carreras para WooCommerce.<\/p>\n","protected":false},"featured_media":166835,"comment_status":"open","ping_status":"open","template":"","meta":[],"product_brand":[2500],"product_cat":[1208,1207,1206],"product_tag":[1736],"class_list":{"0":"post-111257","1":"product","2":"type-product","3":"status-publish","4":"has-post-thumbnail","6":"product_brand-plugin-hive","7":"product_cat-administracion","8":"product_cat-comercio-electronico-plugins","9":"product_cat-plugins","10":"product_tag-plugin-hive","11":"member-discount","12":"discount-restricted","14":"first","15":"instock","16":"sale","17":"downloadable","18":"virtual","19":"sold-individually","20":"purchasable","21":"product-type-simple"},"_links":{"self":[{"href":"https:\/\/gpl-love.com\/es\/wp-json\/wp\/v2\/product\/111257","targetHints":{"allow":["GET"]}}],"collection":[{"href":"https:\/\/gpl-love.com\/es\/wp-json\/wp\/v2\/product"}],"about":[{"href":"https:\/\/gpl-love.com\/es\/wp-json\/wp\/v2\/types\/product"}],"replies":[{"embeddable":true,"href":"https:\/\/gpl-love.com\/es\/wp-json\/wp\/v2\/comments?post=111257"}],"wp:featuredmedia":[{"embeddable":true,"href":"https:\/\/gpl-love.com\/es\/wp-json\/wp\/v2\/media\/166835"}],"wp:attachment":[{"href":"https:\/\/gpl-love.com\/es\/wp-json\/wp\/v2\/media?parent=111257"}],"wp:term":[{"taxonomy":"product_brand","embeddable":true,"href":"https:\/\/gpl-love.com\/es\/wp-json\/wp\/v2\/product_brand?post=111257"},{"taxonomy":"product_cat","embeddable":true,"href":"https:\/\/gpl-love.com\/es\/wp-json\/wp\/v2\/product_cat?post=111257"},{"taxonomy":"product_tag","embeddable":true,"href":"https:\/\/gpl-love.com\/es\/wp-json\/wp\/v2\/product_tag?post=111257"}],"curies":[{"name":"wp","href":"https:\/\/api.w.org\/{rel}","templated":true}]}}