{"id":111253,"date":"2026-03-20T00:00:00","date_gmt":"2026-03-20T05:00:00","guid":{"rendered":"http:\/\/gpl-love.com\/es\/producto\/presto-player-pro-wordpress-video-player-plugin\/"},"modified":"2026-04-10T11:22:02","modified_gmt":"2026-04-10T16:22:02","slug":"presto-player-pro-wordpress-video-player-plugin","status":"publish","type":"product","link":"https:\/\/gpl-love.com\/es\/producto\/presto-player-pro-wordpress-video-player-plugin\/","title":{"rendered":"Presto Player Pro WordPress Video Player Plugin 3.1.2"},"content":{"rendered":"<h3>Presto Player Pro WordPress Video Player Plugin Caracteristicas<\/h3>\n<p>Presto Player Pro, un exquisito complemento de reproductor de video de WordPress, presenta un encuentro de reproducci\u00f3n de video incomparable y adaptable para su sitio web. Este complemento extraordinario le permite integrar videos sin esfuerzo en su sitio web al tiempo que garantiza su capacidad de respuesta en todos los dispositivos. Equipado con una variedad de caracter\u00edsticas notables, que incluyen control de velocidad de video, configuraci\u00f3n de calidad de video, subt\u00edtulos de varios idiomas y alternativas de marca personalizadas, este complemento realmente amplifica su experiencia de visualizaci\u00f3n de videos. Adem\u00e1s, tiene la capacidad de elaborar listas de reproducci\u00f3n de video e incorporar cap\u00edtulos en sus videos, aumentando la satisfacci\u00f3n general del usuario. En particular, Presto Player Pro es reconocido por su rapidez, composici\u00f3n liviana y compatibilidad de optimizaci\u00f3n de motores de b\u00fasqueda, lo que lo convierte en la mejor opci\u00f3n para las personas que buscan mejorar la exposici\u00f3n de video de su sitio web.<\/p>\n<ul>\n<li>Complemento de reproductor de video de alto rendimiento para sitios web de WordPress<\/li>\n<li>Admite una amplia gama de formatos de video que incluyen MP4, WebM y AVI<\/li>\n<li>F\u00e1cil de usar y personalizar con m\u00faltiples pieles y opciones de color<\/li>\n<li>El dise\u00f1o receptivo asegura que el contenido de video se vea genial en cualquier dispositivo<\/li>\n<li>Los controles de reproducci\u00f3n avanzados permiten a los espectadores controlar la velocidad, el volumen y la calidad del video<\/li>\n<li>Opciones para jugar autom\u00e1ticamente, repetir y bucle para mejorar la participaci\u00f3n del usuario<\/li>\n<li>Herramientas de an\u00e1lisis potentes para rastrear el comportamiento del usuario, ver los recuentos y las tasas de participaci\u00f3n<\/li>\n<li>Integrado con las principales plataformas de alojamiento de video como YouTube, Vimeo y Wistia<\/li>\n<li>Superposiciones de video personalizables, anotaciones y marcadores de cap\u00edtulos para mejorar la experiencia y el compromiso del espectador<\/li>\n<li>Actualizaciones regulares y correcciones de errores para garantizar un rendimiento y compatibilidad \u00f3ptimos con las actualizaciones de WordPress.<\/li>\n<\/ul>\n","protected":false},"excerpt":{"rendered":"<p>Presto Player Pro, un complemento de reproductor de video de WordPress extremadamente avanzado, facilita la dispensaci\u00f3n del contenido de video de primer nivel a los estimados visitantes de su sitio web. Esta notable herramienta, caracterizada por su capacidad de ser personalizado de acuerdo con sus preferencias, cuenta con un dise\u00f1o contempor\u00e1neo y una gran cantidad de funcionalidades poderosas, lo que lo convierte en una soluci\u00f3n impecable tanto para empresas como para las personas involucradas en la creaci\u00f3n de contenido. Su interfaz f\u00e1cil de usar permite una incorporaci\u00f3n y administraci\u00f3n sin esfuerzo de videos, la creaci\u00f3n de listas de reproducci\u00f3n a medida e incluso la monetizaci\u00f3n de su contenido a trav\u00e9s de la inclusi\u00f3n de anuncios y servicios de suscripci\u00f3n. Ya sea que aspire a cautivar a su audiencia con tutoriales de video informativos, exhibir las caracter\u00edsticas de su mercanc\u00eda a trav\u00e9s de demostraciones interactivas o publicar su publicaci\u00f3n de video blog m\u00e1s reciente, Presto Player Pro mejora sin problemas la experiencia de video en su sitio web, garantizando la mayor comodidad y satisfacci\u00f3n.<\/p>\n","protected":false},"featured_media":167254,"comment_status":"open","ping_status":"closed","template":"","meta":[],"product_brand":[2535],"product_cat":[1214,1206,1211],"product_tag":[2117],"class_list":{"0":"post-111253","1":"product","2":"type-product","3":"status-publish","4":"has-post-thumbnail","6":"product_brand-presto-made","7":"product_cat-personalizacion","8":"product_cat-plugins","9":"product_cat-wordpress-plugins","10":"product_tag-presto-made","11":"member-discount","12":"discount-restricted","14":"first","15":"instock","16":"sale","17":"downloadable","18":"virtual","19":"sold-individually","20":"purchasable","21":"product-type-simple"},"_links":{"self":[{"href":"https:\/\/gpl-love.com\/es\/wp-json\/wp\/v2\/product\/111253","targetHints":{"allow":["GET"]}}],"collection":[{"href":"https:\/\/gpl-love.com\/es\/wp-json\/wp\/v2\/product"}],"about":[{"href":"https:\/\/gpl-love.com\/es\/wp-json\/wp\/v2\/types\/product"}],"replies":[{"embeddable":true,"href":"https:\/\/gpl-love.com\/es\/wp-json\/wp\/v2\/comments?post=111253"}],"wp:featuredmedia":[{"embeddable":true,"href":"https:\/\/gpl-love.com\/es\/wp-json\/wp\/v2\/media\/167254"}],"wp:attachment":[{"href":"https:\/\/gpl-love.com\/es\/wp-json\/wp\/v2\/media?parent=111253"}],"wp:term":[{"taxonomy":"product_brand","embeddable":true,"href":"https:\/\/gpl-love.com\/es\/wp-json\/wp\/v2\/product_brand?post=111253"},{"taxonomy":"product_cat","embeddable":true,"href":"https:\/\/gpl-love.com\/es\/wp-json\/wp\/v2\/product_cat?post=111253"},{"taxonomy":"product_tag","embeddable":true,"href":"https:\/\/gpl-love.com\/es\/wp-json\/wp\/v2\/product_tag?post=111253"}],"curies":[{"name":"wp","href":"https:\/\/api.w.org\/{rel}","templated":true}]}}