{"id":111247,"date":"2025-11-14T00:00:00","date_gmt":"2025-11-14T05:00:00","guid":{"rendered":"http:\/\/gpl-love.com\/es\/producto\/real-estate-manager-pro\/"},"modified":"2026-03-09T08:03:22","modified_gmt":"2026-03-09T13:03:22","slug":"real-estate-manager-pro","status":"publish","type":"product","link":"https:\/\/gpl-love.com\/es\/producto\/real-estate-manager-pro\/","title":{"rendered":"Real Estate Manager Pro 12.7.6"},"content":{"rendered":"<h3>Real Estate Manager Pro Caracteristicas<\/h3>\n<p>Real Estate Manager Pro, una herramienta excepcionalmente robusta meticulosamente elaborada para profesionales de bienes ra\u00edces que buscan propiedades y gesti\u00f3n de clientes simplificadas, est\u00e1 dise\u00f1ada ingeniosamente para satisfacer las diversas necesidades de administrar m\u00faltiples propiedades y clientes con la mayor facilidad y eficiencia. Con una interfaz incre\u00edblemente f\u00e1cil de usar, Real Estate Manager Pro faculta sin esfuerzo a sus usuarios para crear y administrar sin esfuerzo los listados de propiedades, rastrear diligentemente los clientes potenciales, supervisar a la perfecci\u00f3n las citas y los contactos, as\u00ed como generar informes integrales sin esfuerzo. Al ir m\u00e1s all\u00e1, este notable software ofrece una gran cantidad de caracter\u00edsticas avanzadas, incluidas, entre otros, capacidades de procesamiento de pagos en l\u00ednea, plantillas totalmente personalizables y paneles adaptados para adaptarse a sus preferencias \u00fanicas. Al abarcar una gama hol\u00edstica de funcionalidades, Real Estate Manager Pro ejemplifica una soluci\u00f3n integral y de abogado que agiliza sin problemas su flujo de trabajo diario, lo que le permite organizar eficientemente sus tareas y prioridades, liberando as\u00ed el tiempo invaluable para enfocar estrat\u00e9gicamente en acelerar el crecimiento de su negocio comercial y esfuerzos de expansi\u00f3n.<\/p>\n<ul>\n<li>Software de gesti\u00f3n inmobiliaria integral y f\u00e1cil de usar<\/li>\n<li>Reliminar tareas de administraci\u00f3n de propiedades, desde publicidad y arrendamiento hasta solicitudes de recolecci\u00f3n y mantenimiento de alquiler<\/li>\n<li>Panel de control personalizable con informaci\u00f3n sobre el rendimiento de la propiedad y el estado financiero<\/li>\n<li>Recordatorios de alquiler automatizados y evaluaciones de tarifas atrasadas<\/li>\n<li>Portal de inquilinos en l\u00ednea para facilitar la comunicaci\u00f3n y los pagos de alquiler<\/li>\n<li>Firma y almacenamiento de arrendamiento en l\u00ednea<\/li>\n<li>Caracter\u00edsticas contables robustas con una tabla personalizable de cuentas y opciones de informes<\/li>\n<li>Sistema de gesti\u00f3n de proveedores para solicitudes y facturas de mantenimiento<\/li>\n<li>Integraciones con herramientas populares de procesamiento de contabilidad y pago<\/li>\n<li>Potentes capacidades de b\u00fasqueda y filtrado para acceso r\u00e1pido a la informaci\u00f3n de la propiedad y al inquilino.<\/li>\n<\/ul>\n","protected":false},"excerpt":{"rendered":"<p>Real Estate Manager Pro es un software de gesti\u00f3n que abarca todo lo que ha sido meticulosamente elaborado para satisfacer los requisitos \u00fanicos de los profesionales de bienes ra\u00edces. Con una variedad de caracter\u00edsticas robustas y una interfaz intuitiva dise\u00f1ada, este software integra y optimiza sin problemas cada faceta de las operaciones de su negocio, desde un meticuloso seguimiento de plomo y una gesti\u00f3n meticulosa del cliente hasta un seguimiento financiero meticuloso e informes integrales. Independientemente de si usted es un corredor experimentado, un agente experimentado o un administrador de propiedades diligente, el administrador de bienes ra\u00edces Pro est\u00e1 garantizado que lo capacite para elevar sin esfuerzo su perspicacia de la industria y amplificar sus ganancias financieras. Por lo tanto, \u00bfpor qu\u00e9 alquilar? \u00a1Emb\u00e1rcate en el viaje de administrar eficientemente tu empresa inmobiliaria hoy!<\/p>\n","protected":false},"featured_media":167323,"comment_status":"open","ping_status":"open","template":"","meta":[],"product_brand":[2339],"product_cat":[1214,1206,1211],"product_tag":[1256],"class_list":{"0":"post-111247","1":"product","2":"type-product","3":"status-publish","4":"has-post-thumbnail","6":"product_brand-codecanyon","7":"product_cat-personalizacion","8":"product_cat-plugins","9":"product_cat-wordpress-plugins","10":"product_tag-codecanyon","11":"member-discount","12":"discount-restricted","14":"first","15":"instock","16":"sale","17":"downloadable","18":"virtual","19":"sold-individually","20":"purchasable","21":"product-type-simple"},"_links":{"self":[{"href":"https:\/\/gpl-love.com\/es\/wp-json\/wp\/v2\/product\/111247","targetHints":{"allow":["GET"]}}],"collection":[{"href":"https:\/\/gpl-love.com\/es\/wp-json\/wp\/v2\/product"}],"about":[{"href":"https:\/\/gpl-love.com\/es\/wp-json\/wp\/v2\/types\/product"}],"replies":[{"embeddable":true,"href":"https:\/\/gpl-love.com\/es\/wp-json\/wp\/v2\/comments?post=111247"}],"wp:featuredmedia":[{"embeddable":true,"href":"https:\/\/gpl-love.com\/es\/wp-json\/wp\/v2\/media\/167323"}],"wp:attachment":[{"href":"https:\/\/gpl-love.com\/es\/wp-json\/wp\/v2\/media?parent=111247"}],"wp:term":[{"taxonomy":"product_brand","embeddable":true,"href":"https:\/\/gpl-love.com\/es\/wp-json\/wp\/v2\/product_brand?post=111247"},{"taxonomy":"product_cat","embeddable":true,"href":"https:\/\/gpl-love.com\/es\/wp-json\/wp\/v2\/product_cat?post=111247"},{"taxonomy":"product_tag","embeddable":true,"href":"https:\/\/gpl-love.com\/es\/wp-json\/wp\/v2\/product_tag?post=111247"}],"curies":[{"name":"wp","href":"https:\/\/api.w.org\/{rel}","templated":true}]}}