{"id":111243,"date":"2024-05-01T00:00:00","date_gmt":"2024-05-01T05:00:00","guid":{"rendered":"http:\/\/gpl-love.com\/es\/producto\/wordpress-whatsapp-support\/"},"modified":"2026-03-09T08:27:38","modified_gmt":"2026-03-09T13:27:38","slug":"wordpress-whatsapp-support","status":"publish","type":"product","link":"https:\/\/gpl-love.com\/es\/producto\/wordpress-whatsapp-support\/","title":{"rendered":"WordPress WhatsApp Support 2.3.2"},"content":{"rendered":"<h3>WordPress WhatsApp Support Caracteristicas<\/h3>\n<p>El complemento de soporte de WordPress WhatsApp sirve como una herramienta muy ventajosa para los propietarios de sitios web que pretenden establecer una conexi\u00f3n perfecta con su clientela a trav\u00e9s de una de las aplicaciones de mensajer\u00eda m\u00e1s ampliamente utilizadas en todo el mundo. Al incorporar este complemento, los usuarios reciben la capacidad de incorporar sin esfuerzo un bot\u00f3n de chat de WhatsApp en su sitio web, lo que permite a los visitantes iniciar conversaciones directas con el propietario del sitio. Los usuarios no solo pueden adaptar la apariencia del bot\u00f3n y la colocaci\u00f3n estrat\u00e9gica en su sitio, sino que el complemento tambi\u00e9n proporciona datos anal\u00edticos perspicaces, lo que facilita a los propietarios del sitio para monitorear los triunfos de su soporte de WhatsApp. En consecuencia, este complemento surge como una selecci\u00f3n id\u00edlica para las empresas que anhelan proporcionar a sus estimados clientes una experiencia de atenci\u00f3n al cliente m\u00e1s conveniente e individualizada.<\/p>\n<ul>\n<li>Permite a los usuarios integrar WhatsApp en su sitio web de WordPress para recibir atenci\u00f3n al cliente<\/li>\n<li>Crea una opci\u00f3n de chat de WhatsApp directa para los visitantes del sitio web<\/li>\n<li>Los usuarios pueden especificar mensajes personalizados para saludar a los visitantes en el chat de WhatsApp<\/li>\n<li>Proporciona soporte a m\u00faltiples agentes para trabajar en consultas de clientes<\/li>\n<li>Permite a los usuarios administrar chats y seguimientos desde un solo tablero<\/li>\n<li>Proporciona an\u00e1lisis e ideas sobre los datos de chat del cliente<\/li>\n<li>Se integra perfectamente con complementos populares de WordPress<\/li>\n<li>Ofrece una f\u00e1cil instalaci\u00f3n y configuraci\u00f3n para usuarios no t\u00e9cnicos<\/li>\n<li>Ofrece atenci\u00f3n al cliente receptiva y actualizaciones frecuentes<\/li>\n<li>Ayuda a aumentar la participaci\u00f3n y satisfacci\u00f3n del cliente.<\/li>\n<\/ul>\n","protected":false},"excerpt":{"rendered":"<p>Presentando el soporte de WordPress Whatsapp, un complemento notable que se integra perfectamente con su sitio web, lo que permite a sus estimados clientes conectarse sin esfuerzo con usted a trav\u00e9s de WhatsApp. Este complemento robusto le permite establecer sin esfuerzo un bot\u00f3n de chat de WhatsApp que se pueda incorporar a la perfecci\u00f3n en cualquier p\u00e1gina de su sitio web. En consecuencia, sus valiosos clientes pueden enviarle mensajes de manera r\u00e1pida y eficiente a usted, que se transmitir\u00e1n ampliamente a su cuenta de WhatsApp. \u00bfPor qu\u00e9 retrasar m\u00e1s? \u00a1Tome la iniciativa hoy y mejore sus esfuerzos de atenci\u00f3n al cliente con el notable soporte de WordPress WhatsApp!<\/p>\n","protected":false},"featured_media":168360,"comment_status":"open","ping_status":"open","template":"","meta":[],"product_brand":[2339],"product_cat":[1232,1206,1211],"product_tag":[1256],"class_list":{"0":"post-111243","1":"product","2":"type-product","3":"status-publish","4":"has-post-thumbnail","6":"product_brand-codecanyon","7":"product_cat-marketing-wordpress-plugins","8":"product_cat-plugins","9":"product_cat-wordpress-plugins","10":"product_tag-codecanyon","11":"member-discount","12":"discount-restricted","14":"first","15":"instock","16":"sale","17":"downloadable","18":"virtual","19":"sold-individually","20":"purchasable","21":"product-type-simple"},"_links":{"self":[{"href":"https:\/\/gpl-love.com\/es\/wp-json\/wp\/v2\/product\/111243","targetHints":{"allow":["GET"]}}],"collection":[{"href":"https:\/\/gpl-love.com\/es\/wp-json\/wp\/v2\/product"}],"about":[{"href":"https:\/\/gpl-love.com\/es\/wp-json\/wp\/v2\/types\/product"}],"replies":[{"embeddable":true,"href":"https:\/\/gpl-love.com\/es\/wp-json\/wp\/v2\/comments?post=111243"}],"wp:featuredmedia":[{"embeddable":true,"href":"https:\/\/gpl-love.com\/es\/wp-json\/wp\/v2\/media\/168360"}],"wp:attachment":[{"href":"https:\/\/gpl-love.com\/es\/wp-json\/wp\/v2\/media?parent=111243"}],"wp:term":[{"taxonomy":"product_brand","embeddable":true,"href":"https:\/\/gpl-love.com\/es\/wp-json\/wp\/v2\/product_brand?post=111243"},{"taxonomy":"product_cat","embeddable":true,"href":"https:\/\/gpl-love.com\/es\/wp-json\/wp\/v2\/product_cat?post=111243"},{"taxonomy":"product_tag","embeddable":true,"href":"https:\/\/gpl-love.com\/es\/wp-json\/wp\/v2\/product_tag?post=111243"}],"curies":[{"name":"wp","href":"https:\/\/api.w.org\/{rel}","templated":true}]}}